{"id":1733,"date":"2024-11-04T02:49:09","date_gmt":"2024-11-04T02:49:09","guid":{"rendered":"https:\/\/chandelier-yc.com\/?post_type=product&#038;p=1733"},"modified":"2024-11-04T02:49:09","modified_gmt":"2024-11-04T02:49:09","slug":"matching-table-and-floor-lamps-x101700","status":"publish","type":"product","link":"https:\/\/chandelier-yc.com\/fr\/manufacturer\/matching-table-and-floor-lamps-x101700\/","title":{"rendered":"Lampes de table et lampadaires assortis (x101700)"},"content":{"rendered":"<p data-sourcepos=\"1:1-1:163\">Les lampes de table et de sol assorties peuvent ajouter une touche d'\u00e9l\u00e9gance et de sophistication \u00e0 votre d\u00e9coration int\u00e9rieure. Voici quelques conseils pour choisir l'ensemble le mieux adapt\u00e9 \u00e0 votre espace :<\/p>\n<h3 data-sourcepos=\"3:1-3:24\"><strong>Lampes de table et lampadaires assortis Tenez compte de votre style :<\/strong><\/h3>\n<ul data-sourcepos=\"5:1-8:0\">\n<li data-sourcepos=\"5:1-5:92\"><strong>Moderne :<\/strong> Lignes \u00e9pur\u00e9es, design minimaliste, souvent en m\u00e9tal ou en verre.<\/li>\n<li data-sourcepos=\"6:1-6:98\"><strong>Traditionnel :<\/strong> D\u00e9tails orn\u00e9s, formes classiques, et souvent utilisation de mat\u00e9riaux tels que le bois ou la c\u00e9ramique.<\/li>\n<li data-sourcepos=\"7:1-8:0\"><strong>Transitionnel :<\/strong> Un m\u00e9lange de styles modernes et traditionnels, offrant un look \u00e9quilibr\u00e9 et polyvalent.<\/li>\n<\/ul>\n<h3 data-sourcepos=\"9:1-9:24\"><strong>Lampes de table et lampadaires assortis Facteurs \u00e0 prendre en compte :<\/strong><\/h3>\n<ul data-sourcepos=\"11:1-15:0\">\n<li data-sourcepos=\"11:1-11:64\"><strong>Taille :<\/strong> Veillez \u00e0 ce que les lampes soient proportionn\u00e9es \u00e0 la taille de la pi\u00e8ce.<\/li>\n<li data-sourcepos=\"12:1-12:87\"><strong>Finition :<\/strong> Choisissez une finition qui s'harmonise avec votre mobilier et votre palette de couleurs.<\/li>\n<li data-sourcepos=\"13:1-13:176\"><strong>Mat\u00e9riau de l'abat-jour :<\/strong> Le mat\u00e9riau de l'abat-jour peut influencer la qualit\u00e9 de la lumi\u00e8re. Les abat-jour en tissu offrent une lumi\u00e8re plus douce et diffuse, tandis que les abat-jour en verre ou en m\u00e9tal produisent un faisceau plus concentr\u00e9.<\/li>\n<li data-sourcepos=\"14:1-15:0\"><strong>Fonctionnalit\u00e9 :<\/strong> Tenez compte des besoins sp\u00e9cifiques de la pi\u00e8ce en mati\u00e8re d'\u00e9clairage. Un variateur de lumi\u00e8re peut \u00eatre utile pour r\u00e9gler l'intensit\u00e9 de la lumi\u00e8re.<\/li>\n<\/ul>\n<h3 data-sourcepos=\"16:1-16:36\"><strong>Styles populaires d'ensembles assortis :<\/strong><\/h3>\n<ul data-sourcepos=\"18:1-21:0\">\n<li data-sourcepos=\"18:1-18:92\"><strong>Moderne :<\/strong> Lignes \u00e9pur\u00e9es, design minimaliste, souvent en m\u00e9tal ou en verre.<\/li>\n<li data-sourcepos=\"19:1-19:98\"><strong>Traditionnel :<\/strong> D\u00e9tails orn\u00e9s, formes classiques, et souvent utilisation de mat\u00e9riaux tels que le bois ou la c\u00e9ramique.<\/li>\n<li data-sourcepos=\"20:1-21:0\"><strong>Transitionnel :<\/strong> Un m\u00e9lange de styles modernes et traditionnels, offrant un look \u00e9quilibr\u00e9 et polyvalent.<\/li>\n<\/ul>","protected":false},"excerpt":{"rendered":"<p>Taille du produit : \u03a6300MM*1700MM<\/p>\n<p>Poids du produit (kg) : 38,5<\/p>\n<p>Nombre de t\u00eates de lampe (pi\u00e8ces):8<\/p>\n<p>M\u00e9thode d'emballage : mousse+carton<\/p>","protected":false},"featured_media":1734,"template":"","meta":[],"product_brand":[],"product_cat":[41],"product_tag":[],"class_list":{"0":"post-1733","1":"product","2":"type-product","3":"status-publish","4":"has-post-thumbnail","6":"product_cat-table-lamp-and-floor-lamp-1","8":"first","9":"instock","10":"shipping-taxable","11":"product-type-simple"},"_links":{"self":[{"href":"https:\/\/chandelier-yc.com\/fr\/wp-json\/wp\/v2\/product\/1733"}],"collection":[{"href":"https:\/\/chandelier-yc.com\/fr\/wp-json\/wp\/v2\/product"}],"about":[{"href":"https:\/\/chandelier-yc.com\/fr\/wp-json\/wp\/v2\/types\/product"}],"wp:featuredmedia":[{"embeddable":true,"href":"https:\/\/chandelier-yc.com\/fr\/wp-json\/wp\/v2\/media\/1734"}],"wp:attachment":[{"href":"https:\/\/chandelier-yc.com\/fr\/wp-json\/wp\/v2\/media?parent=1733"}],"wp:term":[{"taxonomy":"product_brand","embeddable":true,"href":"https:\/\/chandelier-yc.com\/fr\/wp-json\/wp\/v2\/product_brand?post=1733"},{"taxonomy":"product_cat","embeddable":true,"href":"https:\/\/chandelier-yc.com\/fr\/wp-json\/wp\/v2\/product_cat?post=1733"},{"taxonomy":"product_tag","embeddable":true,"href":"https:\/\/chandelier-yc.com\/fr\/wp-json\/wp\/v2\/product_tag?post=1733"}],"curies":[{"name":"wp","href":"https:\/\/api.w.org\/{rel}","templated":true}]}}