{"id":1735,"date":"2024-11-04T02:57:24","date_gmt":"2024-11-04T02:57:24","guid":{"rendered":"https:\/\/chandelier-yc.com\/?post_type=product&#038;p=1735"},"modified":"2024-11-04T02:59:40","modified_gmt":"2024-11-04T02:59:40","slug":"table-and-floor-lamp-sets-lp600","status":"publish","type":"product","link":"https:\/\/chandelier-yc.com\/fr\/manufacturer\/table-and-floor-lamp-sets-lp600\/","title":{"rendered":"Ensemble de lampes de table et de lampadaires (LP600)"},"content":{"rendered":"<p data-sourcepos=\"1:1-1:189\">Les ensembles de lampes de table et de lampadaires constituent un moyen \u00e9l\u00e9gant et fonctionnel d'\u00e9clairer votre espace de vie. Il se compose d'un lampadaire et d'une lampe de table coordonn\u00e9s, qui partagent souvent une esth\u00e9tique similaire.<\/p>\n<h3 data-sourcepos=\"3:1-3:43\"><strong>Avantages d'un ensemble de lampes de table et de lampadaires :<\/strong><\/h3>\n<ul data-sourcepos=\"5:1-9:0\">\n<li data-sourcepos=\"5:1-5:90\"><strong>Conception coh\u00e9sive :<\/strong> Un ensemble assorti cr\u00e9e un look harmonieux et raffin\u00e9 dans votre pi\u00e8ce.<\/li>\n<li data-sourcepos=\"6:1-6:143\"><strong>\u00c9clairage polyvalent :<\/strong> La combinaison d'un lampadaire et d'une lampe de table offre \u00e0 la fois un \u00e9clairage d'ambiance et un \u00e9clairage d'appoint, ce qui permet de r\u00e9pondre \u00e0 diverses activit\u00e9s.<\/li>\n<li data-sourcepos=\"7:1-7:88\"><strong>Ambiance am\u00e9lior\u00e9e :<\/strong> Un \u00e9clairage bien plac\u00e9 peut cr\u00e9er une atmosph\u00e8re chaleureuse et accueillante.<\/li>\n<li data-sourcepos=\"8:1-9:0\"><strong>Coordination facile :<\/strong> Les ensembles assortis simplifient le processus de s\u00e9lection des luminaires compl\u00e9mentaires.<\/li>\n<\/ul>\n<h3 data-sourcepos=\"10:1-10:44\"><strong>Facteurs \u00e0 prendre en compte lors du choix d'une s\u00e9rie :<\/strong><\/h3>\n<ul data-sourcepos=\"12:1-17:0\">\n<li data-sourcepos=\"12:1-12:135\"><strong>Style :<\/strong> Tenez compte du d\u00e9cor de votre pi\u00e8ce et choisissez un ensemble qui s'harmonise avec son style, qu'il soit moderne, traditionnel ou transitionnel.<\/li>\n<li data-sourcepos=\"13:1-13:171\"><strong>Taille :<\/strong> Veillez \u00e0 ce que les lampes soient proportionn\u00e9es \u00e0 la taille de la pi\u00e8ce. Un grand lampadaire peut convenir \u00e0 des pi\u00e8ces spacieuses, tandis que des ensembles plus petits peuvent convenir \u00e0 des espaces confortables.<\/li>\n<li data-sourcepos=\"14:1-14:165\"><strong>Finition :<\/strong> Choisissez une finition qui s'harmonise avec votre mobilier et votre palette de couleurs. Les options les plus courantes sont le nickel bross\u00e9, le laiton et diverses finitions m\u00e9talliques.<\/li>\n<li data-sourcepos=\"15:1-15:176\"><strong>Mat\u00e9riau de l'abat-jour :<\/strong> Le mat\u00e9riau de l'abat-jour peut influencer la qualit\u00e9 de la lumi\u00e8re. Les abat-jour en tissu offrent une lumi\u00e8re plus douce et diffuse, tandis que les abat-jour en verre ou en m\u00e9tal produisent un faisceau plus concentr\u00e9.<\/li>\n<li data-sourcepos=\"16:1-17:0\"><strong>Fonctionnalit\u00e9 :<\/strong> Tenez compte des besoins sp\u00e9cifiques de la pi\u00e8ce en mati\u00e8re d'\u00e9clairage. Un variateur de lumi\u00e8re peut \u00eatre utile pour r\u00e9gler l'intensit\u00e9 de la lumi\u00e8re.<\/li>\n<\/ul>\n<h3 data-sourcepos=\"18:1-18:48\"><strong>Styles populaires de lampes de table et de lampadaires :<\/strong><\/h3>\n<ul data-sourcepos=\"20:1-23:0\">\n<li data-sourcepos=\"20:1-20:92\"><strong>Moderne :<\/strong> Lignes \u00e9pur\u00e9es, design minimaliste, souvent en m\u00e9tal ou en verre.<\/li>\n<li data-sourcepos=\"21:1-21:98\"><strong>Traditionnel :<\/strong> D\u00e9tails orn\u00e9s, formes classiques, et souvent utilisation de mat\u00e9riaux tels que le bois ou la c\u00e9ramique.<\/li>\n<li data-sourcepos=\"22:1-23:0\"><strong>Transitionnel :<\/strong> Un m\u00e9lange de styles modernes et traditionnels, offrant un look \u00e9quilibr\u00e9 et polyvalent.<\/li>\n<\/ul>","protected":false},"excerpt":{"rendered":"<p>Taille du produit : \u03a6330MM*600MM<\/p>\n<p>Poids du produit (kg) : 25,39<\/p>\n<p>Nombre de t\u00eates de lampe (pi\u00e8ces):1<\/p>\n<p>M\u00e9thode d'emballage : mousse+carton<\/p>","protected":false},"featured_media":1736,"template":"","meta":[],"product_brand":[],"product_cat":[41],"product_tag":[],"class_list":{"0":"post-1735","1":"product","2":"type-product","3":"status-publish","4":"has-post-thumbnail","6":"product_cat-table-lamp-and-floor-lamp-1","8":"first","9":"instock","10":"shipping-taxable","11":"product-type-simple"},"_links":{"self":[{"href":"https:\/\/chandelier-yc.com\/fr\/wp-json\/wp\/v2\/product\/1735"}],"collection":[{"href":"https:\/\/chandelier-yc.com\/fr\/wp-json\/wp\/v2\/product"}],"about":[{"href":"https:\/\/chandelier-yc.com\/fr\/wp-json\/wp\/v2\/types\/product"}],"wp:featuredmedia":[{"embeddable":true,"href":"https:\/\/chandelier-yc.com\/fr\/wp-json\/wp\/v2\/media\/1736"}],"wp:attachment":[{"href":"https:\/\/chandelier-yc.com\/fr\/wp-json\/wp\/v2\/media?parent=1735"}],"wp:term":[{"taxonomy":"product_brand","embeddable":true,"href":"https:\/\/chandelier-yc.com\/fr\/wp-json\/wp\/v2\/product_brand?post=1735"},{"taxonomy":"product_cat","embeddable":true,"href":"https:\/\/chandelier-yc.com\/fr\/wp-json\/wp\/v2\/product_cat?post=1735"},{"taxonomy":"product_tag","embeddable":true,"href":"https:\/\/chandelier-yc.com\/fr\/wp-json\/wp\/v2\/product_tag?post=1735"}],"curies":[{"name":"wp","href":"https:\/\/api.w.org\/{rel}","templated":true}]}}