{"id":1742,"date":"2024-11-04T03:25:16","date_gmt":"2024-11-04T03:25:16","guid":{"rendered":"https:\/\/chandelier-yc.com\/?post_type=product&#038;p=1742"},"modified":"2024-11-04T03:25:16","modified_gmt":"2024-11-04T03:25:16","slug":"modern-floor-and-table-lamp-set-kg500","status":"publish","type":"product","link":"https:\/\/chandelier-yc.com\/fr\/manufacturer\/modern-floor-and-table-lamp-set-kg500\/","title":{"rendered":"Lampadaire et lampe \u00e0 poser modernes (KG500)"},"content":{"rendered":"<p data-sourcepos=\"1:1-1:126\">Les lampadaires et lampes de table modernes peuvent rehausser le style et la fonctionnalit\u00e9 de votre espace de vie. Voici quelques options populaires :<\/p>\n<h3 data-sourcepos=\"3:1-3:16\"><strong>Lampadaires et lampes de table modernes :<\/strong><\/h3>\n<ul data-sourcepos=\"5:1-8:0\">\n<li data-sourcepos=\"5:1-5:102\"><strong>\u00c9l\u00e9gant et minimaliste :<\/strong> Lignes \u00e9pur\u00e9es, couleurs neutres, souvent en m\u00e9tal ou en verre.<\/li>\n<li data-sourcepos=\"6:1-6:77\"><strong>G\u00e9om\u00e9trique :<\/strong> Les formes g\u00e9om\u00e9triques en gras, telles que les sph\u00e8res, les cubes ou les cylindres.<\/li>\n<li data-sourcepos=\"7:1-8:0\"><strong>Industriel :<\/strong> Des mat\u00e9riaux bruts comme le m\u00e9tal et le bois, avec des ampoules apparentes ou des abat-jour en forme de cage.<\/li>\n<\/ul>\n<h3 data-sourcepos=\"9:1-9:24\"><strong>Facteurs \u00e0 prendre en compte :<\/strong><\/h3>\n<ul data-sourcepos=\"11:1-16:0\">\n<li data-sourcepos=\"11:1-11:61\"><strong>Style :<\/strong> Choisissez un ensemble qui s'harmonise avec le d\u00e9cor de votre pi\u00e8ce.<\/li>\n<li data-sourcepos=\"12:1-12:64\"><strong>Taille :<\/strong> Veillez \u00e0 ce que les lampes soient proportionn\u00e9es \u00e0 la taille de la pi\u00e8ce.<\/li>\n<li data-sourcepos=\"13:1-13:79\"><strong>Finition :<\/strong> Choisissez une finition qui s'harmonise avec votre mobilier et votre palette de couleurs.<\/li>\n<li data-sourcepos=\"14:1-14:114\"><strong>Mat\u00e9riau de l'abat-jour :<\/strong> Les abat-jours en tissu offrent une lumi\u00e8re plus douce, tandis que les abat-jours en verre ou en m\u00e9tal produisent un faisceau plus concentr\u00e9.<\/li>\n<li data-sourcepos=\"15:1-16:0\"><strong>Fonctionnalit\u00e9 :<\/strong> Tenez compte des besoins sp\u00e9cifiques de la pi\u00e8ce en mati\u00e8re d'\u00e9clairage.<\/li>\n<\/ul>","protected":false},"excerpt":{"rendered":"<p>Taille du produit : \u03a6500MM*600MM<\/p>\n<p>Poids du produit (kg) : 21,74<\/p>\n<p>Nombre de t\u00eates de lampe (pi\u00e8ces):4<\/p>\n<p>M\u00e9thode d'emballage : mousse+carton<\/p>","protected":false},"featured_media":1743,"template":"","meta":[],"product_brand":[],"product_cat":[41],"product_tag":[],"class_list":{"0":"post-1742","1":"product","2":"type-product","3":"status-publish","4":"has-post-thumbnail","6":"product_cat-table-lamp-and-floor-lamp-1","8":"first","9":"instock","10":"shipping-taxable","11":"product-type-simple"},"_links":{"self":[{"href":"https:\/\/chandelier-yc.com\/fr\/wp-json\/wp\/v2\/product\/1742"}],"collection":[{"href":"https:\/\/chandelier-yc.com\/fr\/wp-json\/wp\/v2\/product"}],"about":[{"href":"https:\/\/chandelier-yc.com\/fr\/wp-json\/wp\/v2\/types\/product"}],"wp:featuredmedia":[{"embeddable":true,"href":"https:\/\/chandelier-yc.com\/fr\/wp-json\/wp\/v2\/media\/1743"}],"wp:attachment":[{"href":"https:\/\/chandelier-yc.com\/fr\/wp-json\/wp\/v2\/media?parent=1742"}],"wp:term":[{"taxonomy":"product_brand","embeddable":true,"href":"https:\/\/chandelier-yc.com\/fr\/wp-json\/wp\/v2\/product_brand?post=1742"},{"taxonomy":"product_cat","embeddable":true,"href":"https:\/\/chandelier-yc.com\/fr\/wp-json\/wp\/v2\/product_cat?post=1742"},{"taxonomy":"product_tag","embeddable":true,"href":"https:\/\/chandelier-yc.com\/fr\/wp-json\/wp\/v2\/product_tag?post=1742"}],"curies":[{"name":"wp","href":"https:\/\/api.w.org\/{rel}","templated":true}]}}