{"id":1746,"date":"2024-11-04T03:50:45","date_gmt":"2024-11-04T03:50:45","guid":{"rendered":"https:\/\/chandelier-yc.com\/?post_type=product&#038;p=1746"},"modified":"2024-11-04T03:50:45","modified_gmt":"2024-11-04T03:50:45","slug":"floor-lamp-and-table-lamp-wl2410","status":"publish","type":"product","link":"https:\/\/chandelier-yc.com\/fr\/manufacturer\/floor-lamp-and-table-lamp-wl2410\/","title":{"rendered":"Lampadaire et lampe \u00e0 poser (WL2410)"},"content":{"rendered":"<p data-sourcepos=\"1:1-1:171\">Les lampadaires et les lampes de table sont des \u00e9l\u00e9ments essentiels de la d\u00e9coration int\u00e9rieure, car ils offrent un \u00e9clairage fonctionnel et un attrait esth\u00e9tique. Voici un aper\u00e7u de leurs principales caract\u00e9ristiques et de leurs avantages :<\/p>\n<h3 data-sourcepos=\"3:1-3:15\"><strong>Lampadaire et lampe de table :<\/strong><\/h3>\n<ul data-sourcepos=\"5:1-13:0\">\n<li data-sourcepos=\"5:1-5:141\"><strong>\u00c9clairage polyvalent :<\/strong> Les lampadaires offrent une grande souplesse d'installation et peuvent \u00eatre utilis\u00e9s pour \u00e9clairer des zones sp\u00e9cifiques ou cr\u00e9er un \u00e9clairage d'ambiance.<\/li>\n<li data-sourcepos=\"6:1-6:73\"><strong>Gain de place :<\/strong> Id\u00e9al pour les petites pi\u00e8ces ou les espaces d\u00e9pourvus de tables d'appoint.<\/li>\n<li data-sourcepos=\"7:1-7:107\"><strong>Pi\u00e8ces d'apparat :<\/strong> Ils peuvent servir de points d'attraction dans une pi\u00e8ce, en particulier avec des motifs uniques ou des couleurs vives.<\/li>\n<li data-sourcepos=\"8:1-13:0\"><strong>Types :<\/strong>\n<ul data-sourcepos=\"9:5-13:0\">\n<li data-sourcepos=\"9:5-9:79\"><strong>Lampe \u00e0 arc :<\/strong> Un design classique avec un bras courb\u00e9 pour un \u00e9clairage r\u00e9glable.<\/li>\n<li data-sourcepos=\"10:5-10:86\"><strong>Torch\u00e8re :<\/strong> Une lampe haute et mince qui fournit une lumi\u00e8re indirecte, orient\u00e9e vers le haut.<\/li>\n<li data-sourcepos=\"11:5-11:76\"><strong>Lampadaire tr\u00e9pied :<\/strong> Une option \u00e9l\u00e9gante et polyvalente avec trois pieds.<\/li>\n<li data-sourcepos=\"12:5-13:0\"><strong>Lampadaire avec \u00e9tag\u00e8re :<\/strong> Un design fonctionnel qui comprend une \u00e9tag\u00e8re int\u00e9gr\u00e9e.<\/li>\n<\/ul>\n<\/li>\n<\/ul>\n<h3 data-sourcepos=\"14:1-14:15\"><strong>Lampes de table<\/strong><\/h3>\n<ul data-sourcepos=\"16:1-23:0\">\n<li data-sourcepos=\"16:1-16:76\"><strong>\u00c9clairage de travail :<\/strong> Parfait pour lire, \u00e9crire ou travailler sur un ordinateur.<\/li>\n<li data-sourcepos=\"17:1-17:89\"><strong>\u00c9l\u00e9ment d\u00e9coratif :<\/strong> Peut ajouter une touche de style aux tables d'appoint, aux tables de nuit ou aux bureaux.<\/li>\n<li data-sourcepos=\"18:1-18:68\"><strong>Compact et portable :<\/strong> Facile \u00e0 d\u00e9placer et \u00e0 red\u00e9corer.<\/li>\n<\/ul>","protected":false},"excerpt":{"rendered":"<p>Product size:L1304MM*W220MM*H2410MM<\/p>\n<p>Product weight (kg):173<\/p>\n<p>Nombre de t\u00eates de lampe (pi\u00e8ces):LED<\/p>\n<p>M\u00e9thode d'emballage : mousse+carton+plaque d'insertion<\/p>","protected":false},"featured_media":1747,"template":"","meta":[],"product_brand":[],"product_cat":[41],"product_tag":[],"class_list":{"0":"post-1746","1":"product","2":"type-product","3":"status-publish","4":"has-post-thumbnail","6":"product_cat-table-lamp-and-floor-lamp-1","8":"first","9":"instock","10":"shipping-taxable","11":"product-type-simple"},"_links":{"self":[{"href":"https:\/\/chandelier-yc.com\/fr\/wp-json\/wp\/v2\/product\/1746"}],"collection":[{"href":"https:\/\/chandelier-yc.com\/fr\/wp-json\/wp\/v2\/product"}],"about":[{"href":"https:\/\/chandelier-yc.com\/fr\/wp-json\/wp\/v2\/types\/product"}],"wp:featuredmedia":[{"embeddable":true,"href":"https:\/\/chandelier-yc.com\/fr\/wp-json\/wp\/v2\/media\/1747"}],"wp:attachment":[{"href":"https:\/\/chandelier-yc.com\/fr\/wp-json\/wp\/v2\/media?parent=1746"}],"wp:term":[{"taxonomy":"product_brand","embeddable":true,"href":"https:\/\/chandelier-yc.com\/fr\/wp-json\/wp\/v2\/product_brand?post=1746"},{"taxonomy":"product_cat","embeddable":true,"href":"https:\/\/chandelier-yc.com\/fr\/wp-json\/wp\/v2\/product_cat?post=1746"},{"taxonomy":"product_tag","embeddable":true,"href":"https:\/\/chandelier-yc.com\/fr\/wp-json\/wp\/v2\/product_tag?post=1746"}],"curies":[{"name":"wp","href":"https:\/\/api.w.org\/{rel}","templated":true}]}}