{"id":1748,"date":"2024-11-04T03:55:17","date_gmt":"2024-11-04T03:55:17","guid":{"rendered":"https:\/\/chandelier-yc.com\/?post_type=product&#038;p=1748"},"modified":"2024-11-04T03:55:17","modified_gmt":"2024-11-04T03:55:17","slug":"farmhouse-style-floor-lamp-and-table-lamp-set-%ef%bc%88wl301330%ef%bc%89","status":"publish","type":"product","link":"https:\/\/chandelier-yc.com\/fr\/manufacturer\/farmhouse-style-floor-lamp-and-table-lamp-set-\uff08wl301330\uff09\/","title":{"rendered":"Lampadaire et lampe de table style maison de campagne \uff08WL301330\uff09"},"content":{"rendered":"<p data-sourcepos=\"1:1-1:207\">L'ensemble lampadaire et lampe de table de style Farmhouse est un choix populaire pour ajouter une touche de charme rustique \u00e0 votre d\u00e9coration int\u00e9rieure. Ils se caract\u00e9risent souvent par des finitions en bois vieilli, des mat\u00e9riaux naturels et des lignes simples et \u00e9pur\u00e9es.<\/p>\n<h3 data-sourcepos=\"3:1-3:76\"><strong>Voici quelques exemples de lampadaires et de lampes de table de style Farmhouse :<\/strong><\/h3>\n<ul data-sourcepos=\"5:1-10:0\">\n<li data-sourcepos=\"5:1-5:88\"><strong>Finitions en bois vieilli :<\/strong> Ces finitions conf\u00e8rent aux lampes un aspect vieilli et alt\u00e9r\u00e9.<\/li>\n<li data-sourcepos=\"6:1-6:101\"><strong>Mat\u00e9riaux naturels :<\/strong> Le bois, le m\u00e9tal et le lin sont des mat\u00e9riaux couramment utilis\u00e9s dans les lampes de style fermier.<\/li>\n<li data-sourcepos=\"7:1-7:101\"><strong>Formes simples :<\/strong> Les lignes \u00e9pur\u00e9es et les conceptions simples sont caract\u00e9ristiques du style \"farmhouse\".<\/li>\n<li data-sourcepos=\"8:1-8:98\"><strong>Couleurs neutres :<\/strong> Le blanc, le beige, le marron et le gris sont des couleurs populaires pour les lampes de ferme.<\/li>\n<li data-sourcepos=\"9:1-10:0\"><strong>Abat-jour en tissu :<\/strong> Souvent fabriqu\u00e9s en lin ou en coton, ces abat-jour procurent une lumi\u00e8re douce et diffuse.<\/li>\n<\/ul>\n<h3 data-sourcepos=\"11:1-11:44\"><strong>O\u00f9 trouver des ensembles de lampes de style maison de campagne :<\/strong><\/h3>\n<ul data-sourcepos=\"13:1-16:0\">\n<li data-sourcepos=\"13:1-13:98\"><strong>Magasins de meubles :<\/strong> De nombreux magasins d'ameublement proposent une vari\u00e9t\u00e9 d'\u00e9clairages de style fermier.<\/li>\n<li data-sourcepos=\"14:1-14:102\"><strong>Magasins de d\u00e9coration int\u00e9rieure :<\/strong> Des magasins comme HomeGoods, Target et Walmart proposent souvent des lampes de style fermier.<\/li>\n<li data-sourcepos=\"15:1-16:0\"><strong>D\u00e9taillants en ligne :<\/strong> Des sites Web comme Amazon, Wayfair et Overstock proposent une large s\u00e9lection de lampes de style maison de campagne.<\/li>\n<\/ul>","protected":false},"excerpt":{"rendered":"<p>Product size:\u03a6660MM*1330MM<\/p>\n<p>Product weight (kg):225<\/p>\n<p>Nombre de t\u00eates de lampe (pi\u00e8ces):LED<\/p>\n<p>M\u00e9thode d'emballage : mousse+carton+plaque d'insertion<\/p>","protected":false},"featured_media":1749,"template":"","meta":[],"product_brand":[],"product_cat":[41],"product_tag":[],"class_list":{"0":"post-1748","1":"product","2":"type-product","3":"status-publish","4":"has-post-thumbnail","6":"product_cat-table-lamp-and-floor-lamp-1","8":"first","9":"instock","10":"shipping-taxable","11":"product-type-simple"},"_links":{"self":[{"href":"https:\/\/chandelier-yc.com\/fr\/wp-json\/wp\/v2\/product\/1748"}],"collection":[{"href":"https:\/\/chandelier-yc.com\/fr\/wp-json\/wp\/v2\/product"}],"about":[{"href":"https:\/\/chandelier-yc.com\/fr\/wp-json\/wp\/v2\/types\/product"}],"wp:featuredmedia":[{"embeddable":true,"href":"https:\/\/chandelier-yc.com\/fr\/wp-json\/wp\/v2\/media\/1749"}],"wp:attachment":[{"href":"https:\/\/chandelier-yc.com\/fr\/wp-json\/wp\/v2\/media?parent=1748"}],"wp:term":[{"taxonomy":"product_brand","embeddable":true,"href":"https:\/\/chandelier-yc.com\/fr\/wp-json\/wp\/v2\/product_brand?post=1748"},{"taxonomy":"product_cat","embeddable":true,"href":"https:\/\/chandelier-yc.com\/fr\/wp-json\/wp\/v2\/product_cat?post=1748"},{"taxonomy":"product_tag","embeddable":true,"href":"https:\/\/chandelier-yc.com\/fr\/wp-json\/wp\/v2\/product_tag?post=1748"}],"curies":[{"name":"wp","href":"https:\/\/api.w.org\/{rel}","templated":true}]}}