{"id":1750,"date":"2024-11-04T06:22:58","date_gmt":"2024-11-04T06:22:58","guid":{"rendered":"https:\/\/chandelier-yc.com\/?post_type=product&#038;p=1750"},"modified":"2024-11-04T06:22:58","modified_gmt":"2024-11-04T06:22:58","slug":"table-lamp-clear-glass-wl1107","status":"publish","type":"product","link":"https:\/\/chandelier-yc.com\/fr\/manufacturer\/table-lamp-clear-glass-wl1107\/","title":{"rendered":"Lampe de table verre clair (WL1107)"},"content":{"rendered":"<p data-sourcepos=\"1:1-1:226\">Les lampes de table en verre transparent sont un choix populaire pour ajouter une touche d'\u00e9l\u00e9gance et de sophistication \u00e0 n'importe quelle pi\u00e8ce. Elles existent dans une grande vari\u00e9t\u00e9 de styles, du minimaliste \u00e0 l'orn\u00e9, et peuvent \u00eatre utilis\u00e9es pour cr\u00e9er une vari\u00e9t\u00e9 d'effets d'\u00e9clairage.<\/p>\n<h3 data-sourcepos=\"3:1-3:67\"><strong>Voici quelques-uns des avantages de l'utilisation de Table Lamp Clear Glass :<\/strong><\/h3>\n<ul data-sourcepos=\"5:1-9:0\">\n<li data-sourcepos=\"5:1-5:119\"><strong>Polyvalence :<\/strong> Les lampes en verre transparent s'adaptent \u00e0 un large \u00e9ventail de styles de d\u00e9coration int\u00e9rieure, du moderne au traditionnel.<\/li>\n<li data-sourcepos=\"6:1-6:128\"><strong>Diffusion de la lumi\u00e8re :<\/strong> Le verre transparent laisse passer la lumi\u00e8re et la diffuse uniform\u00e9ment, cr\u00e9ant ainsi une atmosph\u00e8re douce et accueillante.<\/li>\n<li data-sourcepos=\"7:1-7:139\"><strong>Int\u00e9r\u00eat visuel :<\/strong> La transparence du verre peut ajouter un int\u00e9r\u00eat visuel \u00e0 une pi\u00e8ce, en particulier lorsqu'il est associ\u00e9 \u00e0 une base ou \u00e0 un abat-jour unique.<\/li>\n<li data-sourcepos=\"8:1-9:0\"><strong>Facile \u00e0 nettoyer :<\/strong> Le verre transparent est facile \u00e0 nettoyer et \u00e0 entretenir.<\/li>\n<\/ul>\n<h3><strong>Voici quelques conseils pour choisir la bonne lampe de table en verre transparent :<\/strong><\/h3>\n<ul data-sourcepos=\"12:1-16:0\">\n<li data-sourcepos=\"12:1-12:101\"><strong>Tenez compte du style de votre pi\u00e8ce :<\/strong> Choisissez une lampe qui s'harmonise avec le style g\u00e9n\u00e9ral de votre pi\u00e8ce.<\/li>\n<li data-sourcepos=\"13:1-13:87\"><strong>Pensez \u00e0 la taille de votre pi\u00e8ce :<\/strong> Une lampe plus grande peut \u00eatre n\u00e9cessaire pour une pi\u00e8ce plus grande.<\/li>\n<li data-sourcepos=\"14:1-14:105\"><strong>D\u00e9terminez le type de lumi\u00e8re dont vous avez besoin :<\/strong> Souhaitez-vous une liseuse lumineuse ou une lumi\u00e8re d'ambiance plus douce ?<\/li>\n<li data-sourcepos=\"15:1-16:0\"><strong>Choisissez la bonne hauteur :<\/strong> La hauteur de la lampe doit \u00eatre adapt\u00e9e \u00e0 la pi\u00e8ce et \u00e0 la t\u00e2che que vous souhaitez accomplir.<\/li>\n<\/ul>\n<h3 data-sourcepos=\"17:1-17:60\"><strong>Voici quelques styles populaires de lampes de table en verre transparent :<\/strong><\/h3>\n<ul data-sourcepos=\"19:1-23:0\">\n<li data-sourcepos=\"19:1-19:91\"><strong>Minimaliste :<\/strong> Ces lampes pr\u00e9sentent des lignes simples et \u00e9pur\u00e9es et ont souvent une base minimaliste.<\/li>\n<li data-sourcepos=\"20:1-20:96\"><strong>Art d\u00e9co :<\/strong> Ces lampes se caract\u00e9risent par leurs formes g\u00e9om\u00e9triques et leurs mat\u00e9riaux luxueux.<\/li>\n<li data-sourcepos=\"21:1-21:73\"><strong>Traditionnel :<\/strong> Ces lampes ont souvent des bases orn\u00e9es et des abat-jours en tissu.<\/li>\n<li data-sourcepos=\"22:1-23:0\"><strong>Moderne :<\/strong> Ces lampes pr\u00e9sentent un design \u00e9pur\u00e9 et contemporain et utilisent souvent un \u00e9clairage LED.<\/li>\n<\/ul>","protected":false},"excerpt":{"rendered":"<p>Taille du produit : \u03a61107MM*420MM<\/p>\n<p>Poids du produit (kg) : 149,5<\/p>\n<p>Nombre de t\u00eates de lampe (pi\u00e8ces):LED<\/p>\n<p>M\u00e9thode d'emballage : mousse+carton+plaque d'insertion<\/p>","protected":false},"featured_media":1751,"template":"","meta":[],"product_brand":[],"product_cat":[42],"product_tag":[],"class_list":{"0":"post-1750","1":"product","2":"type-product","3":"status-publish","4":"has-post-thumbnail","6":"product_cat-light-up-dinner-table-1","8":"first","9":"instock","10":"shipping-taxable","11":"product-type-simple"},"_links":{"self":[{"href":"https:\/\/chandelier-yc.com\/fr\/wp-json\/wp\/v2\/product\/1750"}],"collection":[{"href":"https:\/\/chandelier-yc.com\/fr\/wp-json\/wp\/v2\/product"}],"about":[{"href":"https:\/\/chandelier-yc.com\/fr\/wp-json\/wp\/v2\/types\/product"}],"wp:featuredmedia":[{"embeddable":true,"href":"https:\/\/chandelier-yc.com\/fr\/wp-json\/wp\/v2\/media\/1751"}],"wp:attachment":[{"href":"https:\/\/chandelier-yc.com\/fr\/wp-json\/wp\/v2\/media?parent=1750"}],"wp:term":[{"taxonomy":"product_brand","embeddable":true,"href":"https:\/\/chandelier-yc.com\/fr\/wp-json\/wp\/v2\/product_brand?post=1750"},{"taxonomy":"product_cat","embeddable":true,"href":"https:\/\/chandelier-yc.com\/fr\/wp-json\/wp\/v2\/product_cat?post=1750"},{"taxonomy":"product_tag","embeddable":true,"href":"https:\/\/chandelier-yc.com\/fr\/wp-json\/wp\/v2\/product_tag?post=1750"}],"curies":[{"name":"wp","href":"https:\/\/api.w.org\/{rel}","templated":true}]}}