{"id":1885,"date":"2024-11-07T02:05:46","date_gmt":"2024-11-07T02:05:46","guid":{"rendered":"https:\/\/chandelier-yc.com\/?page_id=1885"},"modified":"2024-11-27T03:44:15","modified_gmt":"2024-11-27T03:44:15","slug":"hanging-chandelier","status":"publish","type":"page","link":"https:\/\/chandelier-yc.com\/pt\/hanging-chandelier\/","title":{"rendered":"Produtos"},"content":{"rendered":"<div class=\"banner has-hover has-parallax\" id=\"banner-2005156239\">\n          <div class=\"banner-inner fill\">\n        <div class=\"banner-bg fill\" data-parallax=\"-3\" data-parallax-container=\".banner\" data-parallax-background>\n            <div class=\"bg fill bg-fill\"><\/div>\n                                    \n                    <\/div>\n\t\t\n        <div class=\"banner-layers container\">\n            <div class=\"fill banner-link\"><\/div>            \n   <div id=\"text-box-902849231\" class=\"text-box banner-layer x50 md-x10 lg-x10 y50 md-y50 lg-y50 res-text\">\n                     <div data-animate=\"fadeInLeft\">           <div class=\"text-box-content text dark\">\n              \n              <div class=\"text-inner text-center\">\n                  \n\t<div id=\"text-2162264976\" class=\"text\">\n\t\t\n<h1>Lustre suspenso<\/h1>\n\t\t\n<style>\n#text-2162264976 {\n  color: rgb(255,255,255);\n}\n#text-2162264976 > * {\n  color: rgb(255,255,255);\n}\n<\/style>\n\t<\/div>\n\t\n              <\/div>\n           <\/div>\n       <\/div>                     \n<style>\n#text-box-902849231 {\n  width: 80%;\n}\n#text-box-902849231 .text-box-content {\n  font-size: 100%;\n}\n@media (min-width:550px) {\n  #text-box-902849231 {\n    width: 72%;\n  }\n}\n<\/style>\n    <\/div>\n \n        <\/div>\n      <\/div>\n\n            \n<style>\n#banner-2005156239 {\n  padding-top: 35.25%;\n}\n#banner-2005156239 .bg.bg-loaded {\n  background-image: url(https:\/\/chandelier-yc.com\/wp-content\/uploads\/2024\/11\/800-scaled.jpg);\n}\n#banner-2005156239 .overlay {\n  background-color: rgba(0, 0, 0, 0.3);\n}\n#banner-2005156239 .bg {\n  background-position: 86% 100%;\n}\n<\/style>\n  <\/div>\n\n\n\t<section class=\"section\" id=\"section_567834880\">\n\t\t<div class=\"bg section-bg fill bg-fill  bg-loaded\" >\n\n\t\t\t\n\t\t\t\n\t\t\t\n\n\t\t<\/div>\n\n\t\t\n\n\t\t<div class=\"section-content relative\">\n\t\t\t\n<div class=\"row\"  id=\"row-391227490\">\n\n\t<div id=\"col-1998336515\" class=\"col medium-6 small-12 large-6\"  >\n\t\t\t\t<div class=\"col-inner\"  >\n\t\t\t\n\t\t\t\n<h2 style=\"text-align: left;\">Lustres suspensos - O ep\u00edtome da eleg\u00e2ncia intemporal<\/h2>\n<p data-sourcepos=\"3:1-3:198\">Um candeeiro suspenso \u00e9 uma lumin\u00e1ria cl\u00e1ssica que pode elevar o ambiente de qualquer divis\u00e3o. Normalmente, \u00e9 suspenso no teto, apresentando frequentemente v\u00e1rias fontes de luz e designs complexos.<\/p>\n<p data-sourcepos=\"5:1-5:40\"><strong>Carater\u00edsticas principais dos lustres suspensos:<\/strong><\/p>\n<ul data-sourcepos=\"7:1-11:0\">\n<li data-sourcepos=\"7:1-7:117\"><strong>Design vers\u00e1til:<\/strong> Dispon\u00edvel em v\u00e1rios estilos, do tradicional ao moderno, para se adaptar a diferentes prefer\u00eancias de decora\u00e7\u00e3o.<\/li>\n<li data-sourcepos=\"8:1-8:117\"><strong>Ilumina\u00e7\u00e3o elegante:<\/strong> Cria uma atmosfera calorosa e convidativa, perfeita para salas de jantar, salas de estar e quartos.<\/li>\n<li data-sourcepos=\"9:1-9:71\"><strong>M\u00faltiplas fontes de luz:<\/strong> Proporciona uma ilumina\u00e7\u00e3o ampla da divis\u00e3o.<\/li>\n<li data-sourcepos=\"10:1-11:0\"><strong>Personaliz\u00e1vel:<\/strong> Pode ser personalizada com diferentes acabamentos, materiais e l\u00e2mpadas para corresponder ao seu gosto pessoal.<\/li>\n<\/ul>\n\t\t<\/div>\n\t\t\t\t\t<\/div>\n\n\t\n\n\t<div id=\"col-822370339\" class=\"col medium-6 small-12 large-6\"  >\n\t\t\t\t<div class=\"col-inner\"  >\n\t\t\t\n\t\t\t\n\t<div class=\"img has-hover x md-x lg-x y md-y lg-y\" id=\"image_1106990670\">\n\t\t<a class=\"\" href=\"https:\/\/chandelier-yc.com\/pt\/manufacturer\/chandelier-large-crystal-\uff08at930\uff09\/\" >\t\t\t\t\t\t<div class=\"img-inner image-cover dark\" style=\"padding-top:75%;\">\n\t\t\t<img loading=\"lazy\" decoding=\"async\" width=\"1920\" height=\"812\" src=\"https:\/\/chandelier-yc.com\/wp-content\/uploads\/2024\/11\/565.jpg\" class=\"attachment-original size-original\" alt=\"Lustre Produtos do fabricante\" srcset=\"https:\/\/chandelier-yc.com\/wp-content\/uploads\/2024\/11\/565.jpg 1920w, https:\/\/chandelier-yc.com\/wp-content\/uploads\/2024\/11\/565-300x127.jpg 300w, https:\/\/chandelier-yc.com\/wp-content\/uploads\/2024\/11\/565-1024x433.jpg 1024w, https:\/\/chandelier-yc.com\/wp-content\/uploads\/2024\/11\/565-768x325.jpg 768w, https:\/\/chandelier-yc.com\/wp-content\/uploads\/2024\/11\/565-1536x650.jpg 1536w, https:\/\/chandelier-yc.com\/wp-content\/uploads\/2024\/11\/565-18x8.jpg 18w, https:\/\/chandelier-yc.com\/wp-content\/uploads\/2024\/11\/565-600x254.jpg 600w\" sizes=\"(max-width: 1920px) 100vw, 1920px\" title=\"\">\t\t\t\t\t\t\n\t\t\t\t\t<\/div>\n\t\t\t\t\t\t<\/a>\t\t\n<style>\n#image_1106990670 {\n  width: 100%;\n}\n<\/style>\n\t<\/div>\n\t\n\t\t<\/div>\n\t\t\t\t\t<\/div>\n\n\t\n<\/div>\n\t\t<\/div>\n\n\t\t\n<style>\n#section_567834880 {\n  padding-top: 30px;\n  padding-bottom: 30px;\n}\n<\/style>\n\t<\/section>\n\t\n\t<section class=\"section\" id=\"section_1069089144\">\n\t\t<div class=\"bg section-bg fill bg-fill  bg-loaded\" >\n\n\t\t\t\n\t\t\t\n\t\t\t\n\n\t\t<\/div>\n\n\t\t\n\n\t\t<div class=\"section-content relative\">\n\t\t\t\n<div class=\"row\"  id=\"row-1067649684\">\n\n\t<div id=\"col-1646254473\" class=\"col small-12 large-12\"  >\n\t\t\t\t<div class=\"col-inner\"  >\n\t\t\t\n\t\t\t\n<h2 style=\"text-align: center;\">Personalize o seu candeeiro suspenso ideal<\/h2>\n\t\t<\/div>\n\t\t\t\t\t<\/div>\n\n\t\n<\/div>\n<div class=\"row\"  id=\"row-1046024176\">\n\n\t<div id=\"col-187163565\" class=\"col medium-6 small-12 large-6\"  >\n\t\t\t\t<div class=\"col-inner\"  >\n\t\t\t\n\t\t\t\n\t<div class=\"img has-hover x md-x lg-x y md-y lg-y\" id=\"image_1435461632\">\n\t\t\t\t\t\t\t\t<div class=\"img-inner dark\" >\n\t\t\t<img loading=\"lazy\" decoding=\"async\" width=\"1020\" height=\"765\" src=\"https:\/\/chandelier-yc.com\/wp-content\/uploads\/2024\/11\/Tropika-club_-Best-Lighting-Shops-in-Singapore-1-1024x768.jpg\" class=\"attachment-large size-large\" alt=\"Fabricante de candelabros\" srcset=\"https:\/\/chandelier-yc.com\/wp-content\/uploads\/2024\/11\/Tropika-club_-Best-Lighting-Shops-in-Singapore-1-1024x768.jpg 1024w, https:\/\/chandelier-yc.com\/wp-content\/uploads\/2024\/11\/Tropika-club_-Best-Lighting-Shops-in-Singapore-1-300x225.jpg 300w, https:\/\/chandelier-yc.com\/wp-content\/uploads\/2024\/11\/Tropika-club_-Best-Lighting-Shops-in-Singapore-1-768x576.jpg 768w, https:\/\/chandelier-yc.com\/wp-content\/uploads\/2024\/11\/Tropika-club_-Best-Lighting-Shops-in-Singapore-1-1536x1152.jpg 1536w, https:\/\/chandelier-yc.com\/wp-content\/uploads\/2024\/11\/Tropika-club_-Best-Lighting-Shops-in-Singapore-1-16x12.jpg 16w, https:\/\/chandelier-yc.com\/wp-content\/uploads\/2024\/11\/Tropika-club_-Best-Lighting-Shops-in-Singapore-1-600x450.jpg 600w, https:\/\/chandelier-yc.com\/wp-content\/uploads\/2024\/11\/Tropika-club_-Best-Lighting-Shops-in-Singapore-1.jpg 2048w\" sizes=\"(max-width: 1020px) 100vw, 1020px\" title=\"\">\t\t\t\t\t\t\n\t\t\t\t\t<\/div>\n\t\t\t\t\t\t\t\t\n<style>\n#image_1435461632 {\n  width: 100%;\n}\n<\/style>\n\t<\/div>\n\t\n<p data-sourcepos=\"13:1-13:28\"><strong>3. Grande variedade de estilos:<\/strong><\/p>\n<ul data-sourcepos=\"14:1-16:0\">\n<li data-sourcepos=\"14:1-14:112\"><strong>Op\u00e7\u00f5es vers\u00e1teis:<\/strong> Escolha entre uma variedade de estilos, incluindo tradicional, moderno, r\u00fastico e industrial.<\/li>\n<li data-sourcepos=\"15:1-16:0\"><strong>Projectos adapt\u00e1veis:<\/strong> Os fabricantes podem adaptar os designs cl\u00e1ssicos aos gostos modernos ou criar pe\u00e7as contempor\u00e2neas inovadoras.<\/li>\n<\/ul>\n<p>.<strong>4. Efici\u00eancia energ\u00e9tica:<\/strong><\/p>\n<ul data-sourcepos=\"18:1-20:0\">\n<li data-sourcepos=\"18:1-18:118\"><strong>Integra\u00e7\u00e3o de LED:<\/strong> Muitos fabricantes incorporam tecnologia de ilumina\u00e7\u00e3o LED de baixo consumo de energia nos seus candeeiros.<\/li>\n<li data-sourcepos=\"19:1-20:0\"><strong>Op\u00e7\u00f5es regul\u00e1veis:<\/strong> Os candeeiros regul\u00e1veis permitem ajustar a luminosidade para se adequar a diferentes estados de esp\u00edrito e actividades.<\/li>\n<\/ul>\n\t\t<\/div>\n\t\t\t\t\t<\/div>\n\n\t\n\n\t<div id=\"col-56077917\" class=\"col medium-6 small-12 large-6\"  >\n\t\t\t\t<div class=\"col-inner\"  >\n\t\t\t\n\t\t\t\n<p data-sourcepos=\"5:1-5:26\"><strong>1. Desenhos personalizados:<\/strong><\/p>\n<ul data-sourcepos=\"6:1-8:0\">\n<li data-sourcepos=\"6:1-6:148\"><strong>Adaptado \u00e0 sua vis\u00e3o:<\/strong> Os fabricantes podem criar designs personalizados para corresponder \u00e0s suas prefer\u00eancias espec\u00edficas, garantindo uma adapta\u00e7\u00e3o perfeita ao seu interior.<\/li>\n<li data-sourcepos=\"7:1-8:0\"><strong>Est\u00e9tica \u00fanica:<\/strong> Do cl\u00e1ssico ao contempor\u00e2neo, os fabricantes podem dar vida \u00e0s suas ideias de design \u00fanicas.<\/li>\n<\/ul>\n<p data-sourcepos=\"9:1-9:30\"><strong>2. Materiais de alta qualidade:<\/strong><\/p>\n<ul data-sourcepos=\"10:1-12:0\">\n<li data-sourcepos=\"10:1-10:141\"><strong>Componentes Premium:<\/strong> Os fabricantes recorrem frequentemente a materiais de alta qualidade, como o cristal, o vidro e o metal, para garantir a durabilidade e a eleg\u00e2ncia.<\/li>\n<li data-sourcepos=\"11:1-12:0\"><strong>Artesanato requintado:<\/strong> Artes\u00e3os qualificados elaboram meticulosamente cada candelabro, prestando aten\u00e7\u00e3o a todos os pormenores.<\/li>\n<\/ul>\n<p>.<\/p>\n\t<div id=\"gap-1445670678\" class=\"gap-element clearfix\" style=\"display:block; height:auto;\">\n\t\t\n<style>\n#gap-1445670678 {\n  padding-top: 30px;\n}\n<\/style>\n\t<\/div>\n\t\n\t<div class=\"img has-hover x md-x lg-x y md-y lg-y\" id=\"image_65296521\">\n\t\t\t\t\t\t\t\t<div class=\"img-inner dark\" >\n\t\t\t<img loading=\"lazy\" decoding=\"async\" width=\"600\" height=\"362\" src=\"https:\/\/chandelier-yc.com\/wp-content\/uploads\/2024\/11\/2165.jpg\" class=\"attachment-large size-large\" alt=\"Fabricante de candelabros\" srcset=\"https:\/\/chandelier-yc.com\/wp-content\/uploads\/2024\/11\/2165.jpg 600w, https:\/\/chandelier-yc.com\/wp-content\/uploads\/2024\/11\/2165-300x181.jpg 300w, https:\/\/chandelier-yc.com\/wp-content\/uploads\/2024\/11\/2165-18x12.jpg 18w\" sizes=\"(max-width: 600px) 100vw, 600px\" title=\"\">\t\t\t\t\t\t\n\t\t\t\t\t<\/div>\n\t\t\t\t\t\t\t\t\n<style>\n#image_65296521 {\n  width: 100%;\n}\n<\/style>\n\t<\/div>\n\t\n\t\t<\/div>\n\t\t\t\t\t<\/div>\n\n\t\n<\/div>\n\t\t<\/div>\n\n\t\t\n<style>\n#section_1069089144 {\n  padding-top: 30px;\n  padding-bottom: 30px;\n  background-color: rgba(187, 190, 193, 0.308);\n}\n<\/style>\n\t<\/section>\n\t\n\t<section class=\"section\" id=\"section_976883944\">\n\t\t<div class=\"bg section-bg fill bg-fill  bg-loaded\" >\n\n\t\t\t\n\t\t\t\n\t\t\t\n\n\t\t<\/div>\n\n\t\t\n\n\t\t<div class=\"section-content relative\">\n\t\t\t\n<div class=\"row\"  id=\"row-622146941\">\n\n\t<div id=\"col-453091711\" class=\"col medium-6 small-12 large-6\"  >\n\t\t\t\t<div class=\"col-inner\"  >\n\t\t\t\n\t\t\t\n\t<div class=\"img has-hover x md-x lg-x y md-y lg-y\" id=\"image_1848161149\">\n\t\t\t\t\t\t\t\t<div class=\"img-inner image-cover dark\" style=\"padding-top:75%;\">\n\t\t\t<img loading=\"lazy\" decoding=\"async\" width=\"720\" height=\"720\" src=\"https:\/\/chandelier-yc.com\/wp-content\/uploads\/2024\/11\/wall-lamp.webp\" class=\"attachment-original size-original\" alt=\"candeeiro de parede\" srcset=\"https:\/\/chandelier-yc.com\/wp-content\/uploads\/2024\/11\/wall-lamp.webp 720w, https:\/\/chandelier-yc.com\/wp-content\/uploads\/2024\/11\/wall-lamp-300x300.webp 300w, https:\/\/chandelier-yc.com\/wp-content\/uploads\/2024\/11\/wall-lamp-150x150.webp 150w, https:\/\/chandelier-yc.com\/wp-content\/uploads\/2024\/11\/wall-lamp-12x12.webp 12w, https:\/\/chandelier-yc.com\/wp-content\/uploads\/2024\/11\/wall-lamp-600x600.webp 600w, https:\/\/chandelier-yc.com\/wp-content\/uploads\/2024\/11\/wall-lamp-100x100.webp 100w\" sizes=\"(max-width: 720px) 100vw, 720px\" title=\"\">\t\t\t\t\t\t\n\t\t\t\t\t<\/div>\n\t\t\t\t\t\t\t\t\n<style>\n#image_1848161149 {\n  width: 100%;\n}\n<\/style>\n\t<\/div>\n\t\n\t\t<\/div>\n\t\t\t\t\t<\/div>\n\n\t\n\n\t<div id=\"col-1567891505\" class=\"col medium-6 small-12 large-6\"  >\n\t\t\t\t<div class=\"col-inner\"  >\n\t\t\t\n\t\t\t\n<h2 data-sourcepos=\"1:1-1:57\">Candeeiros de parede: Uma solu\u00e7\u00e3o de ilumina\u00e7\u00e3o elegante e funcional<\/h2>\n<p data-sourcepos=\"3:1-3:226\">Os candeeiros de parede, tamb\u00e9m conhecidos como arandelas, s\u00e3o dispositivos de ilumina\u00e7\u00e3o vers\u00e1teis que podem acrescentar estilo e funcionalidade a qualquer divis\u00e3o. S\u00e3o perfeitos para real\u00e7ar \u00e1reas espec\u00edficas, proporcionar ilumina\u00e7\u00e3o ambiente ou criar uma atmosfera acolhedora.<\/p>\n<p data-sourcepos=\"12:1-12:38\"><strong>Aplica\u00e7\u00f5es comuns de candeeiros de parede:<\/strong><\/p>\n<ul data-sourcepos=\"14:1-18:0\">\n<li data-sourcepos=\"14:1-14:89\"><strong>Salas de estar:<\/strong> Utilizado para real\u00e7ar obras de arte, recantos de leitura ou criar ilumina\u00e7\u00e3o ambiente.<\/li>\n<li data-sourcepos=\"15:1-15:76\"><strong>Quartos de dormir:<\/strong> Ideal para leitura ao lado da cama ou para criar uma atmosfera relaxante.<\/li>\n<li data-sourcepos=\"16:1-16:85\"><strong>Corredores e \u00e1trios:<\/strong> Proporciona uma ilumina\u00e7\u00e3o ambiente e d\u00e1 um toque de eleg\u00e2ncia.<\/li>\n<li data-sourcepos=\"17:1-18:0\"><strong>Casas de banho:<\/strong> Utilizado para iluminar \u00e1reas de toucador e criar um ambiente de spa.<\/li>\n<\/ul>\n\t\t<\/div>\n\t\t\t\t\t<\/div>\n\n\t\n<\/div>\n\t\t<\/div>\n\n\t\t\n<style>\n#section_976883944 {\n  padding-top: 30px;\n  padding-bottom: 30px;\n}\n<\/style>\n\t<\/section>\n\t\n\t<section class=\"section\" id=\"section_20859293\">\n\t\t<div class=\"bg section-bg fill bg-fill\" >\n\n\t\t\t\n\t\t\t<div class=\"section-bg-overlay absolute fill\"><\/div>\n\t\t\t\n\n\t\t<\/div>\n\n\t\t\n\n\t\t<div class=\"section-content relative\">\n\t\t\t\n<div class=\"row\"  id=\"row-630547914\">\n\n\t<div id=\"col-1819538124\" class=\"col small-12 large-12\"  >\n\t\t\t\t<div class=\"col-inner\"  >\n\t\t\t\n\t\t\t\n<div class=\"row\"  id=\"row-449584797\">\n\n\t<div id=\"col-2023141533\" class=\"col small-12 large-12\"  >\n\t\t\t\t<div class=\"col-inner\"  >\n\t\t\t\n\t\t\t\n\t<div id=\"text-635213395\" class=\"text\">\n\t\t\n<h2 style=\"text-align: center;\">Contactar-nos<\/h2>\n\t\t\n<style>\n#text-635213395 {\n  color: rgb(255,255,255);\n}\n#text-635213395 > * {\n  color: rgb(255,255,255);\n}\n<\/style>\n\t<\/div>\n\t\n\t\t<\/div>\n\t\t\t\t\t<\/div>\n\n\t\n<\/div>\n\n<div class=\"wpcf7 no-js\" id=\"wpcf7-f280-o1\" lang=\"en-US\" dir=\"ltr\" data-wpcf7-id=\"280\">\n<div class=\"screen-reader-response\"><p role=\"status\" aria-live=\"polite\" aria-atomic=\"true\"><\/p> <ul><\/ul><\/div>\n<form action=\"\/pt\/wp-json\/wp\/v2\/pages\/1885#wpcf7-f280-o1\" method=\"post\" class=\"wpcf7-form init\" aria-label=\"Formul\u00e1rio de contacto\" novalidate=\"novalidate\" data-status=\"init\" data-trp-original-action=\"\/pt\/wp-json\/wp\/v2\/pages\/1885#wpcf7-f280-o1\">\n<div style=\"display: none;\">\n<input type=\"hidden\" name=\"_wpcf7\" value=\"280\" \/>\n<input type=\"hidden\" name=\"_wpcf7_version\" value=\"6.0.6\" \/>\n<input type=\"hidden\" name=\"_wpcf7_locale\" value=\"en_US\" \/>\n<input type=\"hidden\" name=\"_wpcf7_unit_tag\" value=\"wpcf7-f280-o1\" \/>\n<input type=\"hidden\" name=\"_wpcf7_container_post\" value=\"0\" \/>\n<input type=\"hidden\" name=\"_wpcf7_posted_data_hash\" value=\"\" \/>\n<\/div>\n<div class='custom_contact_style'>\n\t<div class=\"row row-small\">\n\t\t<div class=\"col medium-6 small-12 large-6\">\n\t\t\t<div class=\"col-inner\">\n\t\t\t\t<p><span class=\"wpcf7-form-control-wrap\" data-name=\"your-name\"><input size=\"40\" maxlength=\"400\" class=\"wpcf7-form-control wpcf7-text wpcf7-validates-as-required\" aria-required=\"true\" aria-invalid=\"false\" placeholder=\"Nome*\" value=\"\" type=\"text\" name=\"your-name\" \/><\/span>\n\t\t\t\t<\/p>\n\t\t\t<\/div>\n\t\t<\/div>\n\t\t<div class=\"col medium-6 small-12 large-6\">\n\t\t\t<div class=\"col-inner\">\n\t\t\t\t<p><span class=\"wpcf7-form-control-wrap\" data-name=\"your-email\"><input size=\"40\" maxlength=\"400\" class=\"wpcf7-form-control wpcf7-email wpcf7-validates-as-required wpcf7-text wpcf7-validates-as-email\" aria-required=\"true\" aria-invalid=\"false\" placeholder=\"Correio eletr\u00f3nico*\" value=\"\" type=\"email\" name=\"your-email\" \/><\/span>\n\t\t\t\t<\/p>\n\t\t\t<\/div>\n\t\t<\/div>\n\t<\/div>\n\t<div class='cus_contact_form_bottom'>\n\t\t<p><span class=\"wpcf7-form-control-wrap\" data-name=\"your-phone\"><input size=\"40\" maxlength=\"400\" class=\"wpcf7-form-control wpcf7-text\" aria-invalid=\"false\" placeholder=\"Telefone\" value=\"\" type=\"text\" name=\"your-phone\" \/><\/span>\n\t\t<\/p>\n\t<\/div>\n\t<div class='cus_contact_form_bottom'>\n\t\t<p><span class=\"wpcf7-form-control-wrap\" data-name=\"your-country\"><input size=\"40\" maxlength=\"400\" class=\"wpcf7-form-control wpcf7-text\" aria-invalid=\"false\" placeholder=\"Pa\u00eds\" value=\"\" type=\"text\" name=\"your-country\" \/><\/span>\n\t\t<\/p>\n\t<\/div>\n\t<p><span class=\"wpcf7-form-control-wrap\" data-name=\"your-message\"><textarea cols=\"40\" rows=\"10\" maxlength=\"2000\" class=\"wpcf7-form-control wpcf7-textarea wpcf7-validates-as-required\" aria-required=\"true\" aria-invalid=\"false\" placeholder=\"A sua mensagem *\" name=\"your-message\"><\/textarea><\/span>\n\t<\/p>\n\t<div style=\"margin-bottom:10px;\">\n\t\t<p><span class=\"wpcf7-form-control-wrap kc_captcha cf7ic-toggle\" data-name=\"kc_captcha\"><span class=\"wpcf7-form-control wpcf7-radio\"><span class=\"captcha-image\" style=\"display: none;\"><span class=\"cf7ic_instructions\">Por favor, prove que \u00e9 humano selecionando a op\u00e7\u00e3o<span> bandeira<\/span>.<\/span><label><input aria-label=\"1\" type=\"radio\" name=\"kc_captcha\" value=\"bot\" \/><svg aria-hidden=\"true\" role=\"img\" xmlns=\"http:\/\/www.w3.org\/2000\/svg\" viewbox=\"0 0 576 512\"><path fill=\"currentColor\" d=\"M259 18l-65 132-146 22c-26 3-37 36-18 54l106 103-25 146c-5 26 23 46 46 33l131-68 131 68c23 13 51-7 46-33l-25-146 106-103c19-18 8-51-18-54l-146-22-65-132a32 32 0 00-58 0z\"\/><\/svg><\/label><label><input aria-label=\"2\" type=\"radio\" name=\"kc_captcha\" value=\"kc_human\" \/><svg aria-hidden=\"true\" role=\"img\" xmlns=\"http:\/\/www.w3.org\/2000\/svg\" viewbox=\"0 0 512 512\"><path fill=\"currentColor\" d=\"M350 99c-54 0-98-35-166-35-25 0-47 4-68 12a56 56 0 004-24C118 24 95 1 66 0a56 56 0 00-34 102v386c0 13 11 24 24 24h16c13 0 24-11 24-24v-94c28-12 64-23 114-23 54 0 98 35 166 35 48 0 86-16 122-41 9-6 14-15 14-26V96c0-23-24-39-45-29-35 16-77 32-117 32z\"\/><\/svg><\/label><label><input aria-label=\"3\" type=\"radio\" name=\"kc_captcha\" value=\"bot\" \/><svg aria-hidden=\"true\" role=\"img\" xmlns=\"http:\/\/www.w3.org\/2000\/svg\" viewbox=\"0 0 384 512\"><path fill=\"currentColor\" d=\"M377 375l-83-87h34c21 0 32-25 17-40l-82-88h33c21 0 32-25 18-40L210 8c-10-11-26-11-36 0L70 120c-14 15-3 40 18 40h33l-82 88c-15 15-4 40 17 40h34L7 375c-15 16-4 41 17 41h120c0 33-11 49-34 68-12 9-5 28 10 28h144c15 0 22-19 10-28-20-16-34-32-34-68h120c21 0 32-25 17-41z\"\/><\/svg><\/label>\r\n    <\/span>\r\n    <span style=\"display:none\">\r\n        <input type=\"text\" name=\"kc_honeypot\">\r\n    <\/span><\/span><\/span>\n\t\t<\/p>\n\t<\/div>\n\t<p><input class=\"wpcf7-form-control wpcf7-submit has-spinner\" type=\"submit\" value=\"Enviar mensagem\" \/>\n\t<\/p>\n<\/div><div class=\"wpcf7-response-output\" aria-hidden=\"true\"><\/div>\n<input type=\"hidden\" name=\"trp-form-language\" value=\"pt\"\/><\/form>\n<\/div>\n\n\t\t<\/div>\n\t\t\t\t\t<\/div>\n\n\t\n<\/div>\n\t\t<\/div>\n\n\t\t\n<style>\n#section_20859293 {\n  padding-top: 30px;\n  padding-bottom: 30px;\n}\n#section_20859293 .section-bg-overlay {\n  background-color: rgba(0, 0, 0, 0.308);\n}\n#section_20859293 .section-bg.bg-loaded {\n  background-image: url(https:\/\/chandelier-yc.com\/wp-content\/uploads\/2023\/05\/20230526183003.webp);\n}\n#section_20859293 .section-bg {\n  background-position: 46% 41%;\n}\n<\/style>\n\t<\/section>","protected":false},"excerpt":{"rendered":"","protected":false},"author":3,"featured_media":2014,"parent":0,"menu_order":0,"comment_status":"closed","ping_status":"closed","template":"page-blank.php","meta":{"footnotes":""},"class_list":["post-1885","page","type-page","status-publish","has-post-thumbnail","hentry"],"_links":{"self":[{"href":"https:\/\/chandelier-yc.com\/pt\/wp-json\/wp\/v2\/pages\/1885"}],"collection":[{"href":"https:\/\/chandelier-yc.com\/pt\/wp-json\/wp\/v2\/pages"}],"about":[{"href":"https:\/\/chandelier-yc.com\/pt\/wp-json\/wp\/v2\/types\/page"}],"author":[{"embeddable":true,"href":"https:\/\/chandelier-yc.com\/pt\/wp-json\/wp\/v2\/users\/3"}],"replies":[{"embeddable":true,"href":"https:\/\/chandelier-yc.com\/pt\/wp-json\/wp\/v2\/comments?post=1885"}],"version-history":[{"count":41,"href":"https:\/\/chandelier-yc.com\/pt\/wp-json\/wp\/v2\/pages\/1885\/revisions"}],"predecessor-version":[{"id":2115,"href":"https:\/\/chandelier-yc.com\/pt\/wp-json\/wp\/v2\/pages\/1885\/revisions\/2115"}],"wp:featuredmedia":[{"embeddable":true,"href":"https:\/\/chandelier-yc.com\/pt\/wp-json\/wp\/v2\/media\/2014"}],"wp:attachment":[{"href":"https:\/\/chandelier-yc.com\/pt\/wp-json\/wp\/v2\/media?parent=1885"}],"curies":[{"name":"wp","href":"https:\/\/api.w.org\/{rel}","templated":true}]}}