{"id":513,"date":"2023-03-13T07:20:57","date_gmt":"2023-03-13T07:20:57","guid":{"rendered":"https:\/\/chandelier-yc.com\/?page_id=513"},"modified":"2024-11-28T03:10:03","modified_gmt":"2024-11-28T03:10:03","slug":"services","status":"publish","type":"page","link":"https:\/\/chandelier-yc.com\/pt\/services\/","title":{"rendered":"Servi\u00e7os"},"content":{"rendered":"<div class=\"banner has-hover\" id=\"banner-1338899644\">\n          <div class=\"banner-inner fill\">\n        <div class=\"banner-bg fill\" >\n            <div class=\"bg fill bg-fill\"><\/div>\n                        <div class=\"overlay\"><\/div>            \n                    <\/div>\n\t\t\n        <div class=\"banner-layers container\">\n            <div class=\"fill banner-link\"><\/div>            \n   <div id=\"text-box-1140543319\" class=\"text-box banner-layer x5 md-x5 lg-x95 y50 md-y50 lg-y50 res-text\">\n                                <div class=\"text-box-content text dark\">\n              \n              <div class=\"text-inner text-center\">\n                  \n\t<div id=\"text-536814276\" class=\"text\">\n\t\t\n<h1>Servi\u00e7o OEM<\/h1>\n\t\t\n<style>\n#text-536814276 {\n  text-align: left;\n  color: #e5c988;\n}\n#text-536814276 > * {\n  color: #e5c988;\n}\n<\/style>\n\t<\/div>\n\t\n              <\/div>\n           <\/div>\n                            \n<style>\n#text-box-1140543319 {\n  width: 60%;\n}\n#text-box-1140543319 .text-box-content {\n  font-size: 100%;\n}\n<\/style>\n    <\/div>\n \n        <\/div>\n      <\/div>\n\n            \n<style>\n#banner-1338899644 {\n  padding-top: 15%;\n  background-color: rgba(0, 0, 0, 0.587);\n}\n#banner-1338899644 .overlay {\n  background-color: rgba(0, 0, 0, 0.593);\n}\n<\/style>\n  <\/div>\n\n\n\t<section class=\"section\" id=\"section_466624136\">\n\t\t<div class=\"bg section-bg fill bg-fill  bg-loaded\" >\n\n\t\t\t\n\t\t\t\n\t\t\t\n\n\t\t<\/div>\n\n\t\t\n\n\t\t<div class=\"section-content relative\">\n\t\t\t\n<div class=\"row\"  id=\"row-469313087\">\n\n\t<div id=\"col-840718338\" class=\"col small-12 large-12\"  >\n\t\t\t\t<div class=\"col-inner\"  >\n\t\t\t\n\t\t\t\n<h2 style=\"text-align: center;\">Servi\u00e7o de personaliza\u00e7\u00e3o OEM de candeeiros: ilumine o seu sonho de ilumina\u00e7\u00e3o exclusiva<\/h2>\n<p>Na era atual de procura de personaliza\u00e7\u00e3o e qualidade, os candeeiros j\u00e1 n\u00e3o s\u00e3o apenas ferramentas de ilumina\u00e7\u00e3o, mas tamb\u00e9m obras de arte decorativas de espa\u00e7os que real\u00e7am um estilo e gosto \u00fanicos. Concentramo-nos nos servi\u00e7os de personaliza\u00e7\u00e3o OEM de candelabros e estamos empenhados em criar produtos de candelabros \u00fanicos e orientados para a procura, para que o seu espa\u00e7o possa brilhar com um brilho diferente.<\/p>\n\t\t<\/div>\n\t\t\t\t\t<\/div>\n\n\t\n<\/div>\n<div class=\"row\"  id=\"row-361984302\">\n\n\t<div id=\"col-1214479958\" class=\"col medium-4 small-12 large-4\"  >\n\t\t\t\t<div class=\"col-inner\"  >\n\t\t\t\n\t\t\t\n\t<div class=\"img has-hover x md-x lg-x y md-y lg-y\" id=\"image_990511414\">\n\t\t<a class=\"\" href=\"https:\/\/chandelier-yc.com\/pt\/manufacturer\/branch-chandeliers-fa800\/\" >\t\t\t\t\t\t<div class=\"img-inner image-cover dark\" style=\"padding-top:75%;\">\n\t\t\t<img loading=\"lazy\" decoding=\"async\" width=\"750\" height=\"750\" src=\"https:\/\/chandelier-yc.com\/wp-content\/uploads\/2024\/11\/1-1.jpg\" class=\"attachment-original size-original\" alt=\"Artesanato requintado\" srcset=\"https:\/\/chandelier-yc.com\/wp-content\/uploads\/2024\/11\/1-1.jpg 750w, https:\/\/chandelier-yc.com\/wp-content\/uploads\/2024\/11\/1-1-300x300.jpg 300w, https:\/\/chandelier-yc.com\/wp-content\/uploads\/2024\/11\/1-1-150x150.jpg 150w, https:\/\/chandelier-yc.com\/wp-content\/uploads\/2024\/11\/1-1-12x12.jpg 12w, https:\/\/chandelier-yc.com\/wp-content\/uploads\/2024\/11\/1-1-600x600.jpg 600w, https:\/\/chandelier-yc.com\/wp-content\/uploads\/2024\/11\/1-1-100x100.jpg 100w\" sizes=\"(max-width: 750px) 100vw, 750px\" title=\"\">\t\t\t\t\t\t\n\t\t\t\t\t<\/div>\n\t\t\t\t\t\t<\/a>\t\t\n<style>\n#image_990511414 {\n  width: 100%;\n}\n<\/style>\n\t<\/div>\n\t\n\t\t<\/div>\n\t\t\t\t\t<\/div>\n\n\t\n\n\t<div id=\"col-987826539\" class=\"col medium-8 small-12 large-8\"  >\n\t\t\t\t<div class=\"col-inner\"  >\n\t\t\t\n\t\t\t\n\t<div id=\"gap-652580719\" class=\"gap-element clearfix\" style=\"display:block; height:auto;\">\n\t\t\n<style>\n#gap-652580719 {\n  padding-top: 30px;\n}\n<\/style>\n\t<\/div>\n\t\n<h3>1. artesanato requintado e experi\u00eancia rica<\/h3>\n<p>Temos uma equipa de profissionais experientes e qualificados que est\u00e3o profundamente envolvidos no campo da conce\u00e7\u00e3o e fabrico de candelabros h\u00e1 muitos anos e est\u00e3o familiarizados com a utiliza\u00e7\u00e3o de v\u00e1rios materiais e processos. Quer se trate de escultura complexa em metal, sopro de vidro requintado ou trabalho delicado em madeira, pode ser apresentado a um n\u00edvel excelente, garantindo que cada candelabro personalizado tem detalhes artesanais de alta qualidade e mostra um requinte e beleza incompar\u00e1veis.<\/p>\n\t\t<\/div>\n\t\t\t\t\t<\/div>\n\n\t\n<\/div>\n\t\t<\/div>\n\n\t\t\n<style>\n#section_466624136 {\n  padding-top: 30px;\n  padding-bottom: 30px;\n  background-color: rgb(255,255,255);\n}\n@media (min-width:850px) {\n  #section_466624136 {\n    padding-top: 80px;\n    padding-bottom: 80px;\n  }\n}\n<\/style>\n\t<\/section>\n\t\n\t<section class=\"section\" id=\"section_853568634\">\n\t\t<div class=\"bg section-bg fill bg-fill  bg-loaded\" >\n\n\t\t\t\n\t\t\t\n\t\t\t\n\t<div class=\"is-border\"\n\t\tstyle=\"border-width:1px 0px 0px 0px;\">\n\t<\/div>\n\n\t\t<\/div>\n\n\t\t\n\n\t\t<div class=\"section-content relative\">\n\t\t\t\n<div class=\"row\"  id=\"row-663934340\">\n\n\t<div id=\"col-2056264451\" class=\"col medium-8 small-12 large-8\"  >\n\t\t\t\t<div class=\"col-inner\"  >\n\t\t\t\n\t\t\t\n\t<div id=\"gap-1664410381\" class=\"gap-element clearfix\" style=\"display:block; height:auto;\">\n\t\t\n<style>\n#gap-1664410381 {\n  padding-top: 30px;\n}\n<\/style>\n\t<\/div>\n\t\n\t<div id=\"text-2573830015\" class=\"text\">\n\t\t\n<h3>2. sele\u00e7\u00e3o diversificada de materiais<\/h3>\n<p>Para satisfazer os requisitos especiais de diferentes clientes relativamente aos materiais dos candeeiros, fornecemos uma biblioteca de materiais rica e diversificada. De cristais nobres e brilhantes a metais dur\u00e1veis (como a\u00e7o inoxid\u00e1vel, cobre, ferro, etc.), de madeira simples e natural a acr\u00edlico e vidro modernos e na moda, pode combinar livremente de acordo com o posicionamento de estilo do projeto e prefer\u00eancias pessoais, e n\u00f3s transformaremos perfeitamente as suas ideias de materiais em produtos reais.<\/p>\n\t\t\n<style>\n#text-2573830015 {\n  color: rgb(229, 201, 136);\n}\n#text-2573830015 > * {\n  color: rgb(229, 201, 136);\n}\n<\/style>\n\t<\/div>\n\t\n\t\t<\/div>\n\t\t\t\t\t<\/div>\n\n\t\n\n\t<div id=\"col-741859001\" class=\"col medium-4 small-12 large-4\"  >\n\t\t\t\t<div class=\"col-inner\"  >\n\t\t\t\n\t\t\t\n\t<div class=\"img has-hover x md-x lg-x y md-y lg-y\" id=\"image_1885823104\">\n\t\t<a class=\"\" href=\"https:\/\/chandelier-yc.com\/pt\/manufacturer\/twig-chandelierft1090ft800ft500\/\" >\t\t\t\t\t\t<div class=\"img-inner image-cover dark\" style=\"padding-top:75%;\">\n\t\t\t<img loading=\"lazy\" decoding=\"async\" width=\"750\" height=\"750\" src=\"https:\/\/chandelier-yc.com\/wp-content\/uploads\/2024\/11\/1-3.jpg\" class=\"attachment-original size-original\" alt=\"Sele\u00e7\u00e3o diversificada de materiais\" srcset=\"https:\/\/chandelier-yc.com\/wp-content\/uploads\/2024\/11\/1-3.jpg 750w, https:\/\/chandelier-yc.com\/wp-content\/uploads\/2024\/11\/1-3-300x300.jpg 300w, https:\/\/chandelier-yc.com\/wp-content\/uploads\/2024\/11\/1-3-150x150.jpg 150w, https:\/\/chandelier-yc.com\/wp-content\/uploads\/2024\/11\/1-3-12x12.jpg 12w, https:\/\/chandelier-yc.com\/wp-content\/uploads\/2024\/11\/1-3-600x600.jpg 600w, https:\/\/chandelier-yc.com\/wp-content\/uploads\/2024\/11\/1-3-100x100.jpg 100w\" sizes=\"(max-width: 750px) 100vw, 750px\" title=\"\">\t\t\t\t\t\t\n\t\t\t\t\t<\/div>\n\t\t\t\t\t\t<\/a>\t\t\n<style>\n#image_1885823104 {\n  width: 100%;\n}\n<\/style>\n\t<\/div>\n\t\n\t\t<\/div>\n\t\t\t\t\t<\/div>\n\n\t\n<\/div>\n\t\t<\/div>\n\n\t\t\n<style>\n#section_853568634 {\n  padding-top: 20px;\n  padding-bottom: 20px;\n  background-color: rgb(0,0,0);\n}\n@media (min-width:550px) {\n  #section_853568634 {\n    padding-top: 30px;\n    padding-bottom: 30px;\n  }\n}\n@media (min-width:850px) {\n  #section_853568634 {\n    padding-top: 50px;\n    padding-bottom: 50px;\n  }\n}\n<\/style>\n\t<\/section>\n\t\n\t<section class=\"section\" id=\"section_2144512082\">\n\t\t<div class=\"bg section-bg fill bg-fill  bg-loaded\" >\n\n\t\t\t\n\t\t\t\n\t\t\t\n\n\t\t<\/div>\n\n\t\t\n\n\t\t<div class=\"section-content relative\">\n\t\t\t\n<div class=\"row\"  id=\"row-1536409682\">\n\n\t<div id=\"col-962997169\" class=\"col medium-4 small-12 large-4\"  >\n\t\t\t\t<div class=\"col-inner\"  >\n\t\t\t\n\t\t\t\n\t<div class=\"img has-hover x md-x lg-x y md-y lg-y\" id=\"image_1665307157\">\n\t\t<a class=\"\" href=\"https:\/\/chandelier-yc.com\/pt\/manufacturer\/large-entryway-chandelierft1090\/\" >\t\t\t\t\t\t<div class=\"img-inner image-cover dark\" style=\"padding-top:75%;\">\n\t\t\t<img loading=\"lazy\" decoding=\"async\" width=\"750\" height=\"750\" src=\"https:\/\/chandelier-yc.com\/wp-content\/uploads\/2024\/11\/1-4.jpg\" class=\"attachment-original size-original\" alt=\"Plano de design personalizado\" srcset=\"https:\/\/chandelier-yc.com\/wp-content\/uploads\/2024\/11\/1-4.jpg 750w, https:\/\/chandelier-yc.com\/wp-content\/uploads\/2024\/11\/1-4-300x300.jpg 300w, https:\/\/chandelier-yc.com\/wp-content\/uploads\/2024\/11\/1-4-150x150.jpg 150w, https:\/\/chandelier-yc.com\/wp-content\/uploads\/2024\/11\/1-4-12x12.jpg 12w, https:\/\/chandelier-yc.com\/wp-content\/uploads\/2024\/11\/1-4-600x600.jpg 600w, https:\/\/chandelier-yc.com\/wp-content\/uploads\/2024\/11\/1-4-100x100.jpg 100w\" sizes=\"(max-width: 750px) 100vw, 750px\" title=\"\">\t\t\t\t\t\t\n\t\t\t\t\t<\/div>\n\t\t\t\t\t\t<\/a>\t\t\n<style>\n#image_1665307157 {\n  width: 100%;\n}\n<\/style>\n\t<\/div>\n\t\n\t\t<\/div>\n\t\t\t\t\t<\/div>\n\n\t\n\n\t<div id=\"col-1223931261\" class=\"col medium-8 small-12 large-8\"  >\n\t\t\t\t<div class=\"col-inner\"  >\n\t\t\t\n\t\t\t\n<h3>3. plano de design personalizado<\/h3>\n<p>A nossa equipa de design \u00e9 boa a ouvir todas as criatividades e exig\u00eancias dos clientes, e faz planos de design de candelabros personalizados para si com uma perspetiva de design profissional. Quer esteja a seguir um luxuoso estilo de pal\u00e1cio europeu, um sentido de moda simples e moderno, um tom pastoral fresco e natural ou um estilo retro industrial duro, podemos compreender com precis\u00e3o a dire\u00e7\u00e3o do design e apresentar vividamente a imagem ideal do candelabro na sua mente atrav\u00e9s de esbo\u00e7os desenhados \u00e0 m\u00e3o, modelagem 3D, etc., para que possa prever claramente o efeito do produto acabado antes da personaliza\u00e7\u00e3o e garantir que o plano de design atenda totalmente \u00e0s suas expectativas.<\/p>\n\t\t<\/div>\n\t\t\t\t\t<\/div>\n\n\t\n<\/div>\n\t\t<\/div>\n\n\t\t\n<style>\n#section_2144512082 {\n  padding-top: 30px;\n  padding-bottom: 30px;\n}\n<\/style>\n\t<\/section>\n\t\n\t<section class=\"section\" id=\"section_2085396004\">\n\t\t<div class=\"bg section-bg fill bg-fill  bg-loaded\" >\n\n\t\t\t\n\t\t\t\n\t\t\t\n\n\t\t<\/div>\n\n\t\t\n\n\t\t<div class=\"section-content relative\">\n\t\t\t\n<div class=\"row\"  id=\"row-1481652435\">\n\n\t<div id=\"col-545098855\" class=\"col medium-8 small-12 large-8\"  >\n\t\t\t\t<div class=\"col-inner\"  >\n\t\t\t\n\t\t\t\n\t<div id=\"gap-675764301\" class=\"gap-element clearfix\" style=\"display:block; height:auto;\">\n\t\t\n<style>\n#gap-675764301 {\n  padding-top: 20px;\n}\n<\/style>\n\t<\/div>\n\t\n\t<div id=\"text-3263982406\" class=\"text\">\n\t\t\n<h3>4. sistema de controlo de qualidade rigoroso<\/h3>\n<p>A qualidade \u00e9 a nossa t\u00e1bua de salva\u00e7\u00e3o. Em todos os elos da personaliza\u00e7\u00e3o do candelabro, desde a aquisi\u00e7\u00e3o de mat\u00e9rias-primas at\u00e9 \u00e0 produ\u00e7\u00e3o e processamento, desde a montagem e depura\u00e7\u00e3o at\u00e9 \u00e0 inspe\u00e7\u00e3o do produto acabado, estabelecemos um rigoroso sistema de controlo de qualidade. Utilizamos equipamento de teste avan\u00e7ado e padr\u00f5es de teste rigorosos para realizar testes abrangentes e detalhados sobre a apar\u00eancia, estrutura, seguran\u00e7a el\u00e9ctrica e outros aspectos do candelabro para garantir que cada candelabro personalizado entregue a si \u00e9 seguro, fi\u00e1vel, de excelente qualidade e pode resistir ao teste do tempo e do mercado.<\/p>\n\t\t\n<style>\n#text-3263982406 {\n  color: rgb(229, 201, 136);\n}\n#text-3263982406 > * {\n  color: rgb(229, 201, 136);\n}\n<\/style>\n\t<\/div>\n\t\n\t\t<\/div>\n\t\t\t\t\t<\/div>\n\n\t\n\n\t<div id=\"col-765417853\" class=\"col medium-4 small-12 large-4\"  >\n\t\t\t\t<div class=\"col-inner\"  >\n\t\t\t\n\t\t\t\n\t<div class=\"img has-hover x md-x lg-x y md-y lg-y\" id=\"image_1291533300\">\n\t\t<a class=\"\" href=\"https:\/\/chandelier-yc.com\/pt\/manufacturer\/bubble-lighting-chandeliers-tr680tr1000tr1320\/\" >\t\t\t\t\t\t<div class=\"img-inner image-cover dark\" style=\"padding-top:75%;\">\n\t\t\t<img loading=\"lazy\" decoding=\"async\" width=\"750\" height=\"750\" src=\"https:\/\/chandelier-yc.com\/wp-content\/uploads\/2024\/11\/1-5.jpg\" class=\"attachment-original size-original\" alt=\"Sistema de controlo de qualidade rigoroso\" srcset=\"https:\/\/chandelier-yc.com\/wp-content\/uploads\/2024\/11\/1-5.jpg 750w, https:\/\/chandelier-yc.com\/wp-content\/uploads\/2024\/11\/1-5-300x300.jpg 300w, https:\/\/chandelier-yc.com\/wp-content\/uploads\/2024\/11\/1-5-150x150.jpg 150w, https:\/\/chandelier-yc.com\/wp-content\/uploads\/2024\/11\/1-5-12x12.jpg 12w, https:\/\/chandelier-yc.com\/wp-content\/uploads\/2024\/11\/1-5-600x600.jpg 600w, https:\/\/chandelier-yc.com\/wp-content\/uploads\/2024\/11\/1-5-100x100.jpg 100w\" sizes=\"(max-width: 750px) 100vw, 750px\" title=\"\">\t\t\t\t\t\t\n\t\t\t\t\t<\/div>\n\t\t\t\t\t\t<\/a>\t\t\n<style>\n#image_1291533300 {\n  width: 100%;\n}\n<\/style>\n\t<\/div>\n\t\n\t\t<\/div>\n\t\t\t\t\t<\/div>\n\n\t\n<\/div>\n\t\t<\/div>\n\n\t\t\n<style>\n#section_2085396004 {\n  padding-top: 30px;\n  padding-bottom: 30px;\n  background-color: rgb(0,0,0);\n}\n<\/style>\n\t<\/section>\n\t\n\t<section class=\"section\" id=\"section_464329905\">\n\t\t<div class=\"bg section-bg fill bg-fill  bg-loaded\" >\n\n\t\t\t\n\t\t\t\n\t\t\t\n\n\t\t<\/div>\n\n\t\t\n\n\t\t<div class=\"section-content relative\">\n\t\t\t\n<div class=\"row\"  id=\"row-812428667\">\n\n\t<div id=\"col-1992092698\" class=\"col medium-4 small-12 large-4\"  >\n\t\t\t\t<div class=\"col-inner\"  >\n\t\t\t\n\t\t\t\n\t<div class=\"img has-hover x md-x lg-x y md-y lg-y\" id=\"image_1995567923\">\n\t\t<a class=\"\" href=\"https:\/\/chandelier-yc.com\/pt\/manufacturer\/turquoise-chandelier-earrings-fc0480fc0780fc1079\/\" >\t\t\t\t\t\t<div class=\"img-inner image-cover dark\" style=\"padding-top:75%;\">\n\t\t\t<img loading=\"lazy\" decoding=\"async\" width=\"750\" height=\"731\" src=\"https:\/\/chandelier-yc.com\/wp-content\/uploads\/2024\/11\/21.jpg\" class=\"attachment-original size-original\" alt=\"Personaliza\u00e7\u00e3o flex\u00edvel\" srcset=\"https:\/\/chandelier-yc.com\/wp-content\/uploads\/2024\/11\/21.jpg 750w, https:\/\/chandelier-yc.com\/wp-content\/uploads\/2024\/11\/21-300x292.jpg 300w, https:\/\/chandelier-yc.com\/wp-content\/uploads\/2024\/11\/21-12x12.jpg 12w, https:\/\/chandelier-yc.com\/wp-content\/uploads\/2024\/11\/21-600x585.jpg 600w\" sizes=\"(max-width: 750px) 100vw, 750px\" title=\"\">\t\t\t\t\t\t\n\t\t\t\t\t<\/div>\n\t\t\t\t\t\t<\/a>\t\t\n<style>\n#image_1995567923 {\n  width: 100%;\n}\n<\/style>\n\t<\/div>\n\t\n\t\t<\/div>\n\t\t\t\t\t<\/div>\n\n\t\n\n\t<div id=\"col-1657275977\" class=\"col medium-8 small-12 large-8\"  >\n\t\t\t\t<div class=\"col-inner\"  >\n\t\t\t\n\t\t\t\n\t<div id=\"gap-2230500\" class=\"gap-element clearfix\" style=\"display:block; height:auto;\">\n\t\t\n<style>\n#gap-2230500 {\n  padding-top: 30px;\n}\n<\/style>\n\t<\/div>\n\t\n<h3>5. quantidade de personaliza\u00e7\u00e3o flex\u00edvel e entrega eficiente<\/h3>\n<p>Quer necessite de personaliza\u00e7\u00e3o de pequenos lotes para projectos residenciais de alta qualidade, quer de personaliza\u00e7\u00e3o em grande escala para satisfazer as necessidades de decora\u00e7\u00e3o de locais comerciais (como hot\u00e9is, centros comerciais, restaurantes, etc.), podemos responder de forma flex\u00edvel e fornecer solu\u00e7\u00f5es personalizadas adequadas. Ao mesmo tempo, estamos bem conscientes da import\u00e2ncia do tempo para os clientes. Ao otimizar o processo de produ\u00e7\u00e3o e a gest\u00e3o eficiente da cadeia de fornecimento, garantimos que os candelabros personalizados podem ser entregues a tempo, assegurando a qualidade, para que o seu projeto possa prosseguir sem problemas, sem se preocupar com atrasos na constru\u00e7\u00e3o.<\/p>\n\t\t<\/div>\n\t\t\t\t\t<\/div>\n\n\t\n<\/div>\n\t\t<\/div>\n\n\t\t\n<style>\n#section_464329905 {\n  padding-top: 30px;\n  padding-bottom: 30px;\n}\n<\/style>\n\t<\/section>\n\t\n\t<section class=\"section\" id=\"section_1249816106\">\n\t\t<div class=\"bg section-bg fill bg-fill  bg-loaded\" >\n\n\t\t\t\n\t\t\t\n\t\t\t\n\n\t\t<\/div>\n\n\t\t\n\n\t\t<div class=\"section-content relative\">\n\t\t\t\n<div class=\"row\"  id=\"row-1794711174\">\n\n\t<div id=\"col-1911498988\" class=\"col small-12 large-12\"  >\n\t\t\t\t<div class=\"col-inner\"  >\n\t\t\t\n\t\t\t\n\t<div id=\"text-704480918\" class=\"text\">\n\t\t\n<h2 style=\"text-align: center;\">Contactar-nos<\/h2>\n\t\t\n<style>\n#text-704480918 {\n  color: rgb(0,0,0);\n}\n#text-704480918 > * {\n  color: rgb(0,0,0);\n}\n<\/style>\n\t<\/div>\n\t\n\t\t<\/div>\n\t\t\t\t\t<\/div>\n\n\t\n<\/div>\n<div class=\"row\"  id=\"row-1181850944\">\n\n\t<div id=\"col-1602935199\" class=\"col small-12 large-12\"  >\n\t\t\t\t<div class=\"col-inner\"  >\n\t\t\t\n\t\t\t\n\n<div class=\"wpcf7 no-js\" id=\"wpcf7-f280-o1\" lang=\"en-US\" dir=\"ltr\" data-wpcf7-id=\"280\">\n<div class=\"screen-reader-response\"><p role=\"status\" aria-live=\"polite\" aria-atomic=\"true\"><\/p> <ul><\/ul><\/div>\n<form action=\"\/pt\/wp-json\/wp\/v2\/pages\/513#wpcf7-f280-o1\" method=\"post\" class=\"wpcf7-form init\" aria-label=\"Formul\u00e1rio de contacto\" novalidate=\"novalidate\" data-status=\"init\" data-trp-original-action=\"\/pt\/wp-json\/wp\/v2\/pages\/513#wpcf7-f280-o1\">\n<div style=\"display: none;\">\n<input type=\"hidden\" name=\"_wpcf7\" value=\"280\" \/>\n<input type=\"hidden\" name=\"_wpcf7_version\" value=\"6.0.6\" \/>\n<input type=\"hidden\" name=\"_wpcf7_locale\" value=\"en_US\" \/>\n<input type=\"hidden\" name=\"_wpcf7_unit_tag\" value=\"wpcf7-f280-o1\" \/>\n<input type=\"hidden\" name=\"_wpcf7_container_post\" value=\"0\" \/>\n<input type=\"hidden\" name=\"_wpcf7_posted_data_hash\" value=\"\" \/>\n<\/div>\n<div class='custom_contact_style'>\n\t<div class=\"row row-small\">\n\t\t<div class=\"col medium-6 small-12 large-6\">\n\t\t\t<div class=\"col-inner\">\n\t\t\t\t<p><span class=\"wpcf7-form-control-wrap\" data-name=\"your-name\"><input size=\"40\" maxlength=\"400\" class=\"wpcf7-form-control wpcf7-text wpcf7-validates-as-required\" aria-required=\"true\" aria-invalid=\"false\" placeholder=\"Nome*\" value=\"\" type=\"text\" name=\"your-name\" \/><\/span>\n\t\t\t\t<\/p>\n\t\t\t<\/div>\n\t\t<\/div>\n\t\t<div class=\"col medium-6 small-12 large-6\">\n\t\t\t<div class=\"col-inner\">\n\t\t\t\t<p><span class=\"wpcf7-form-control-wrap\" data-name=\"your-email\"><input size=\"40\" maxlength=\"400\" class=\"wpcf7-form-control wpcf7-email wpcf7-validates-as-required wpcf7-text wpcf7-validates-as-email\" aria-required=\"true\" aria-invalid=\"false\" placeholder=\"Correio eletr\u00f3nico*\" value=\"\" type=\"email\" name=\"your-email\" \/><\/span>\n\t\t\t\t<\/p>\n\t\t\t<\/div>\n\t\t<\/div>\n\t<\/div>\n\t<div class='cus_contact_form_bottom'>\n\t\t<p><span class=\"wpcf7-form-control-wrap\" data-name=\"your-phone\"><input size=\"40\" maxlength=\"400\" class=\"wpcf7-form-control wpcf7-text\" aria-invalid=\"false\" placeholder=\"Telefone\" value=\"\" type=\"text\" name=\"your-phone\" \/><\/span>\n\t\t<\/p>\n\t<\/div>\n\t<div class='cus_contact_form_bottom'>\n\t\t<p><span class=\"wpcf7-form-control-wrap\" data-name=\"your-country\"><input size=\"40\" maxlength=\"400\" class=\"wpcf7-form-control wpcf7-text\" aria-invalid=\"false\" placeholder=\"Pa\u00eds\" value=\"\" type=\"text\" name=\"your-country\" \/><\/span>\n\t\t<\/p>\n\t<\/div>\n\t<p><span class=\"wpcf7-form-control-wrap\" data-name=\"your-message\"><textarea cols=\"40\" rows=\"10\" maxlength=\"2000\" class=\"wpcf7-form-control wpcf7-textarea wpcf7-validates-as-required\" aria-required=\"true\" aria-invalid=\"false\" placeholder=\"A sua mensagem *\" name=\"your-message\"><\/textarea><\/span>\n\t<\/p>\n\t<div style=\"margin-bottom:10px;\">\n\t\t<p><span class=\"wpcf7-form-control-wrap kc_captcha cf7ic-toggle\" data-name=\"kc_captcha\"><span class=\"wpcf7-form-control wpcf7-radio\"><span class=\"captcha-image\" style=\"display: none;\"><span class=\"cf7ic_instructions\">Por favor, prove que \u00e9 humano selecionando a op\u00e7\u00e3o<span> star<\/span>.<\/span><label><input aria-label=\"1\" type=\"radio\" name=\"kc_captcha\" value=\"kc_human\" \/><svg aria-hidden=\"true\" role=\"img\" xmlns=\"http:\/\/www.w3.org\/2000\/svg\" viewbox=\"0 0 576 512\"><path fill=\"currentColor\" d=\"M259 18l-65 132-146 22c-26 3-37 36-18 54l106 103-25 146c-5 26 23 46 46 33l131-68 131 68c23 13 51-7 46-33l-25-146 106-103c19-18 8-51-18-54l-146-22-65-132a32 32 0 00-58 0z\"\/><\/svg><\/label><label><input aria-label=\"2\" type=\"radio\" name=\"kc_captcha\" value=\"bot\" \/><svg aria-hidden=\"true\" role=\"img\" xmlns=\"http:\/\/www.w3.org\/2000\/svg\" viewbox=\"0 0 512 512\"><path fill=\"currentColor\" d=\"M500 168h-55l-8-21a127 127 0 00-120-83H195a127 127 0 00-120 83l-8 21H12c-8 0-14 8-11 16l8 24a12 12 0 0011 8h29a64 64 0 00-33 56v48c0 16 6 31 16 42v62c0 13 11 24 24 24h48c13 0 24-11 24-24v-40h256v40c0 13 11 24 24 24h48c13 0 24-11 24-24v-62c10-11 16-26 16-42v-48c0-24-13-45-33-56h29a12 12 0 0011-8l8-24c3-8-3-16-11-16zm-365 2c9-25 33-42 60-42h122c27 0 51 17 60 42l15 38H120l15-38zM88 328a32 32 0 010-64c18 0 48 30 48 48s-30 16-48 16zm336 0c-18 0-48 2-48-16s30-48 48-48 32 14 32 32-14 32-32 32z\"\/><\/svg><\/label><label><input aria-label=\"3\" type=\"radio\" name=\"kc_captcha\" value=\"bot\" \/><svg aria-hidden=\"true\" role=\"img\" xmlns=\"http:\/\/www.w3.org\/2000\/svg\" viewbox=\"0 0 640 512\"><path fill=\"currentColor\" d=\"M624 352h-16V244c0-13-5-25-14-34L494 110c-9-9-21-14-34-14h-44V48c0-26-21-48-48-48H48C22 0 0 22 0 48v320c0 27 22 48 48 48h16a96 96 0 00192 0h128a96 96 0 00192 0h48c9 0 16-7 16-16v-32c0-9-7-16-16-16zM160 464a48 48 0 110-96 48 48 0 010 96zm320 0a48 48 0 110-96 48 48 0 010 96zm80-208H416V144h44l100 100v12z\"\/><\/svg><\/label>\r\n    <\/span>\r\n    <span style=\"display:none\">\r\n        <input type=\"text\" name=\"kc_honeypot\">\r\n    <\/span><\/span><\/span>\n\t\t<\/p>\n\t<\/div>\n\t<p><input class=\"wpcf7-form-control wpcf7-submit has-spinner\" type=\"submit\" value=\"Enviar mensagem\" \/>\n\t<\/p>\n<\/div><div class=\"wpcf7-response-output\" aria-hidden=\"true\"><\/div>\n<input type=\"hidden\" name=\"trp-form-language\" value=\"pt\"\/><\/form>\n<\/div>\n\n\t\t<\/div>\n\t\t\t\t\t<\/div>\n\n\t\n<\/div>\n\t\t<\/div>\n\n\t\t\n<style>\n#section_1249816106 {\n  padding-top: 30px;\n  padding-bottom: 30px;\n  background-color: rgba(0, 0, 0, 0.128);\n}\n<\/style>\n\t<\/section>","protected":false},"excerpt":{"rendered":"","protected":false},"author":3,"featured_media":2124,"parent":0,"menu_order":0,"comment_status":"closed","ping_status":"closed","template":"page-blank.php","meta":{"footnotes":""},"class_list":["post-513","page","type-page","status-publish","has-post-thumbnail","hentry"],"_links":{"self":[{"href":"https:\/\/chandelier-yc.com\/pt\/wp-json\/wp\/v2\/pages\/513"}],"collection":[{"href":"https:\/\/chandelier-yc.com\/pt\/wp-json\/wp\/v2\/pages"}],"about":[{"href":"https:\/\/chandelier-yc.com\/pt\/wp-json\/wp\/v2\/types\/page"}],"author":[{"embeddable":true,"href":"https:\/\/chandelier-yc.com\/pt\/wp-json\/wp\/v2\/users\/3"}],"replies":[{"embeddable":true,"href":"https:\/\/chandelier-yc.com\/pt\/wp-json\/wp\/v2\/comments?post=513"}],"version-history":[{"count":28,"href":"https:\/\/chandelier-yc.com\/pt\/wp-json\/wp\/v2\/pages\/513\/revisions"}],"predecessor-version":[{"id":2141,"href":"https:\/\/chandelier-yc.com\/pt\/wp-json\/wp\/v2\/pages\/513\/revisions\/2141"}],"wp:featuredmedia":[{"embeddable":true,"href":"https:\/\/chandelier-yc.com\/pt\/wp-json\/wp\/v2\/media\/2124"}],"wp:attachment":[{"href":"https:\/\/chandelier-yc.com\/pt\/wp-json\/wp\/v2\/media?parent=513"}],"curies":[{"name":"wp","href":"https:\/\/api.w.org\/{rel}","templated":true}]}}