{"id":1642,"date":"2024-10-31T09:34:59","date_gmt":"2024-10-31T09:34:59","guid":{"rendered":"https:\/\/chandelier-yc.com\/?post_type=product&#038;p=1642"},"modified":"2024-11-01T01:43:08","modified_gmt":"2024-11-01T01:43:08","slug":"glass-bubble-chandelier510651075108","status":"publish","type":"product","link":"https:\/\/chandelier-yc.com\/pt\/manufacturer\/glass-bubble-chandelier510651075108\/","title":{"rendered":"Lustre de bolhas de vidro(5106,5107,5108)"},"content":{"rendered":"<p>Os candelabros de bolhas de vidro s\u00e3o uma op\u00e7\u00e3o de ilumina\u00e7\u00e3o deslumbrante e moderna que pode dar um toque de eleg\u00e2ncia e capricho a qualquer espa\u00e7o. Caracterizam-se pelo seu design \u00fanico, com um conjunto de bolhas de vidro suspensas num ponto central.<\/p>\n<h2><strong>Porqu\u00ea escolher um candeeiro de bolhas de vidro?<\/strong><\/h2>\n<ul>\n<li><strong>\u00danico e apelativo:<\/strong>O seu design distinto torna-os um ponto focal em qualquer divis\u00e3o.<\/li>\n<li><strong>Estilo vers\u00e1til:<\/strong>\u00a0Podem complementar uma variedade de estilos de design de interiores, desde o moderno ao tradicional.<\/li>\n<li><strong>Personaliz\u00e1vel<\/strong>: Pode escolher entre diferentes tamanhos, formas e cores para corresponder \u00e0s suas prefer\u00eancias pessoais.<\/li>\n<li><strong>Ilumina\u00e7\u00e3o suave e ambiente:<\/strong>\u00a0As bolhas de vidro difundem a luz, criando uma atmosfera quente e convidativa.<\/li>\n<\/ul>\n<h2><strong>Onde utilizar um candelabro de bolhas de vidro:<\/strong><\/h2>\n<ul>\n<li><strong>Sala de estar:<\/strong> Um lustre de bolhas grande e dram\u00e1tico pode ser a pe\u00e7a central da sua sala de estar.<\/li>\n<li><strong>Sala de jantar:<\/strong> Um candelabro mais pequeno e delicado pode dar mais eleg\u00e2ncia \u00e0 sua mesa de jantar.<\/li>\n<li><strong>Quarto de dormir:<\/strong> Um candeeiro de bolhas suave e ambiente pode criar uma atmosfera relaxante no seu quarto.<\/li>\n<li><strong>Entrada:<\/strong>Um candelabro de bolhas \u00fanico pode causar uma grande primeira impress\u00e3o.<\/li>\n<\/ul>\n<h2 data-sourcepos=\"17:1-17:48\"><strong>Dicas para escolher um lustre com bolhas de vidro:<\/strong><\/h2>\n<ul data-sourcepos=\"19:1-23:0\">\n<li data-sourcepos=\"19:1-19:140\"><strong>Considerar o tamanho da divis\u00e3o:<\/strong> Um candelabro maior \u00e9 adequado para uma sala espa\u00e7osa, enquanto um mais pequeno \u00e9 melhor para um espa\u00e7o mais pequeno.<\/li>\n<li data-sourcepos=\"20:1-20:118\"><strong>Escolha a cor e o acabamento certos:<\/strong> A cor e o acabamento das bolhas de vidro podem complementar a decora\u00e7\u00e3o existente.<\/li>\n<li data-sourcepos=\"21:1-21:113\"><strong>Pense no estilo:<\/strong> Considere o estilo geral da sua divis\u00e3o e escolha um candeeiro que o complemente.<\/li>\n<li data-sourcepos=\"22:1-23:0\"><strong>Verificar a ilumina\u00e7\u00e3o:<\/strong> Certifique-se de que o candeeiro fornece a ilumina\u00e7\u00e3o adequada para a fun\u00e7\u00e3o da divis\u00e3o.<\/li>\n<\/ul>","protected":false},"excerpt":{"rendered":"<p>Product size:\u03a6600MM*900MM\/\u03a6800MM*1040MM\/\u03a6900MM*1220MM<\/p>\n<p>Peso do produto (kg):17,3\/32\/31,14<\/p>\n<p>N\u00famero de cabe\u00e7as de l\u00e2mpada (unidades):5\/10\/15<\/p>\n<p>M\u00e9todo de embalagem:Espuma+cart\u00e3o<\/p>","protected":false},"featured_media":1643,"template":"","meta":[],"product_brand":[],"product_cat":[39],"product_tag":[],"class_list":{"0":"post-1642","1":"product","2":"type-product","3":"status-publish","4":"has-post-thumbnail","6":"product_cat-chandelier-1","8":"first","9":"instock","10":"shipping-taxable","11":"product-type-simple"},"_links":{"self":[{"href":"https:\/\/chandelier-yc.com\/pt\/wp-json\/wp\/v2\/product\/1642"}],"collection":[{"href":"https:\/\/chandelier-yc.com\/pt\/wp-json\/wp\/v2\/product"}],"about":[{"href":"https:\/\/chandelier-yc.com\/pt\/wp-json\/wp\/v2\/types\/product"}],"wp:featuredmedia":[{"embeddable":true,"href":"https:\/\/chandelier-yc.com\/pt\/wp-json\/wp\/v2\/media\/1643"}],"wp:attachment":[{"href":"https:\/\/chandelier-yc.com\/pt\/wp-json\/wp\/v2\/media?parent=1642"}],"wp:term":[{"taxonomy":"product_brand","embeddable":true,"href":"https:\/\/chandelier-yc.com\/pt\/wp-json\/wp\/v2\/product_brand?post=1642"},{"taxonomy":"product_cat","embeddable":true,"href":"https:\/\/chandelier-yc.com\/pt\/wp-json\/wp\/v2\/product_cat?post=1642"},{"taxonomy":"product_tag","embeddable":true,"href":"https:\/\/chandelier-yc.com\/pt\/wp-json\/wp\/v2\/product_tag?post=1642"}],"curies":[{"name":"wp","href":"https:\/\/api.w.org\/{rel}","templated":true}]}}