{"id":1648,"date":"2024-11-01T02:28:22","date_gmt":"2024-11-01T02:28:22","guid":{"rendered":"https:\/\/chandelier-yc.com\/?post_type=product&#038;p=1648"},"modified":"2024-11-01T02:28:22","modified_gmt":"2024-11-01T02:28:22","slug":"large-crystal-chandelier","status":"publish","type":"product","link":"https:\/\/chandelier-yc.com\/pt\/manufacturer\/large-crystal-chandelier\/","title":{"rendered":"Lustre de cristal grande(5109,5104)"},"content":{"rendered":"<p data-sourcepos=\"1:1-1:230\">Os lustres de cristal de grandes dimens\u00f5es s\u00e3o uma pe\u00e7a impressionante que pode elevar a eleg\u00e2ncia e a grandeza de qualquer espa\u00e7o. S\u00e3o particularmente adequados para divis\u00f5es grandes com tectos altos, como foyers, salas de jantar e grandes sal\u00f5es.<\/p>\n<h3 data-sourcepos=\"5:1-5:46\"><strong>Carater\u00edsticas principais dos grandes lustres de cristal:<\/strong><\/h3>\n<ul data-sourcepos=\"7:1-13:0\">\n<li data-sourcepos=\"7:1-8:65\"><strong>Design opulento:<\/strong> Os grandes lustres de cristal s\u00e3o frequentemente adornados com milhares de cristais cintilantes, criando um espet\u00e1culo deslumbrante de luz e reflexo.<\/li>\n<li data-sourcepos=\"7:1-8:65\"><strong style=\"font-size: 14.4px;\">Tamanho impressionante:<\/strong><span style=\"font-size: 14.4px;\"> Estes candelabros s\u00e3o normalmente bastante grandes, com di\u00e2metros que variam de v\u00e1rios metros a v\u00e1rios metros.<\/span><\/li>\n<li data-sourcepos=\"10:1-10:124\"><strong>Personaliz\u00e1vel:<\/strong> Podem ser personalizados em termos de tamanho, forma, cor e n\u00famero de luzes para se adaptarem \u00e0s suas necessidades espec\u00edficas.<\/li>\n<li data-sourcepos=\"11:1-11:140\"><strong>Eleg\u00e2ncia intemporal:<\/strong> Os lustres de cristal s\u00e3o utilizados h\u00e1 s\u00e9culos e s\u00e3o considerados um s\u00edmbolo intemporal de luxo e sofistica\u00e7\u00e3o.<\/li>\n<li data-sourcepos=\"12:1-13:0\"><strong>Versatilidade:<\/strong> Embora sejam frequentemente associados a uma decora\u00e7\u00e3o tradicional, os lustres de cristal tamb\u00e9m podem complementar interiores modernos e contempor\u00e2neos.<\/li>\n<\/ul>\n<h3 data-sourcepos=\"14:1-14:53\"><strong>Alguns estilos populares de grandes candelabros de cristal:<\/strong><\/h3>\n<ul data-sourcepos=\"16:1-22:0\">\n<li data-sourcepos=\"16:1-17:47\"><strong>Tradicional:<\/strong> Estes candelabros apresentam frequentemente pormenores ornamentados, tais como volutas, folhas e flores.<\/li>\n<li data-sourcepos=\"16:1-17:47\"><strong style=\"font-size: 14.4px;\">Moderno:<\/strong><span style=\"font-size: 14.4px;\"> Estes candelabros apresentam frequentemente linhas simples e formas simples, com destaque para a beleza natural do cristal.<\/span><\/li>\n<li data-sourcepos=\"16:1-17:47\"><strong style=\"font-size: 14.4px;\">Contempor\u00e2neo:<\/strong><span style=\"font-size: 14.4px;\"> Estes candeeiros combinam frequentemente elementos tradicionais com materiais e designs modernos.<\/span>\n<div class=\"attachment-container search-images\">\n<div class=\"image-container hide-from-message-actions ng-star-inserted\">\n<div class=\"caption ellipsis gmat-caption ng-star-inserted\" aria-hidden=\"true\"><\/div>\n<\/div>\n<\/div>\n<\/li>\n<\/ul>\n<h3 data-sourcepos=\"23:1-23:49\"><strong>Conselhos para escolher um candeeiro de cristal grande:<\/strong><\/h3>\n<ul data-sourcepos=\"25:1-30:0\">\n<li data-sourcepos=\"25:1-25:99\"><strong>Considere o tamanho da divis\u00e3o:<\/strong> O candelabro deve ser proporcional ao tamanho da divis\u00e3o.<\/li>\n<li data-sourcepos=\"26:1-26:94\"><strong>Pense na altura do teto:<\/strong> O candelabro n\u00e3o deve ser demasiado baixo nem demasiado alto.<\/li>\n<li data-sourcepos=\"27:1-27:105\"><strong>Considere o estilo da divis\u00e3o:<\/strong> Escolha um candeeiro que complemente o estilo geral da divis\u00e3o.<\/li>\n<li data-sourcepos=\"28:1-28:130\"><strong>Pense nas necessidades de ilumina\u00e7\u00e3o da divis\u00e3o:<\/strong> Escolha um candeeiro com o n\u00famero certo de l\u00e2mpadas para proporcionar uma ilumina\u00e7\u00e3o adequada.<\/li>\n<li data-sourcepos=\"29:1-30:0\"><strong>Considerar o or\u00e7amento:<\/strong> Os grandes candelabros de cristal podem ser bastante caros, pelo que \u00e9 importante definir um or\u00e7amento antes de come\u00e7ar a comprar.<\/li>\n<\/ul>","protected":false},"excerpt":{"rendered":"<p>Tamanho do produto: \u03a61150MM*1650MM \/\u03a6550MM*920MM<\/p>\n<p>Peso do produto (kg):44,95\/6,04<\/p>\n<p>N\u00famero de cabe\u00e7as de l\u00e2mpada (unidades):10\/6<\/p>\n<p>M\u00e9todo de embalagem:Espuma+cart\u00e3o<\/p>","protected":false},"featured_media":1649,"template":"","meta":[],"product_brand":[],"product_cat":[39],"product_tag":[],"class_list":{"0":"post-1648","1":"product","2":"type-product","3":"status-publish","4":"has-post-thumbnail","6":"product_cat-chandelier-1","8":"first","9":"instock","10":"shipping-taxable","11":"product-type-simple"},"_links":{"self":[{"href":"https:\/\/chandelier-yc.com\/pt\/wp-json\/wp\/v2\/product\/1648"}],"collection":[{"href":"https:\/\/chandelier-yc.com\/pt\/wp-json\/wp\/v2\/product"}],"about":[{"href":"https:\/\/chandelier-yc.com\/pt\/wp-json\/wp\/v2\/types\/product"}],"wp:featuredmedia":[{"embeddable":true,"href":"https:\/\/chandelier-yc.com\/pt\/wp-json\/wp\/v2\/media\/1649"}],"wp:attachment":[{"href":"https:\/\/chandelier-yc.com\/pt\/wp-json\/wp\/v2\/media?parent=1648"}],"wp:term":[{"taxonomy":"product_brand","embeddable":true,"href":"https:\/\/chandelier-yc.com\/pt\/wp-json\/wp\/v2\/product_brand?post=1648"},{"taxonomy":"product_cat","embeddable":true,"href":"https:\/\/chandelier-yc.com\/pt\/wp-json\/wp\/v2\/product_cat?post=1648"},{"taxonomy":"product_tag","embeddable":true,"href":"https:\/\/chandelier-yc.com\/pt\/wp-json\/wp\/v2\/product_tag?post=1648"}],"curies":[{"name":"wp","href":"https:\/\/api.w.org\/{rel}","templated":true}]}}