{"id":1651,"date":"2024-11-01T02:42:57","date_gmt":"2024-11-01T02:42:57","guid":{"rendered":"https:\/\/chandelier-yc.com\/?post_type=product&#038;p=1651"},"modified":"2024-11-01T02:42:57","modified_gmt":"2024-11-01T02:42:57","slug":"twig-chandelierft1090ft800ft500","status":"publish","type":"product","link":"https:\/\/chandelier-yc.com\/pt\/manufacturer\/twig-chandelierft1090ft800ft500\/","title":{"rendered":"Twig Chandelier(FT1090,FT800,FT500)"},"content":{"rendered":"<p data-sourcepos=\"1:1-1:240\">Os candelabros de galhos s\u00e3o uma op\u00e7\u00e3o de ilumina\u00e7\u00e3o \u00fanica e elegante que pode dar um toque de natureza \u00e0 decora\u00e7\u00e3o da sua casa. S\u00e3o muitas vezes feitos de galhos reais ou falsos, ramos ou troncos, e podem ser personalizados para se adaptarem a qualquer estilo, do r\u00fastico ao moderno.<\/p>\n<h3 data-sourcepos=\"7:1-7:37\"><strong>Principais carater\u00edsticas dos candelabros de galhos:<\/strong><\/h3>\n<ul data-sourcepos=\"9:1-14:0\">\n<li data-sourcepos=\"9:1-9:90\"><strong>Beleza natural:<\/strong> A utiliza\u00e7\u00e3o de materiais naturais cria uma atmosfera calorosa e convidativa.<\/li>\n<li data-sourcepos=\"10:1-10:131\"><strong>Vers\u00e1til:<\/strong> Podem ser utilizados numa grande variedade de ambientes, desde salas de estar e salas de jantar a quartos e mesmo espa\u00e7os exteriores.<\/li>\n<li data-sourcepos=\"11:1-11:106\"><strong>Personaliz\u00e1vel:<\/strong> Podem ser personalizados em termos de tamanho, forma e cor para se adaptarem \u00e0s suas necessidades espec\u00edficas.<\/li>\n<li data-sourcepos=\"12:1-12:78\"><strong>Amigo do ambiente:<\/strong> Muitos candelabros de galhos s\u00e3o feitos de materiais sustent\u00e1veis.<\/li>\n<li data-sourcepos=\"13:1-14:0\"><strong>\u00danico:<\/strong> S\u00e3o uma pe\u00e7a de decora\u00e7\u00e3o \u00fanica e apelativa.<\/li>\n<\/ul>\n<h3 data-sourcepos=\"15:1-15:44\"><strong>Alguns estilos populares de candelabros de galhos:<\/strong><\/h3>\n<ul data-sourcepos=\"17:1-23:0\">\n<li data-sourcepos=\"17:1-18:33\"><strong>R\u00fastico:<\/strong> Estes candelabros apresentam frequentemente ramos e galhos toscos.<\/li>\n<li data-sourcepos=\"17:1-18:33\"><strong style=\"font-size: 14.4px;\">Moderno:<\/strong><span style=\"font-size: 14.4px;\"> Estes candelabros apresentam frequentemente linhas elegantes e designs minimalistas.<\/span><\/li>\n<li data-sourcepos=\"17:1-18:33\"><strong style=\"font-size: 14.4px;\">Bo\u00e9mio:<\/strong><span style=\"font-size: 14.4px;\"> Estes candelabros apresentam frequentemente uma mistura de materiais naturais, como ramos, penas e cristais.<\/span>\n<div class=\"attachment-container search-images\">\n<div class=\"image-container hide-from-message-actions ng-star-inserted\">\n<div class=\"caption ellipsis gmat-caption ng-star-inserted\" aria-hidden=\"true\"><\/div>\n<\/div>\n<\/div>\n<\/li>\n<\/ul>\n<h3 data-sourcepos=\"24:1-24:40\"><strong>Conselhos para escolher um candeeiro de galhos:<\/strong><\/h3>\n<ul data-sourcepos=\"26:1-31:0\">\n<li data-sourcepos=\"26:1-26:99\"><strong>Considere o tamanho da divis\u00e3o:<\/strong> O candelabro deve ser proporcional ao tamanho da divis\u00e3o.<\/li>\n<li data-sourcepos=\"27:1-27:108\"><strong>Pense no estilo da divis\u00e3o:<\/strong> Escolha um candeeiro que complemente o estilo geral da divis\u00e3o.<\/li>\n<li data-sourcepos=\"28:1-28:127\"><strong>Considere as necessidades de ilumina\u00e7\u00e3o da divis\u00e3o:<\/strong> Escolha um candeeiro com o n\u00famero certo de l\u00e2mpadas para proporcionar uma ilumina\u00e7\u00e3o adequada.<\/li>\n<li data-sourcepos=\"29:1-29:111\"><strong>Pensa na cor dos ramos:<\/strong> A cor dos ramos pode afetar o aspeto geral do candelabro.<\/li>\n<li data-sourcepos=\"30:1-31:0\"><strong>Considere a forma do candeeiro:<\/strong> A forma do candelabro tamb\u00e9m pode afetar o aspeto geral.<\/li>\n<\/ul>","protected":false},"excerpt":{"rendered":"<p>Product size:\u03a61090MM*440MM\/\u03a6800MM*440MM\/\u03a6500MM*430MM<\/p>\n<p>Peso do produto (kg):86\/72,1\/40,3<\/p>\n<p>N\u00famero de cabe\u00e7as de l\u00e2mpada (unidades):10\/6\/6<\/p>\n<p>M\u00e9todo de embalagem:Espuma+cart\u00e3o<\/p>","protected":false},"featured_media":1652,"template":"","meta":[],"product_brand":[],"product_cat":[39],"product_tag":[],"class_list":{"0":"post-1651","1":"product","2":"type-product","3":"status-publish","4":"has-post-thumbnail","6":"product_cat-chandelier-1","8":"first","9":"instock","10":"shipping-taxable","11":"product-type-simple"},"_links":{"self":[{"href":"https:\/\/chandelier-yc.com\/pt\/wp-json\/wp\/v2\/product\/1651"}],"collection":[{"href":"https:\/\/chandelier-yc.com\/pt\/wp-json\/wp\/v2\/product"}],"about":[{"href":"https:\/\/chandelier-yc.com\/pt\/wp-json\/wp\/v2\/types\/product"}],"wp:featuredmedia":[{"embeddable":true,"href":"https:\/\/chandelier-yc.com\/pt\/wp-json\/wp\/v2\/media\/1652"}],"wp:attachment":[{"href":"https:\/\/chandelier-yc.com\/pt\/wp-json\/wp\/v2\/media?parent=1651"}],"wp:term":[{"taxonomy":"product_brand","embeddable":true,"href":"https:\/\/chandelier-yc.com\/pt\/wp-json\/wp\/v2\/product_brand?post=1651"},{"taxonomy":"product_cat","embeddable":true,"href":"https:\/\/chandelier-yc.com\/pt\/wp-json\/wp\/v2\/product_cat?post=1651"},{"taxonomy":"product_tag","embeddable":true,"href":"https:\/\/chandelier-yc.com\/pt\/wp-json\/wp\/v2\/product_tag?post=1651"}],"curies":[{"name":"wp","href":"https:\/\/api.w.org\/{rel}","templated":true}]}}