{"id":1655,"date":"2024-11-01T03:12:17","date_gmt":"2024-11-01T03:12:17","guid":{"rendered":"https:\/\/chandelier-yc.com\/?post_type=product&#038;p=1655"},"modified":"2024-11-01T03:12:17","modified_gmt":"2024-11-01T03:12:17","slug":"large-entryway-chandelierft1090","status":"publish","type":"product","link":"https:\/\/chandelier-yc.com\/pt\/manufacturer\/large-entryway-chandelierft1090\/","title":{"rendered":"Candeeiro de entrada grande (FT1090)"},"content":{"rendered":"<p data-sourcepos=\"1:1-1:198\">Um grande candeeiro de entrada pode ser um ponto focal deslumbrante para a sua casa, fazendo uma grande afirma\u00e7\u00e3o assim que voc\u00ea ou os seus convidados entram pela porta. Aqui est\u00e3o algumas dicas para escolher o lustre perfeito:<\/p>\n<h2 data-sourcepos=\"3:1-3:24\"><strong>Lustre de entrada grande Factores a considerar:<\/strong><\/h2>\n<ul data-sourcepos=\"5:1-18:0\">\n<li data-sourcepos=\"5:1-5:191\"><strong>Tamanho do quarto:<\/strong> O candeeiro deve ser proporcional ao tamanho da sua entrada. <span class=\"citation-0 recitation citation-end-0\">Um candelabro demasiado pequeno parecer\u00e1 perdido, enquanto um demasiado grande sobrecarregar\u00e1 o espa\u00e7o.<\/span><\/li>\n<li data-sourcepos=\"5:1-5:191\"><strong><span class=\"citation-1 recitation\">Altura do teto:<\/span><\/strong><span class=\"citation-1 recitation citation-end-1\"> Um teto alto permite um candelabro mais dram\u00e1tico, enquanto um teto mais baixo pode exigir uma op\u00e7\u00e3o mais compacta.<\/span><\/li>\n<li data-sourcepos=\"5:1-5:191\"><strong>Estilo:<\/strong> O seu candeeiro deve complementar o estilo geral da sua casa. Considere op\u00e7\u00f5es como<\/li>\n<li data-sourcepos=\"5:1-5:191\"><strong><span class=\"citation-2 recitation\">Tradicional:<\/span><\/strong><span class=\"citation-2 recitation citation-end-2\"> Lustres de cristal ornamentados com pormenores intrincados.<\/span><\/li>\n<li data-sourcepos=\"5:1-5:191\"><strong>Moderno:<\/strong> Designs elegantes e minimalistas com linhas simples.<\/li>\n<li data-sourcepos=\"5:1-5:191\"><strong><span class=\"citation-3 recitation\">R\u00fastico:<\/span><\/strong><span class=\"citation-3 recitation citation-end-3\"> Lustres feitos de materiais naturais como madeira ou ferro forjado.<\/span><\/li>\n<li data-sourcepos=\"5:1-5:191\"><strong style=\"font-size: 14.4px;\">Contempor\u00e2neo:<\/strong><span style=\"font-size: 14.4px;\"> Uma mistura de elementos modernos e tradicionais, muitas vezes com formas e materiais \u00fanicos.<\/span><\/li>\n<li data-sourcepos=\"16:1-16:133\"><strong>Necessidades de ilumina\u00e7\u00e3o:<\/strong> Certifique-se de que o candeeiro proporciona uma ilumina\u00e7\u00e3o adequada ao espa\u00e7o. Considere o n\u00famero de l\u00e2mpadas e a sua pot\u00eancia.<\/li>\n<li data-sourcepos=\"16:1-16:133\"><strong>Reguladores de intensidade:<\/strong> Considere a utiliza\u00e7\u00e3o de reguladores de intensidade para ajustar o n\u00edvel de ilumina\u00e7\u00e3o e criar diferentes ambientes na sua entrada.<\/li>\n<li data-sourcepos=\"16:1-16:133\"><strong>Or\u00e7amento:<\/strong> Defina um or\u00e7amento antes de come\u00e7ar a fazer compras para evitar gastos excessivos.<br \/>\n<h3 data-sourcepos=\"27:1-27:20\"><strong>Lustre de entrada grande Dicas adicionais:<\/strong><\/h3>\n<ul data-sourcepos=\"29:1-32:0\">\n<li data-sourcepos=\"29:1-29:164\"><strong>Instala\u00e7\u00e3o profissional:<\/strong> Considere a possibilidade de contratar um eletricista profissional para garantir uma instala\u00e7\u00e3o segura e adequada, especialmente no caso de candelabros maiores e mais complexos.<\/li>\n<li data-sourcepos=\"30:1-30:183\"><strong>Manuten\u00e7\u00e3o:<\/strong> Limpe regularmente o seu candeeiro para o manter com o melhor aspeto poss\u00edvel. Limpar o p\u00f3 com um pano macio ou utilizar um kit de limpeza especializado para lustres pode ajudar a manter o seu brilho.<\/li>\n<li data-sourcepos=\"31:1-32:0\"><strong>Reguladores de intensidade:<\/strong> Considere a utiliza\u00e7\u00e3o de reguladores de intensidade para ajustar o n\u00edvel de ilumina\u00e7\u00e3o e criar diferentes ambientes na sua entrada.<\/li>\n<\/ul>\n<\/li>\n<\/ul>","protected":false},"excerpt":{"rendered":"<p>Product size:L1090MM*W320MM*H440MM<\/p>\n<p>Peso do produto (kg):72,1<\/p>\n<p>N\u00famero de cabe\u00e7as de l\u00e2mpada (unidades):6<\/p>\n<p>M\u00e9todo de embalagem:Espuma+cart\u00e3o<\/p>","protected":false},"featured_media":1656,"template":"","meta":[],"product_brand":[],"product_cat":[39],"product_tag":[],"class_list":{"0":"post-1655","1":"product","2":"type-product","3":"status-publish","4":"has-post-thumbnail","6":"product_cat-chandelier-1","8":"first","9":"instock","10":"shipping-taxable","11":"product-type-simple"},"_links":{"self":[{"href":"https:\/\/chandelier-yc.com\/pt\/wp-json\/wp\/v2\/product\/1655"}],"collection":[{"href":"https:\/\/chandelier-yc.com\/pt\/wp-json\/wp\/v2\/product"}],"about":[{"href":"https:\/\/chandelier-yc.com\/pt\/wp-json\/wp\/v2\/types\/product"}],"wp:featuredmedia":[{"embeddable":true,"href":"https:\/\/chandelier-yc.com\/pt\/wp-json\/wp\/v2\/media\/1656"}],"wp:attachment":[{"href":"https:\/\/chandelier-yc.com\/pt\/wp-json\/wp\/v2\/media?parent=1655"}],"wp:term":[{"taxonomy":"product_brand","embeddable":true,"href":"https:\/\/chandelier-yc.com\/pt\/wp-json\/wp\/v2\/product_brand?post=1655"},{"taxonomy":"product_cat","embeddable":true,"href":"https:\/\/chandelier-yc.com\/pt\/wp-json\/wp\/v2\/product_cat?post=1655"},{"taxonomy":"product_tag","embeddable":true,"href":"https:\/\/chandelier-yc.com\/pt\/wp-json\/wp\/v2\/product_tag?post=1655"}],"curies":[{"name":"wp","href":"https:\/\/api.w.org\/{rel}","templated":true}]}}