{"id":1657,"date":"2024-11-01T03:17:00","date_gmt":"2024-11-01T03:17:00","guid":{"rendered":"https:\/\/chandelier-yc.com\/?post_type=product&#038;p=1657"},"modified":"2024-11-01T03:24:09","modified_gmt":"2024-11-01T03:24:09","slug":"flush-mount-chandeliers%ef%bc%88x51100x50910%ef%bc%89","status":"publish","type":"product","link":"https:\/\/chandelier-yc.com\/pt\/manufacturer\/flush-mount-chandeliers\uff08x51100x50910\uff09\/","title":{"rendered":"Lustres de montagem embutida\uff08X51100,X50910\uff09"},"content":{"rendered":"<p data-sourcepos=\"1:1-1:247\">Os candeeiros embutidos s\u00e3o uma solu\u00e7\u00e3o de ilumina\u00e7\u00e3o elegante e pr\u00e1tica, especialmente para divis\u00f5es com tectos baixos ou onde o espa\u00e7o \u00e9 limitado. Ficam perto do teto, o que os torna ideais para corredores, quartos, cozinhas ou salas de jantar mais pequenas.<\/p>\n<h2><strong style=\"font-size: 14.4px; color: #555555;\">Principais carater\u00edsticas dos candeeiros de embutir:<\/strong><\/h2>\n<ul data-sourcepos=\"9:1-14:0\">\n<li data-sourcepos=\"9:1-9:91\"><strong>Design economizador de espa\u00e7o:<\/strong> N\u00e3o ficam pendurados, o que os torna perfeitos para divis\u00f5es com tectos baixos.<\/li>\n<li data-sourcepos=\"10:1-10:99\"><strong>Estilo vers\u00e1til:<\/strong> Existem em v\u00e1rios estilos, desde o moderno ao tradicional, para combinar com qualquer decora\u00e7\u00e3o.<\/li>\n<li data-sourcepos=\"11:1-11:100\"><strong>Efici\u00eancia energ\u00e9tica:<\/strong> Muitos modelos utilizam l\u00e2mpadas LED, que s\u00e3o mais eficientes em termos energ\u00e9ticos e duradouras.<\/li>\n<li data-sourcepos=\"12:1-12:110\"><strong>Op\u00e7\u00f5es de regula\u00e7\u00e3o da intensidade da luz:<\/strong> Alguns candelabros de montagem embutida oferecem carater\u00edsticas regul\u00e1veis para ajustar a intensidade da ilumina\u00e7\u00e3o.<\/li>\n<li data-sourcepos=\"13:1-14:0\"><strong>Instala\u00e7\u00e3o segura:<\/strong> S\u00e3o mais f\u00e1ceis de instalar do que os tradicionais candeeiros suspensos.<\/li>\n<\/ul>\n<h3 data-sourcepos=\"15:1-15:46\"><strong>Estilos populares de lustres de montagem embutida:<\/strong><\/h3>\n<ul data-sourcepos=\"17:1-25:0\">\n<li data-sourcepos=\"17:1-18:40\"><strong>Moderno:<\/strong> Linhas simples, designs minimalistas e muitas vezes feitos de metal ou vidro.<\/li>\n<li data-sourcepos=\"17:1-18:40\"><strong style=\"font-size: 14.4px;\">Tradicional:<\/strong><span style=\"font-size: 14.4px;\"> Detalhes ornamentados, detalhes em cristal e designs de inspira\u00e7\u00e3o vintage.<\/span><\/li>\n<li data-sourcepos=\"17:1-18:40\"><strong style=\"font-size: 14.4px;\">R\u00fastico:<\/strong><span style=\"font-size: 14.4px;\"> Materiais naturais como a madeira, o ferro ou o vime, com um aspeto de quinta ou de casa de campo.<\/span><\/li>\n<li data-sourcepos=\"17:1-18:40\"><strong style=\"font-size: 14.4px;\">Contempor\u00e2neo:<\/strong><span style=\"font-size: 14.4px;\"> Uma mistura de elementos modernos e tradicionais, muitas vezes com formas e materiais \u00fanicos.<\/span>\n<div class=\"attachment-container search-images\">\n<div class=\"image-container hide-from-message-actions ng-star-inserted\">\n<div class=\"caption ellipsis gmat-caption ng-star-inserted\" aria-hidden=\"true\"><\/div>\n<\/div>\n<\/div>\n<\/li>\n<\/ul>\n<h3 data-sourcepos=\"26:1-26:47\"><strong>Conselhos para escolher um candeeiro de embutir:<\/strong><\/h3>\n<ul data-sourcepos=\"28:1-33:0\">\n<li data-sourcepos=\"28:1-28:90\"><strong>Considerar o tamanho da divis\u00e3o:<\/strong> Escolha um candelabro que seja proporcional ao tamanho da divis\u00e3o.<\/li>\n<li data-sourcepos=\"29:1-29:80\"><strong>Pense na altura do teto:<\/strong> Os suportes embutidos s\u00e3o ideais para tectos baixos.<\/li>\n<li data-sourcepos=\"30:1-30:79\"><strong>Combinar o estilo:<\/strong> Selecione um candelabro que complemente a sua decora\u00e7\u00e3o geral.<\/li>\n<li data-sourcepos=\"31:1-31:91\"><strong>Verificar as necessidades de ilumina\u00e7\u00e3o:<\/strong> Certifique-se de que o candeeiro fornece luz suficiente para a divis\u00e3o.<\/li>\n<li data-sourcepos=\"32:1-33:0\"><strong>Procure op\u00e7\u00f5es energeticamente eficientes:<\/strong> As l\u00e2mpadas LED s\u00e3o uma \u00f3ptima escolha para poupar energia.<\/li>\n<\/ul>","protected":false},"excerpt":{"rendered":"<p>Product size:\u03a61100MM*660MM\/\u03a6910MM*660MM<\/p>\n<p>Peso do produto (kg):85,1\/63,3<\/p>\n<p>N\u00famero de cabe\u00e7as de l\u00e2mpada (unidades):10\/8<\/p>\n<p>M\u00e9todo de embalagem:Espuma+cart\u00e3o<\/p>","protected":false},"featured_media":1658,"template":"","meta":[],"product_brand":[],"product_cat":[39],"product_tag":[],"class_list":{"0":"post-1657","1":"product","2":"type-product","3":"status-publish","4":"has-post-thumbnail","6":"product_cat-chandelier-1","8":"first","9":"instock","10":"shipping-taxable","11":"product-type-simple"},"_links":{"self":[{"href":"https:\/\/chandelier-yc.com\/pt\/wp-json\/wp\/v2\/product\/1657"}],"collection":[{"href":"https:\/\/chandelier-yc.com\/pt\/wp-json\/wp\/v2\/product"}],"about":[{"href":"https:\/\/chandelier-yc.com\/pt\/wp-json\/wp\/v2\/types\/product"}],"wp:featuredmedia":[{"embeddable":true,"href":"https:\/\/chandelier-yc.com\/pt\/wp-json\/wp\/v2\/media\/1658"}],"wp:attachment":[{"href":"https:\/\/chandelier-yc.com\/pt\/wp-json\/wp\/v2\/media?parent=1657"}],"wp:term":[{"taxonomy":"product_brand","embeddable":true,"href":"https:\/\/chandelier-yc.com\/pt\/wp-json\/wp\/v2\/product_brand?post=1657"},{"taxonomy":"product_cat","embeddable":true,"href":"https:\/\/chandelier-yc.com\/pt\/wp-json\/wp\/v2\/product_cat?post=1657"},{"taxonomy":"product_tag","embeddable":true,"href":"https:\/\/chandelier-yc.com\/pt\/wp-json\/wp\/v2\/product_tag?post=1657"}],"curies":[{"name":"wp","href":"https:\/\/api.w.org\/{rel}","templated":true}]}}