{"id":1665,"date":"2024-11-02T02:01:19","date_gmt":"2024-11-02T02:01:19","guid":{"rendered":"https:\/\/chandelier-yc.com\/?post_type=product&#038;p=1665"},"modified":"2024-11-02T02:01:20","modified_gmt":"2024-11-02T02:01:20","slug":"textured-glass-entryway-chandelierx10860","status":"publish","type":"product","link":"https:\/\/chandelier-yc.com\/pt\/manufacturer\/textured-glass-entryway-chandelierx10860\/","title":{"rendered":"Candeeiro de entrada em vidro texturado (X10860)"},"content":{"rendered":"<p data-sourcepos=\"1:1-1:184\">Um candeeiro de entrada em vidro texturado pode ser um ponto focal deslumbrante para a sua casa, acrescentando um toque de eleg\u00e2ncia e sofistica\u00e7\u00e3o. Aqui est\u00e3o algumas ideias para o ajudar a escolher o lustre perfeito:<\/p>\n<h2 data-sourcepos=\"3:1-3:26\"><strong>Lustre de entrada de vidro texturizado Considera\u00e7\u00f5es sobre o design:<\/strong><\/h2>\n<ul data-sourcepos=\"5:1-13:0\">\n<li data-sourcepos=\"5:1-9:100\"><strong>Moderno:<\/strong> Linhas elegantes, formas geom\u00e9tricas e designs minimalistas.<\/li>\n<li data-sourcepos=\"5:1-9:100\"><strong>Tradicional:<\/strong> Pormenores ornamentados, detalhes em cristal e formas cl\u00e1ssicas.<\/li>\n<li data-sourcepos=\"5:1-9:100\"><strong>Transit\u00f3rio:<\/strong> Uma mistura de elementos modernos e tradicionais, oferecendo um visual equilibrado.<\/li>\n<li data-sourcepos=\"5:1-9:100\"><strong>R\u00fastico:<\/strong> <span class=\"citation-0 recitation citation-end-0\">Materiais naturais como a madeira e o ferro, muitas vezes com um acabamento envelhecido.<\/span><\/li>\n<li data-sourcepos=\"10:1-10:165\"><strong>Tamanho:<\/strong> Considere o tamanho da sua entrada e a altura do seu teto. Um candelabro demasiado pequeno parecer\u00e1 perdido, enquanto um demasiado grande sobrecarregar\u00e1 o espa\u00e7o.<\/li>\n<li data-sourcepos=\"11:1-11:83\"><strong>Forma:<\/strong> Os lustres redondos, quadrados ou lineares podem todos funcionar bem numa entrada.<\/li>\n<li data-sourcepos=\"12:1-13:0\"><strong>Acabamento:<\/strong> Escolha um acabamento que complemente a decora\u00e7\u00e3o da sua casa, como n\u00edquel escovado, bronze polido ou cromado polido.<\/li>\n<\/ul>","protected":false},"excerpt":{"rendered":"<p>Tamanho do produto:\u03a6300MM*890MM<\/p>\n<p>Peso do produto (kg):20,07<\/p>\n<p>N\u00famero de cabe\u00e7as de l\u00e2mpada (unidades):8<\/p>\n<p>M\u00e9todo de embalagem:Espuma+cart\u00e3o<\/p>","protected":false},"featured_media":1666,"template":"","meta":[],"product_brand":[],"product_cat":[39],"product_tag":[],"class_list":{"0":"post-1665","1":"product","2":"type-product","3":"status-publish","4":"has-post-thumbnail","6":"product_cat-chandelier-1","8":"first","9":"instock","10":"shipping-taxable","11":"product-type-simple"},"_links":{"self":[{"href":"https:\/\/chandelier-yc.com\/pt\/wp-json\/wp\/v2\/product\/1665"}],"collection":[{"href":"https:\/\/chandelier-yc.com\/pt\/wp-json\/wp\/v2\/product"}],"about":[{"href":"https:\/\/chandelier-yc.com\/pt\/wp-json\/wp\/v2\/types\/product"}],"wp:featuredmedia":[{"embeddable":true,"href":"https:\/\/chandelier-yc.com\/pt\/wp-json\/wp\/v2\/media\/1666"}],"wp:attachment":[{"href":"https:\/\/chandelier-yc.com\/pt\/wp-json\/wp\/v2\/media?parent=1665"}],"wp:term":[{"taxonomy":"product_brand","embeddable":true,"href":"https:\/\/chandelier-yc.com\/pt\/wp-json\/wp\/v2\/product_brand?post=1665"},{"taxonomy":"product_cat","embeddable":true,"href":"https:\/\/chandelier-yc.com\/pt\/wp-json\/wp\/v2\/product_cat?post=1665"},{"taxonomy":"product_tag","embeddable":true,"href":"https:\/\/chandelier-yc.com\/pt\/wp-json\/wp\/v2\/product_tag?post=1665"}],"curies":[{"name":"wp","href":"https:\/\/api.w.org\/{rel}","templated":true}]}}