{"id":1676,"date":"2024-11-02T03:06:35","date_gmt":"2024-11-02T03:06:35","guid":{"rendered":"https:\/\/chandelier-yc.com\/?post_type=product&#038;p=1676"},"modified":"2024-11-02T03:06:35","modified_gmt":"2024-11-02T03:06:35","slug":"tree-chandelier%ef%bc%88lp330%ef%bc%89","status":"publish","type":"product","link":"https:\/\/chandelier-yc.com\/pt\/manufacturer\/tree-chandelier\uff08lp330\uff09\/","title":{"rendered":"Lustre de \u00e1rvore\uff08LP330\uff09"},"content":{"rendered":"<p data-sourcepos=\"1:1-1:238\">Um candelabro de \u00e1rvore \u00e9 uma lumin\u00e1ria \u00fanica e apelativa que pode dar um toque de natureza e eleg\u00e2ncia a qualquer espa\u00e7o. Normalmente, apresenta uma estrutura que se assemelha a uma \u00e1rvore, com ramos que se estendem para fora e seguram fontes de luz.<\/p>\n<h2 data-sourcepos=\"5:1-5:30\"><strong>Tipos de candelabros para \u00e1rvores:<\/strong><\/h2>\n<p data-sourcepos=\"7:1-7:84\">Existem muitos estilos diferentes de candelabros para \u00e1rvores, cada um com o seu encanto \u00fanico:<\/p>\n<ul data-sourcepos=\"9:1-15:0\">\n<li data-sourcepos=\"9:1-10:34\"><strong>Lustres de cristal:<\/strong> Estes candelabros apresentam ramos adornados com detalhes em cristal, criando um aspeto cintilante e glamoroso.<\/li>\n<li data-sourcepos=\"9:1-10:34\"><strong style=\"font-size: 14.4px;\">Lustres de ramos naturais:<\/strong><span style=\"font-size: 14.4px;\"> Estes candeeiros utilizam ramos reais ou falsos para criar um aspeto r\u00fastico e org\u00e2nico. Podem ser decorados com v\u00e1rios elementos, como folhas, flores ou ninhos de p\u00e1ssaros.<\/span><\/li>\n<li data-sourcepos=\"9:1-10:34\"><strong style=\"font-size: 14.4px;\">Lustres de metal:<\/strong><span style=\"font-size: 14.4px;\"> Estes candelabros s\u00e3o feitos de metal, como o ferro ou o a\u00e7o. Podem ser pintados ou deixados a descoberto, e podem ser decorados com v\u00e1rios elementos, como cristais, vidro ou missangas.<\/span><\/li>\n<\/ul>","protected":false},"excerpt":{"rendered":"<p>Tamanho do produto:\u03a6330MM*540MM<\/p>\n<p>Peso do produto (kg):23<\/p>\n<p>N\u00famero de cabe\u00e7as de l\u00e2mpada (unidades):1<\/p>\n<p>M\u00e9todo de embalagem:Espuma+cart\u00e3o<\/p>","protected":false},"featured_media":1677,"template":"","meta":[],"product_brand":[],"product_cat":[39],"product_tag":[],"class_list":{"0":"post-1676","1":"product","2":"type-product","3":"status-publish","4":"has-post-thumbnail","6":"product_cat-chandelier-1","8":"first","9":"instock","10":"shipping-taxable","11":"product-type-simple"},"_links":{"self":[{"href":"https:\/\/chandelier-yc.com\/pt\/wp-json\/wp\/v2\/product\/1676"}],"collection":[{"href":"https:\/\/chandelier-yc.com\/pt\/wp-json\/wp\/v2\/product"}],"about":[{"href":"https:\/\/chandelier-yc.com\/pt\/wp-json\/wp\/v2\/types\/product"}],"wp:featuredmedia":[{"embeddable":true,"href":"https:\/\/chandelier-yc.com\/pt\/wp-json\/wp\/v2\/media\/1677"}],"wp:attachment":[{"href":"https:\/\/chandelier-yc.com\/pt\/wp-json\/wp\/v2\/media?parent=1676"}],"wp:term":[{"taxonomy":"product_brand","embeddable":true,"href":"https:\/\/chandelier-yc.com\/pt\/wp-json\/wp\/v2\/product_brand?post=1676"},{"taxonomy":"product_cat","embeddable":true,"href":"https:\/\/chandelier-yc.com\/pt\/wp-json\/wp\/v2\/product_cat?post=1676"},{"taxonomy":"product_tag","embeddable":true,"href":"https:\/\/chandelier-yc.com\/pt\/wp-json\/wp\/v2\/product_tag?post=1676"}],"curies":[{"name":"wp","href":"https:\/\/api.w.org\/{rel}","templated":true}]}}