{"id":1686,"date":"2024-11-02T03:54:34","date_gmt":"2024-11-02T03:54:34","guid":{"rendered":"https:\/\/chandelier-yc.com\/?post_type=product&#038;p=1686"},"modified":"2024-11-02T03:54:35","modified_gmt":"2024-11-02T03:54:35","slug":"four-light-chandelier-gw550","status":"publish","type":"product","link":"https:\/\/chandelier-yc.com\/pt\/manufacturer\/four-light-chandelier-gw550\/","title":{"rendered":"Lustre de quatro luzes (GW550)"},"content":{"rendered":"<p data-sourcepos=\"1:1-1:293\">O candelabro de quatro luzes \u00e9 uma lumin\u00e1ria vers\u00e1til que pode acrescentar estilo e funcionalidade a v\u00e1rios espa\u00e7os da sua casa. Com quatro fontes de luz, proporciona uma ilumina\u00e7\u00e3o ampla e, ao mesmo tempo, uma afirma\u00e7\u00e3o de design. Aqui est\u00e1 uma descri\u00e7\u00e3o do que \u00e9 um candeeiro de oito luzes e como pode ser utilizado:<\/p>\n<h2 data-sourcepos=\"3:1-3:36\"><strong>O que \u00e9 um candelabro de quatro luzes?<\/strong><\/h2>\n<p data-sourcepos=\"5:1-5:340\">Um candelabro de quatro luzes \u00e9 um tipo de lumin\u00e1ria suspensa que apresenta quatro fontes de luz individuais. Estas fontes podem ser l\u00e2mpadas, velas ou outros elementos decorativos, e est\u00e3o normalmente dispostas num padr\u00e3o ou desenho espec\u00edfico. O candeeiro em si pode ser feito de uma variedade de materiais, incluindo metal, cristal, vidro ou madeira.<\/p>\n<h3 data-sourcepos=\"7:1-7:45\"><strong>Estilos populares de candelabro de quatro luzes:<\/strong><\/h3>\n<ul data-sourcepos=\"9:1-17:0\">\n<li data-sourcepos=\"9:1-10:44\"><strong>Tradicional:<\/strong> Desenhos ornamentados com v\u00e1rios n\u00edveis, detalhes em cristal e l\u00e2mpadas tipo vela.<\/li>\n<li data-sourcepos=\"9:1-10:44\"><strong style=\"font-size: 14.4px;\">Moderno:<\/strong><span style=\"font-size: 14.4px;\"> Designs elegantes e minimalistas com linhas simples e formas geom\u00e9tricas.<\/span><\/li>\n<li data-sourcepos=\"9:1-10:44\"><strong style=\"font-size: 14.4px;\">Transit\u00f3rio:<\/strong><span style=\"font-size: 14.4px;\"> Uma mistura de elementos tradicionais e modernos, oferecendo um visual equilibrado.<\/span><\/li>\n<li data-sourcepos=\"14:1-15:39\"><strong>R\u00fastico:<\/strong> Materiais naturais como a madeira e o ferro, muitas vezes com um acabamento envelhecido.<\/li>\n<li data-sourcepos=\"14:1-15:39\"><strong style=\"font-size: 14.4px;\">Casa de campo:<\/strong><span style=\"font-size: 14.4px;\"> Designs simples e funcionais, muitas vezes com l\u00e2mpadas expostas e detalhes em metal.<\/span><\/li>\n<\/ul>","protected":false},"excerpt":{"rendered":"<p>Tamanho do produto:\u03a6550MM*1200MM<\/p>\n<p>Peso do produto (kg):67,5<\/p>\n<p>N\u00famero de cabe\u00e7as de l\u00e2mpada (unidades):5<\/p>\n<p>M\u00e9todo de embalagem:Espuma+cart\u00e3o<\/p>","protected":false},"featured_media":1687,"template":"","meta":[],"product_brand":[],"product_cat":[39],"product_tag":[],"class_list":{"0":"post-1686","1":"product","2":"type-product","3":"status-publish","4":"has-post-thumbnail","6":"product_cat-chandelier-1","8":"first","9":"instock","10":"shipping-taxable","11":"product-type-simple"},"_links":{"self":[{"href":"https:\/\/chandelier-yc.com\/pt\/wp-json\/wp\/v2\/product\/1686"}],"collection":[{"href":"https:\/\/chandelier-yc.com\/pt\/wp-json\/wp\/v2\/product"}],"about":[{"href":"https:\/\/chandelier-yc.com\/pt\/wp-json\/wp\/v2\/types\/product"}],"wp:featuredmedia":[{"embeddable":true,"href":"https:\/\/chandelier-yc.com\/pt\/wp-json\/wp\/v2\/media\/1687"}],"wp:attachment":[{"href":"https:\/\/chandelier-yc.com\/pt\/wp-json\/wp\/v2\/media?parent=1686"}],"wp:term":[{"taxonomy":"product_brand","embeddable":true,"href":"https:\/\/chandelier-yc.com\/pt\/wp-json\/wp\/v2\/product_brand?post=1686"},{"taxonomy":"product_cat","embeddable":true,"href":"https:\/\/chandelier-yc.com\/pt\/wp-json\/wp\/v2\/product_cat?post=1686"},{"taxonomy":"product_tag","embeddable":true,"href":"https:\/\/chandelier-yc.com\/pt\/wp-json\/wp\/v2\/product_tag?post=1686"}],"curies":[{"name":"wp","href":"https:\/\/api.w.org\/{rel}","templated":true}]}}