{"id":1696,"date":"2024-11-02T08:31:26","date_gmt":"2024-11-02T08:31:26","guid":{"rendered":"https:\/\/chandelier-yc.com\/?post_type=product&#038;p=1696"},"modified":"2024-11-02T08:31:53","modified_gmt":"2024-11-02T08:31:53","slug":"small-brass-chandelier-6080","status":"publish","type":"product","link":"https:\/\/chandelier-yc.com\/pt\/manufacturer\/small-brass-chandelier-6080\/","title":{"rendered":"Candelabro pequeno de lat\u00e3o (6080)"},"content":{"rendered":"<p data-sourcepos=\"1:1-1:270\">Os pequenos candeeiros de lat\u00e3o s\u00e3o uma adi\u00e7\u00e3o encantadora a qualquer espa\u00e7o, acrescentando um toque de eleg\u00e2ncia e calor. S\u00e3o perfeitos para divis\u00f5es mais pequenas ou \u00e1reas onde um candelabro de tamanho normal pode ser demasiado pesado. Aqui est\u00e3o algumas raz\u00f5es pelas quais os pequenos candeeiros de lat\u00e3o s\u00e3o t\u00e3o apelativos:<\/p>\n<h4 data-sourcepos=\"3:1-3:25\"><strong>1. Eleg\u00e2ncia intemporal:<\/strong><\/h4>\n<ul data-sourcepos=\"4:4-6:0\">\n<li data-sourcepos=\"4:4-4:62\">O lat\u00e3o \u00e9 um material cl\u00e1ssico que nunca passa de moda.<\/li>\n<li data-sourcepos=\"5:4-6:0\">A sua tonalidade quente e dourada complementa uma variedade de estilos de design de interiores, desde o tradicional ao contempor\u00e2neo.<\/li>\n<\/ul>\n<h4 data-sourcepos=\"7:1-7:22\"><strong>2. Design compacto:<\/strong><\/h4>\n<ul data-sourcepos=\"8:4-10:0\">\n<li data-sourcepos=\"8:4-8:106\">Os pequenos lustres de lat\u00e3o s\u00e3o ideais para espa\u00e7os mais pequenos, como lavabos, entradas e quartos acolhedores.<\/li>\n<li data-sourcepos=\"9:4-10:0\">N\u00e3o sobrecarregar\u00e3o a divis\u00e3o, mas ter\u00e3o um impacto visual significativo.<\/li>\n<\/ul>\n<h4 data-sourcepos=\"11:1-11:26\"><strong>3. Ilumina\u00e7\u00e3o vers\u00e1til:<\/strong><\/h4>\n<ul data-sourcepos=\"12:4-14:0\">\n<li data-sourcepos=\"12:4-12:126\">Podem ser utilizadas para criar ilumina\u00e7\u00e3o ambiente, ilumina\u00e7\u00e3o de tarefas ou ilumina\u00e7\u00e3o de realce, dependendo do tipo de l\u00e2mpada e da sua coloca\u00e7\u00e3o.<\/li>\n<li data-sourcepos=\"13:4-14:0\">As l\u00e2mpadas regul\u00e1veis permitem-lhe ajustar o ambiente e a atmosfera da divis\u00e3o.<\/li>\n<\/ul>\n<h4 data-sourcepos=\"15:1-15:23\"><strong>4. F\u00e1cil de instalar:<\/strong><\/h4>\n<ul data-sourcepos=\"16:4-17:0\">\n<li data-sourcepos=\"16:4-17:0\">Os pequenos candelabros s\u00e3o geralmente mais f\u00e1ceis de instalar do que os maiores, o que os torna uma op\u00e7\u00e3o de bricolage.<\/li>\n<\/ul>","protected":false},"excerpt":{"rendered":"<p>Tamanho do produto:\u03a6800MM*460MM<\/p>\n<p>Peso do produto (kg):27,4<\/p>\n<p>N\u00famero de cabe\u00e7as de l\u00e2mpada (unidades):8<\/p>\n<p>M\u00e9todo de embalagem:Espuma+cart\u00e3o<\/p>","protected":false},"featured_media":1697,"template":"","meta":[],"product_brand":[],"product_cat":[39],"product_tag":[],"class_list":{"0":"post-1696","1":"product","2":"type-product","3":"status-publish","4":"has-post-thumbnail","6":"product_cat-chandelier-1","8":"first","9":"instock","10":"shipping-taxable","11":"product-type-simple"},"_links":{"self":[{"href":"https:\/\/chandelier-yc.com\/pt\/wp-json\/wp\/v2\/product\/1696"}],"collection":[{"href":"https:\/\/chandelier-yc.com\/pt\/wp-json\/wp\/v2\/product"}],"about":[{"href":"https:\/\/chandelier-yc.com\/pt\/wp-json\/wp\/v2\/types\/product"}],"wp:featuredmedia":[{"embeddable":true,"href":"https:\/\/chandelier-yc.com\/pt\/wp-json\/wp\/v2\/media\/1697"}],"wp:attachment":[{"href":"https:\/\/chandelier-yc.com\/pt\/wp-json\/wp\/v2\/media?parent=1696"}],"wp:term":[{"taxonomy":"product_brand","embeddable":true,"href":"https:\/\/chandelier-yc.com\/pt\/wp-json\/wp\/v2\/product_brand?post=1696"},{"taxonomy":"product_cat","embeddable":true,"href":"https:\/\/chandelier-yc.com\/pt\/wp-json\/wp\/v2\/product_cat?post=1696"},{"taxonomy":"product_tag","embeddable":true,"href":"https:\/\/chandelier-yc.com\/pt\/wp-json\/wp\/v2\/product_tag?post=1696"}],"curies":[{"name":"wp","href":"https:\/\/api.w.org\/{rel}","templated":true}]}}