{"id":1710,"date":"2024-11-02T09:15:31","date_gmt":"2024-11-02T09:15:31","guid":{"rendered":"https:\/\/chandelier-yc.com\/?post_type=product&#038;p=1710"},"modified":"2024-11-02T09:15:32","modified_gmt":"2024-11-02T09:15:32","slug":"toast-wall-light-at330","status":"publish","type":"product","link":"https:\/\/chandelier-yc.com\/pt\/manufacturer\/toast-wall-light-at330\/","title":{"rendered":"Candeeiro de parede Toast (AT330)"},"content":{"rendered":"<p data-sourcepos=\"1:1-1:230\">O candeeiro de parede Toast \u00e9 uma solu\u00e7\u00e3o de ilumina\u00e7\u00e3o minimalista e elegante que joga com a luz e a sombra. Concebida por Alberto Zattin para Davide Groppi, apresenta um design simples em forma de caixa quadrada de metal com uma carater\u00edstica de ilumina\u00e7\u00e3o \u00fanica.<\/p>\n<h3 data-sourcepos=\"5:1-5:17\"><strong>Carater\u00edsticas principais:<\/strong><\/h3>\n<ul data-sourcepos=\"7:1-11:0\">\n<li data-sourcepos=\"7:1-7:133\"><strong>Design minimalista:<\/strong> As linhas simples e a forma simples da lumin\u00e1ria de parede Toast fazem dela uma adi\u00e7\u00e3o vers\u00e1til a qualquer interior moderno.<\/li>\n<li data-sourcepos=\"8:1-8:239\"><strong>Efeito de ilumina\u00e7\u00e3o \u00fanico:<\/strong> A fonte de luz est\u00e1 encerrada em duas \"fatias\" de vidro que s\u00e3o bloqueadas por rebordos de metal pintado. Isto cria um jogo cativante de luz e sombra, iluminando tanto a parede por cima como por baixo da lumin\u00e1ria.<\/li>\n<li data-sourcepos=\"9:1-9:133\"><strong>Coloca\u00e7\u00e3o vers\u00e1til:<\/strong> A lumin\u00e1ria de parede Toast pode ser instalada na horizontal ou na vertical, oferecendo flexibilidade na sua aplica\u00e7\u00e3o.<\/li>\n<li data-sourcepos=\"10:1-11:0\"><strong>Efici\u00eancia energ\u00e9tica:<\/strong> Utiliza tecnologia LED energeticamente eficiente, proporcionando uma ilumina\u00e7\u00e3o funcional e uma est\u00e9tica elegante.<\/li>\n<\/ul>\n<h3 data-sourcepos=\"12:1-12:33\"><strong>Vantagens da lumin\u00e1ria de parede Toast:<\/strong><\/h3>\n<ul data-sourcepos=\"14:1-18:0\">\n<li data-sourcepos=\"14:1-14:128\"><strong>Elegante e moderno:<\/strong> O design minimalista e o efeito de ilumina\u00e7\u00e3o \u00fanico fazem dele uma adi\u00e7\u00e3o elegante a qualquer espa\u00e7o contempor\u00e2neo.<\/li>\n<li data-sourcepos=\"15:1-15:119\"><strong>Ilumina\u00e7\u00e3o vers\u00e1til:<\/strong> Pode ser utilizado como ilumina\u00e7\u00e3o ambiente e de realce, proporcionando flexibilidade na sua aplica\u00e7\u00e3o.<\/li>\n<li data-sourcepos=\"16:1-16:92\"><strong>Efici\u00eancia energ\u00e9tica:<\/strong> A tecnologia LED reduz o consumo de energia e os custos de manuten\u00e7\u00e3o.<\/li>\n<li data-sourcepos=\"17:1-18:0\"><strong>Instala\u00e7\u00e3o f\u00e1cil:<\/strong> O seu design simples facilita a sua instala\u00e7\u00e3o.<\/li>\n<\/ul>","protected":false},"excerpt":{"rendered":"<p>Product size:L330MM*W165MM*H520MM<\/p>\n<p>Peso do produto (kg):8,9<\/p>\n<p>N\u00famero de cabe\u00e7as de l\u00e2mpada (unidades):3<\/p>\n<p>M\u00e9todo de embalagem:Espuma+cart\u00e3o<\/p>","protected":false},"featured_media":1711,"template":"","meta":[],"product_brand":[],"product_cat":[40],"product_tag":[],"class_list":{"0":"post-1710","1":"product","2":"type-product","3":"status-publish","4":"has-post-thumbnail","6":"product_cat-wall-lights-1","8":"first","9":"instock","10":"shipping-taxable","11":"product-type-simple"},"_links":{"self":[{"href":"https:\/\/chandelier-yc.com\/pt\/wp-json\/wp\/v2\/product\/1710"}],"collection":[{"href":"https:\/\/chandelier-yc.com\/pt\/wp-json\/wp\/v2\/product"}],"about":[{"href":"https:\/\/chandelier-yc.com\/pt\/wp-json\/wp\/v2\/types\/product"}],"wp:featuredmedia":[{"embeddable":true,"href":"https:\/\/chandelier-yc.com\/pt\/wp-json\/wp\/v2\/media\/1711"}],"wp:attachment":[{"href":"https:\/\/chandelier-yc.com\/pt\/wp-json\/wp\/v2\/media?parent=1710"}],"wp:term":[{"taxonomy":"product_brand","embeddable":true,"href":"https:\/\/chandelier-yc.com\/pt\/wp-json\/wp\/v2\/product_brand?post=1710"},{"taxonomy":"product_cat","embeddable":true,"href":"https:\/\/chandelier-yc.com\/pt\/wp-json\/wp\/v2\/product_cat?post=1710"},{"taxonomy":"product_tag","embeddable":true,"href":"https:\/\/chandelier-yc.com\/pt\/wp-json\/wp\/v2\/product_tag?post=1710"}],"curies":[{"name":"wp","href":"https:\/\/api.w.org\/{rel}","templated":true}]}}