{"id":1712,"date":"2024-11-02T09:23:21","date_gmt":"2024-11-02T09:23:21","guid":{"rendered":"https:\/\/chandelier-yc.com\/?post_type=product&#038;p=1712"},"modified":"2024-11-06T02:35:26","modified_gmt":"2024-11-06T02:35:26","slug":"light-up-wall-art-2001","status":"publish","type":"product","link":"https:\/\/chandelier-yc.com\/pt\/manufacturer\/light-up-wall-art-2001\/","title":{"rendered":"Arte de parede iluminada (2001)"},"content":{"rendered":"<p data-sourcepos=\"1:1-1:249\">O Light Up Wall Art \u00e9 uma forma cativante e vers\u00e1til de dar um toque \u00fanico \u00e0 decora\u00e7\u00e3o da sua casa. Combina o atrativo visual da arte mural tradicional com o brilho encantador da ilumina\u00e7\u00e3o integrada. Eis porque \u00e9 que os quadros murais luminosos est\u00e3o a ganhar popularidade:<\/p>\n<h3 data-sourcepos=\"3:1-3:18\"><strong>Apelo visual:<\/strong><\/h3>\n<ul data-sourcepos=\"5:1-8:0\">\n<li data-sourcepos=\"5:1-5:168\"><strong>Beleza diurna e nocturna:<\/strong> Estas pe\u00e7as oferecem um atrativo est\u00e9tico tanto de dia como de noite. Quando iluminadas, criam um ambiente hipnotizante, transformando o seu espa\u00e7o.<\/li>\n<li data-sourcepos=\"6:1-6:183\"><strong>Op\u00e7\u00f5es personaliz\u00e1veis:<\/strong> A arte de parede iluminada est\u00e1 dispon\u00edvel em v\u00e1rios estilos, desde o moderno e abstrato ao tradicional e vintage, permitindo-lhe encontrar a pe\u00e7a perfeita para combinar com a sua decora\u00e7\u00e3o.<\/li>\n<li data-sourcepos=\"7:1-8:0\"><strong>Efeitos 3D:<\/strong> Alguns quadros luminosos de parede utilizam t\u00e9cnicas 3D para criar profundidade e dimens\u00e3o, acrescentando uma camada extra de interesse visual.<\/li>\n<\/ul>\n<h4 data-sourcepos=\"9:1-9:24\"><strong>Arte de parede iluminada Vantagens funcionais:<\/strong><\/h4>\n<ul data-sourcepos=\"11:1-14:0\">\n<li data-sourcepos=\"11:1-11:139\"><strong>Ilumina\u00e7\u00e3o ambiente:<\/strong> As op\u00e7\u00f5es de ilumina\u00e7\u00e3o ajust\u00e1veis permitem-lhe criar diferentes ambientes, desde calmos e serenos a en\u00e9rgicos e vibrantes.<\/li>\n<li data-sourcepos=\"12:1-12:138\"><strong>Efici\u00eancia energ\u00e9tica:<\/strong> Muitas pe\u00e7as de arte de parede iluminadas utilizam ilumina\u00e7\u00e3o LED energeticamente eficiente, reduzindo a sua pegada de carbono e os custos de energia.<\/li>\n<li data-sourcepos=\"13:1-14:0\"><strong>Manuten\u00e7\u00e3o reduzida:<\/strong> Estas pe\u00e7as s\u00e3o geralmente de baixa manuten\u00e7\u00e3o, exigindo cuidados m\u00ednimos para al\u00e9m da limpeza ocasional do p\u00f3.<\/li>\n<\/ul>","protected":false},"excerpt":{"rendered":"<p>Product size:L230MM*W140MM*H510MM<\/p>\n<p>Peso do produto (kg):5,1<\/p>\n<p>N\u00famero de cabe\u00e7as de l\u00e2mpada (unidades):1<\/p>\n<p>M\u00e9todo de embalagem:Espuma+cart\u00e3o<\/p>","protected":false},"featured_media":1860,"template":"","meta":[],"product_brand":[],"product_cat":[40],"product_tag":[],"class_list":{"0":"post-1712","1":"product","2":"type-product","3":"status-publish","4":"has-post-thumbnail","6":"product_cat-wall-lights-1","8":"first","9":"instock","10":"shipping-taxable","11":"product-type-simple"},"_links":{"self":[{"href":"https:\/\/chandelier-yc.com\/pt\/wp-json\/wp\/v2\/product\/1712"}],"collection":[{"href":"https:\/\/chandelier-yc.com\/pt\/wp-json\/wp\/v2\/product"}],"about":[{"href":"https:\/\/chandelier-yc.com\/pt\/wp-json\/wp\/v2\/types\/product"}],"wp:featuredmedia":[{"embeddable":true,"href":"https:\/\/chandelier-yc.com\/pt\/wp-json\/wp\/v2\/media\/1860"}],"wp:attachment":[{"href":"https:\/\/chandelier-yc.com\/pt\/wp-json\/wp\/v2\/media?parent=1712"}],"wp:term":[{"taxonomy":"product_brand","embeddable":true,"href":"https:\/\/chandelier-yc.com\/pt\/wp-json\/wp\/v2\/product_brand?post=1712"},{"taxonomy":"product_cat","embeddable":true,"href":"https:\/\/chandelier-yc.com\/pt\/wp-json\/wp\/v2\/product_cat?post=1712"},{"taxonomy":"product_tag","embeddable":true,"href":"https:\/\/chandelier-yc.com\/pt\/wp-json\/wp\/v2\/product_tag?post=1712"}],"curies":[{"name":"wp","href":"https:\/\/api.w.org\/{rel}","templated":true}]}}