{"id":1716,"date":"2024-11-02T09:33:22","date_gmt":"2024-11-02T09:33:22","guid":{"rendered":"https:\/\/chandelier-yc.com\/?post_type=product&#038;p=1716"},"modified":"2024-11-02T09:33:22","modified_gmt":"2024-11-02T09:33:22","slug":"two-light-wall-sconce-7601","status":"publish","type":"product","link":"https:\/\/chandelier-yc.com\/pt\/manufacturer\/two-light-wall-sconce-7601\/","title":{"rendered":"Arandela de parede de duas luzes (7601)"},"content":{"rendered":"<p data-sourcepos=\"1:1-1:257\">A arandela de parede de duas luzes \u00e9 um acess\u00f3rio de ilumina\u00e7\u00e3o vers\u00e1til que pode acrescentar estilo e funcionalidade a qualquer divis\u00e3o. Normalmente, consiste em duas fontes de luz montadas numa base de montagem na parede. Este design proporciona uma ilumina\u00e7\u00e3o ampla, ocupando um espa\u00e7o m\u00ednimo no ch\u00e3o.<\/p>\n<h3 data-sourcepos=\"5:1-5:39\"><strong>Vantagens da arandela de parede de duas luzes:<\/strong><\/h3>\n<ul data-sourcepos=\"7:1-12:0\">\n<li data-sourcepos=\"7:1-7:135\"><strong>Ilumina\u00e7\u00e3o vers\u00e1til:<\/strong> A arandela de parede de duas luzes oferece flexibilidade nas op\u00e7\u00f5es de ilumina\u00e7\u00e3o, permitindo-lhe ajustar a luz de acordo com as suas necessidades.<\/li>\n<li data-sourcepos=\"8:1-8:123\"><strong>Economia de espa\u00e7o:<\/strong> O design de montagem na parede poupa espa\u00e7o no ch\u00e3o, tornando-o perfeito para salas mais pequenas ou \u00e1reas com espa\u00e7o limitado.<\/li>\n<li data-sourcepos=\"9:1-9:147\"><strong>Estilo:<\/strong> Dispon\u00edvel em v\u00e1rios estilos, desde o moderno e minimalista ao tradicional e ornamentado, para complementar diferentes est\u00e9ticas de design de interiores.<\/li>\n<li data-sourcepos=\"10:1-10:100\"><strong>Efici\u00eancia energ\u00e9tica:<\/strong> Muitos arandelas de parede de duas luzes s\u00e3o compat\u00edveis com l\u00e2mpadas LED energeticamente eficientes.<\/li>\n<li data-sourcepos=\"11:1-12:0\"><strong>Ambiente:<\/strong> Pode ser utilizado para criar uma atmosfera quente e convidativa, especialmente quando combinado com l\u00e2mpadas regul\u00e1veis.<\/li>\n<\/ul>\n<h3 data-sourcepos=\"13:1-13:16\"><strong>Utiliza\u00e7\u00f5es comuns:<\/strong><\/h3>\n<ul data-sourcepos=\"15:1-20:0\">\n<li data-sourcepos=\"15:1-15:94\"><strong>Ilumina\u00e7\u00e3o de cabeceira:<\/strong> Coloque a arandela de cada lado da cama para uma leitura confort\u00e1vel.<\/li>\n<li data-sourcepos=\"16:1-16:88\"><strong>Sala de estar:<\/strong> Utilize-as para ladear um espelho ou uma obra de arte, ou para criar uma ilumina\u00e7\u00e3o ambiente.<\/li>\n<li data-sourcepos=\"17:1-17:116\"><strong>Sala de jantar:<\/strong> Instale-os em ambos os lados de um espelho ou por cima de um buffet para uma ilumina\u00e7\u00e3o funcional e decorativa.<\/li>\n<li data-sourcepos=\"18:1-18:71\"><strong>Corredor:<\/strong> Acrescentam um toque de eleg\u00e2ncia e proporcionam uma ilumina\u00e7\u00e3o funcional.<\/li>\n<li data-sourcepos=\"19:1-20:0\"><strong>Casa de banho:<\/strong> Utilize-os para iluminar a \u00e1rea do toucador ou por cima de um espelho.<\/li>\n<\/ul>","protected":false},"excerpt":{"rendered":"<p>Tamanho do produto:\u03a61500MM*1590MM<\/p>\n<p>Peso do produto (kg):30,22<\/p>\n<p>N\u00famero de cabe\u00e7as de l\u00e2mpada (unidades):25<\/p>\n<p>M\u00e9todo de embalagem:Espuma+cart\u00e3o<\/p>","protected":false},"featured_media":1717,"template":"","meta":[],"product_brand":[],"product_cat":[40],"product_tag":[],"class_list":{"0":"post-1716","1":"product","2":"type-product","3":"status-publish","4":"has-post-thumbnail","6":"product_cat-wall-lights-1","8":"first","9":"instock","10":"shipping-taxable","11":"product-type-simple"},"_links":{"self":[{"href":"https:\/\/chandelier-yc.com\/pt\/wp-json\/wp\/v2\/product\/1716"}],"collection":[{"href":"https:\/\/chandelier-yc.com\/pt\/wp-json\/wp\/v2\/product"}],"about":[{"href":"https:\/\/chandelier-yc.com\/pt\/wp-json\/wp\/v2\/types\/product"}],"wp:featuredmedia":[{"embeddable":true,"href":"https:\/\/chandelier-yc.com\/pt\/wp-json\/wp\/v2\/media\/1717"}],"wp:attachment":[{"href":"https:\/\/chandelier-yc.com\/pt\/wp-json\/wp\/v2\/media?parent=1716"}],"wp:term":[{"taxonomy":"product_brand","embeddable":true,"href":"https:\/\/chandelier-yc.com\/pt\/wp-json\/wp\/v2\/product_brand?post=1716"},{"taxonomy":"product_cat","embeddable":true,"href":"https:\/\/chandelier-yc.com\/pt\/wp-json\/wp\/v2\/product_cat?post=1716"},{"taxonomy":"product_tag","embeddable":true,"href":"https:\/\/chandelier-yc.com\/pt\/wp-json\/wp\/v2\/product_tag?post=1716"}],"curies":[{"name":"wp","href":"https:\/\/api.w.org\/{rel}","templated":true}]}}