{"id":1718,"date":"2024-11-02T09:40:57","date_gmt":"2024-11-02T09:40:57","guid":{"rendered":"https:\/\/chandelier-yc.com\/?post_type=product&#038;p=1718"},"modified":"2024-11-02T09:40:57","modified_gmt":"2024-11-02T09:40:57","slug":"wall-mount-swing-arm-light-trb20136","status":"publish","type":"product","link":"https:\/\/chandelier-yc.com\/pt\/manufacturer\/wall-mount-swing-arm-light-trb20136\/","title":{"rendered":"Luz de bra\u00e7o oscilante para montagem na parede (TRB20136)"},"content":{"rendered":"<p data-sourcepos=\"1:1-1:361\">O candeeiro de bra\u00e7o oscilante para montagem na parede \u00e9 uma lumin\u00e1ria vers\u00e1til e elegante que oferece funcionalidade e apelo est\u00e9tico. \u00c9 constitu\u00edda por uma base de montagem na parede, um bra\u00e7o ajust\u00e1vel e um abajur. Este design permite-lhe direcionar a luz precisamente para onde precisa dela, tornando-a perfeita para v\u00e1rias tarefas como ler, trabalhar ou simplesmente criar um ambiente.<\/p>\n<h3 data-sourcepos=\"5:1-5:46\"><strong>Vantagens da luz de bra\u00e7o oscilante para montagem na parede:<\/strong><\/h3>\n<ul data-sourcepos=\"7:1-12:0\">\n<li data-sourcepos=\"7:1-7:122\"><strong>Flexibilidade:<\/strong> O bra\u00e7o ajust\u00e1vel permite-lhe direcionar a luz para \u00e1reas espec\u00edficas, tornando-a ideal para ilumina\u00e7\u00e3o de tarefas.<\/li>\n<li data-sourcepos=\"8:1-8:123\"><strong>Economia de espa\u00e7o:<\/strong> O design de montagem na parede poupa espa\u00e7o no ch\u00e3o, tornando-o perfeito para salas mais pequenas ou \u00e1reas com espa\u00e7o limitado.<\/li>\n<li data-sourcepos=\"9:1-9:147\"><strong>Estilo:<\/strong> Dispon\u00edvel em v\u00e1rios estilos, desde o moderno e minimalista ao vintage e industrial, para complementar diferentes est\u00e9ticas de design de interiores.<\/li>\n<li data-sourcepos=\"10:1-10:99\"><strong>Efici\u00eancia energ\u00e9tica:<\/strong> Muitos candeeiros de parede com bra\u00e7o oscilante s\u00e3o compat\u00edveis com l\u00e2mpadas LED energeticamente eficientes.<\/li>\n<li data-sourcepos=\"11:1-12:0\"><strong>Versatilidade:<\/strong> Pode ser utilizado em v\u00e1rios ambientes, incluindo quartos, salas de estar, escrit\u00f3rios dom\u00e9sticos e cozinhas.<\/li>\n<\/ul>\n<h3 data-sourcepos=\"13:1-13:16\"><strong>Luz de bra\u00e7o oscilante para montagem na parede Utiliza\u00e7\u00f5es comuns:<\/strong><\/h3>\n<ul data-sourcepos=\"15:1-19:0\">\n<li data-sourcepos=\"15:1-15:108\"><strong>Leitura de cabeceira:<\/strong> Posicione a luz para iluminar o seu livro ou tablet sem incomodar o seu parceiro.<\/li>\n<li data-sourcepos=\"16:1-16:82\"><strong>Minist\u00e9rio do Interior:<\/strong> Direccione a luz para o seu espa\u00e7o de trabalho para uma ilumina\u00e7\u00e3o orientada para a tarefa.<\/li>\n<li data-sourcepos=\"17:1-17:78\"><strong>Sala de estar:<\/strong> Crie um recanto de leitura acolhedor ou destaque uma obra de arte espec\u00edfica.<\/li>\n<li data-sourcepos=\"18:1-19:0\"><strong>Cozinha:<\/strong> Utilize-a como luz de trabalho para prepara\u00e7\u00e3o de alimentos ou limpeza.<\/li>\n<\/ul>\n<p data-sourcepos=\"20:1-20:52\">","protected":false},"excerpt":{"rendered":"<p>Tamanho do produto: L1300MM*W120MM*H1300MM<\/p>\n<p>Peso do produto (kg):103,52<\/p>\n<p>N\u00famero de cabe\u00e7as de l\u00e2mpada (unidades):LED<\/p>\n<p>M\u00e9todo de embalagem:Caixa de cart\u00e3o+ Estrutura de ferro+ Placa de inser\u00e7\u00e3o<\/p>","protected":false},"featured_media":1719,"template":"","meta":[],"product_brand":[],"product_cat":[40],"product_tag":[],"class_list":{"0":"post-1718","1":"product","2":"type-product","3":"status-publish","4":"has-post-thumbnail","6":"product_cat-wall-lights-1","8":"first","9":"instock","10":"shipping-taxable","11":"product-type-simple"},"_links":{"self":[{"href":"https:\/\/chandelier-yc.com\/pt\/wp-json\/wp\/v2\/product\/1718"}],"collection":[{"href":"https:\/\/chandelier-yc.com\/pt\/wp-json\/wp\/v2\/product"}],"about":[{"href":"https:\/\/chandelier-yc.com\/pt\/wp-json\/wp\/v2\/types\/product"}],"wp:featuredmedia":[{"embeddable":true,"href":"https:\/\/chandelier-yc.com\/pt\/wp-json\/wp\/v2\/media\/1719"}],"wp:attachment":[{"href":"https:\/\/chandelier-yc.com\/pt\/wp-json\/wp\/v2\/media?parent=1718"}],"wp:term":[{"taxonomy":"product_brand","embeddable":true,"href":"https:\/\/chandelier-yc.com\/pt\/wp-json\/wp\/v2\/product_brand?post=1718"},{"taxonomy":"product_cat","embeddable":true,"href":"https:\/\/chandelier-yc.com\/pt\/wp-json\/wp\/v2\/product_cat?post=1718"},{"taxonomy":"product_tag","embeddable":true,"href":"https:\/\/chandelier-yc.com\/pt\/wp-json\/wp\/v2\/product_tag?post=1718"}],"curies":[{"name":"wp","href":"https:\/\/api.w.org\/{rel}","templated":true}]}}