{"id":1720,"date":"2024-11-02T09:47:59","date_gmt":"2024-11-02T09:47:59","guid":{"rendered":"https:\/\/chandelier-yc.com\/?post_type=product&#038;p=1720"},"modified":"2024-11-02T09:47:59","modified_gmt":"2024-11-02T09:47:59","slug":"brick-wall-with-lights-wl985","status":"publish","type":"product","link":"https:\/\/chandelier-yc.com\/pt\/manufacturer\/brick-wall-with-lights-wl985\/","title":{"rendered":"Parede de tijolo com luzes (WL985)"},"content":{"rendered":"<p data-sourcepos=\"1:1-1:208\">Uma parede de tijolo com luzes pode ser um elemento de design deslumbrante e vers\u00e1til. Pode acrescentar calor, car\u00e1cter e um toque de eleg\u00e2ncia industrial a qualquer espa\u00e7o. Aqui est\u00e3o algumas formas de incorporar luzes numa parede de tijolo.<\/p>\n<h3 data-sourcepos=\"3:1-3:25\"><strong>1. Ilumina\u00e7\u00e3o embutida:<\/strong><\/h3>\n<ul data-sourcepos=\"4:1-7:0\">\n<li data-sourcepos=\"4:1-4:113\"><strong>Eleg\u00e2ncia subtil:<\/strong> Podem ser instaladas luzes embutidas entre os tijolos para criar um aspeto limpo e minimalista.<\/li>\n<li data-sourcepos=\"5:1-5:66\"><strong>Brilho quente:<\/strong> Utilize l\u00e2mpadas de tons quentes para criar uma atmosfera acolhedora.<\/li>\n<li data-sourcepos=\"6:1-7:0\"><strong>Ilumina\u00e7\u00e3o de realce:<\/strong> Realce \u00e1reas espec\u00edficas da parede com ilumina\u00e7\u00e3o direcionada.<\/li>\n<\/ul>\n<h3 data-sourcepos=\"8:1-8:27\"><strong>2. Luzes de parede:<\/strong><\/h3>\n<ul data-sourcepos=\"9:1-12:0\">\n<li data-sourcepos=\"9:1-9:132\"><strong>Op\u00e7\u00f5es vers\u00e1teis:<\/strong> A parede de tijolo com luzes, como arandelas ou projectores, pode ser utilizada para iluminar a parede ou objectos espec\u00edficos.<\/li>\n<li data-sourcepos=\"10:1-10:86\"><strong>Ilumina\u00e7\u00e3o regul\u00e1vel:<\/strong> Os arandelas com bra\u00e7o oscilante oferecem flexibilidade na orienta\u00e7\u00e3o da luz.<\/li>\n<li data-sourcepos=\"11:1-12:0\"><strong>Efeito dram\u00e1tico:<\/strong> Utilize lumin\u00e1rias dram\u00e1ticas para criar uma afirma\u00e7\u00e3o arrojada.<\/li>\n<\/ul>\n<h3 data-sourcepos=\"13:1-13:21\"><strong>3. Luzes de cordas:<\/strong><\/h3>\n<ul data-sourcepos=\"14:1-17:0\">\n<li data-sourcepos=\"14:1-14:90\"><strong>Chique Bo\u00e9mio:<\/strong> A parede de tijolo com luzes pode dar um toque caprichoso e rom\u00e2ntico a uma parede de tijolo.<\/li>\n<li data-sourcepos=\"15:1-15:75\"><strong>Personaliz\u00e1vel:<\/strong> Crie v\u00e1rios padr\u00f5es e desenhos com as luzes de fio.<\/li>\n<li data-sourcepos=\"16:1-17:0\"><strong>Utiliza\u00e7\u00e3o no interior\/exterior:<\/strong> Adequado para espa\u00e7os interiores e exteriores.<\/li>\n<\/ul>","protected":false},"excerpt":{"rendered":"<p>Tamanho do produto:\u03a61100MM*127MM<\/p>\n<p>Peso do produto (kg):55,5<\/p>\n<p>N\u00famero de cabe\u00e7as de l\u00e2mpada (unidades):LED<\/p>\n<p>M\u00e9todo de embalagem:Caixa de cart\u00e3o+ Estrutura de ferro+ Placa de inser\u00e7\u00e3o<\/p>","protected":false},"featured_media":1721,"template":"","meta":[],"product_brand":[],"product_cat":[40],"product_tag":[],"class_list":{"0":"post-1720","1":"product","2":"type-product","3":"status-publish","4":"has-post-thumbnail","6":"product_cat-wall-lights-1","8":"first","9":"instock","10":"shipping-taxable","11":"product-type-simple"},"_links":{"self":[{"href":"https:\/\/chandelier-yc.com\/pt\/wp-json\/wp\/v2\/product\/1720"}],"collection":[{"href":"https:\/\/chandelier-yc.com\/pt\/wp-json\/wp\/v2\/product"}],"about":[{"href":"https:\/\/chandelier-yc.com\/pt\/wp-json\/wp\/v2\/types\/product"}],"wp:featuredmedia":[{"embeddable":true,"href":"https:\/\/chandelier-yc.com\/pt\/wp-json\/wp\/v2\/media\/1721"}],"wp:attachment":[{"href":"https:\/\/chandelier-yc.com\/pt\/wp-json\/wp\/v2\/media?parent=1720"}],"wp:term":[{"taxonomy":"product_brand","embeddable":true,"href":"https:\/\/chandelier-yc.com\/pt\/wp-json\/wp\/v2\/product_brand?post=1720"},{"taxonomy":"product_cat","embeddable":true,"href":"https:\/\/chandelier-yc.com\/pt\/wp-json\/wp\/v2\/product_cat?post=1720"},{"taxonomy":"product_tag","embeddable":true,"href":"https:\/\/chandelier-yc.com\/pt\/wp-json\/wp\/v2\/product_tag?post=1720"}],"curies":[{"name":"wp","href":"https:\/\/api.w.org\/{rel}","templated":true}]}}