{"id":1722,"date":"2024-11-04T01:42:21","date_gmt":"2024-11-04T01:42:21","guid":{"rendered":"https:\/\/chandelier-yc.com\/?post_type=product&#038;p=1722"},"modified":"2024-11-04T01:52:46","modified_gmt":"2024-11-04T01:52:46","slug":"floor-lamps-5101","status":"publish","type":"product","link":"https:\/\/chandelier-yc.com\/pt\/manufacturer\/floor-lamps-5101\/","title":{"rendered":"Candeeiros de p\u00e9 (5101)"},"content":{"rendered":"<p data-sourcepos=\"1:1-1:187\">Os candeeiros de p\u00e9 s\u00e3o uma forma vers\u00e1til e elegante de adicionar ilumina\u00e7\u00e3o ambiente a qualquer divis\u00e3o da sua casa. Existem numa grande variedade de estilos, desde o moderno e minimalista ao tradicional e ornamentado.<\/p>\n<h3 data-sourcepos=\"6:1-6:59\"><strong>Eis algumas das principais vantagens da utiliza\u00e7\u00e3o de candeeiros de p\u00e9:<\/strong><\/h3>\n<ul data-sourcepos=\"8:1-12:0\">\n<li data-sourcepos=\"8:1-8:86\"><strong>Flexibilidade:<\/strong> Os candeeiros de p\u00e9 podem ser facilmente deslocados para se adaptarem \u00e0s suas necessidades em constante mudan\u00e7a.<\/li>\n<li data-sourcepos=\"9:1-9:121\"><strong>Versatilidade:<\/strong> Podem ser utilizados para criar uma variedade de efeitos de ilumina\u00e7\u00e3o, desde suaves e acolhedores a brilhantes e funcionais.<\/li>\n<li data-sourcepos=\"10:1-10:86\"><strong>Estilo:<\/strong> Os candeeiros de p\u00e9 podem ser utilizados para dar um toque de personalidade \u00e0 decora\u00e7\u00e3o da sua casa.<\/li>\n<li data-sourcepos=\"11:1-12:0\"><strong>Efici\u00eancia energ\u00e9tica:<\/strong> Muitos candeeiros de p\u00e9 modernos utilizam l\u00e2mpadas LED energeticamente eficientes.<\/li>\n<\/ul>\n<h3 data-sourcepos=\"13:1-13:71\"><strong>Aqui ficam algumas dicas para escolher o candeeiro de p\u00e9 certo para a sua casa:<\/strong><\/h3>\n<ul data-sourcepos=\"15:1-19:0\">\n<li data-sourcepos=\"15:1-15:107\"><strong>Considere o estilo do seu quarto:<\/strong> Escolha um candeeiro de p\u00e9 que complemente o estilo geral da sua divis\u00e3o.<\/li>\n<li data-sourcepos=\"16:1-16:93\"><strong>Pense no tamanho do seu quarto:<\/strong> Pode ser necess\u00e1rio um candeeiro de p\u00e9 maior para uma divis\u00e3o maior.<\/li>\n<li data-sourcepos=\"17:1-17:105\"><strong>Decida o tipo de luz de que necessita:<\/strong> Pretende uma luz de leitura brilhante ou uma luz ambiente mais suave?<\/li>\n<li data-sourcepos=\"18:1-19:0\"><strong>Escolha a altura correta:<\/strong> A altura do candeeiro de p\u00e9 deve ser adequada \u00e0 divis\u00e3o e \u00e0 tarefa para a qual o pretende utilizar.<\/li>\n<\/ul>\n<h3 data-sourcepos=\"20:1-20:48\"><strong>Eis alguns estilos populares de candeeiros de p\u00e9:<\/strong><\/h3>\n<ul data-sourcepos=\"22:1-26:0\">\n<li data-sourcepos=\"22:1-22:108\"><strong>L\u00e2mpadas de arco:<\/strong> Estes candeeiros t\u00eam um bra\u00e7o longo e curvo que pode ser ajustado para direcionar a luz para onde for necess\u00e1rio.<\/li>\n<li data-sourcepos=\"23:1-23:87\"><strong>Candeeiros Torchiere:<\/strong> Estas l\u00e2mpadas altas e esguias fornecem luz indireta e virada para cima.<\/li>\n<li data-sourcepos=\"24:1-24:104\"><strong>L\u00e2mpadas normais:<\/strong> Estes candeeiros t\u00eam um design reto e vertical e s\u00e3o uma escolha cl\u00e1ssica para qualquer divis\u00e3o.<\/li>\n<li data-sourcepos=\"25:1-26:0\"><strong>Candeeiros modernos:<\/strong> Estes candeeiros apresentam um design elegante e minimalista e utilizam frequentemente ilumina\u00e7\u00e3o LED.<\/li>\n<\/ul>","protected":false},"excerpt":{"rendered":"<p>Tamanho do produto:\u03a6520MM*1820MM<\/p>\n<p>Peso do produto (kg):25<\/p>\n<p>N\u00famero de cabe\u00e7as de l\u00e2mpada5 (unidades):5\/10\/15<\/p>\n<p>M\u00e9todo de embalagem:Espuma+cart\u00e3o<\/p>","protected":false},"featured_media":1723,"template":"","meta":[],"product_brand":[],"product_cat":[41],"product_tag":[],"class_list":{"0":"post-1722","1":"product","2":"type-product","3":"status-publish","4":"has-post-thumbnail","6":"product_cat-table-lamp-and-floor-lamp-1","8":"first","9":"instock","10":"shipping-taxable","11":"product-type-simple"},"_links":{"self":[{"href":"https:\/\/chandelier-yc.com\/pt\/wp-json\/wp\/v2\/product\/1722"}],"collection":[{"href":"https:\/\/chandelier-yc.com\/pt\/wp-json\/wp\/v2\/product"}],"about":[{"href":"https:\/\/chandelier-yc.com\/pt\/wp-json\/wp\/v2\/types\/product"}],"wp:featuredmedia":[{"embeddable":true,"href":"https:\/\/chandelier-yc.com\/pt\/wp-json\/wp\/v2\/media\/1723"}],"wp:attachment":[{"href":"https:\/\/chandelier-yc.com\/pt\/wp-json\/wp\/v2\/media?parent=1722"}],"wp:term":[{"taxonomy":"product_brand","embeddable":true,"href":"https:\/\/chandelier-yc.com\/pt\/wp-json\/wp\/v2\/product_brand?post=1722"},{"taxonomy":"product_cat","embeddable":true,"href":"https:\/\/chandelier-yc.com\/pt\/wp-json\/wp\/v2\/product_cat?post=1722"},{"taxonomy":"product_tag","embeddable":true,"href":"https:\/\/chandelier-yc.com\/pt\/wp-json\/wp\/v2\/product_tag?post=1722"}],"curies":[{"name":"wp","href":"https:\/\/api.w.org\/{rel}","templated":true}]}}