{"id":1726,"date":"2024-11-04T02:04:03","date_gmt":"2024-11-04T02:04:03","guid":{"rendered":"https:\/\/chandelier-yc.com\/?post_type=product&#038;p=1726"},"modified":"2024-11-04T02:04:03","modified_gmt":"2024-11-04T02:04:03","slug":"floor-and-matching-table-lamps-gb3c1170","status":"publish","type":"product","link":"https:\/\/chandelier-yc.com\/pt\/manufacturer\/floor-and-matching-table-lamps-gb3c1170\/","title":{"rendered":"Candeeiros de p\u00e9 e candeeiros de mesa a condizer (GB3C1170)"},"content":{"rendered":"<p data-sourcepos=\"1:1-1:190\">Os candeeiros de p\u00e9 e de mesa a condizer s\u00e3o uma forma elegante e funcional de iluminar a sua sala de estar. Consiste num candeeiro de p\u00e9 e num candeeiro de mesa coordenados, muitas vezes partilhando uma est\u00e9tica de design semelhante.<\/p>\n<h3 data-sourcepos=\"3:1-3:43\"><strong>Vantagens do conjunto de candeeiros de p\u00e9 e de mesa a condizer:<\/strong><\/h3>\n<ul data-sourcepos=\"5:1-9:0\">\n<li data-sourcepos=\"5:1-5:90\"><strong>Design coeso:<\/strong> Um conjunto a condizer cria um aspeto harmonioso e polido no seu quarto.<\/li>\n<li data-sourcepos=\"6:1-6:143\"><strong>Ilumina\u00e7\u00e3o vers\u00e1til:<\/strong> A combina\u00e7\u00e3o de um candeeiro de p\u00e9 e de um candeeiro de mesa oferece uma ilumina\u00e7\u00e3o ambiente e uma ilumina\u00e7\u00e3o de trabalho, para v\u00e1rias actividades.<\/li>\n<li data-sourcepos=\"7:1-7:88\"><strong>Ambiente melhorado:<\/strong> Uma ilumina\u00e7\u00e3o bem colocada pode criar uma atmosfera calorosa e convidativa.<\/li>\n<li data-sourcepos=\"8:1-9:0\"><strong>Coordena\u00e7\u00e3o f\u00e1cil:<\/strong> Os conjuntos a condizer simplificam o processo de escolha de aparelhos de ilumina\u00e7\u00e3o complementares.<\/li>\n<\/ul>\n<h3 data-sourcepos=\"10:1-10:44\"><strong>Factores a considerar na escolha de um conjunto:<\/strong><\/h3>\n<ul data-sourcepos=\"12:1-17:0\">\n<li data-sourcepos=\"12:1-12:135\"><strong>Estilo:<\/strong> Considere a decora\u00e7\u00e3o do seu quarto e escolha um conjunto que complemente o seu estilo, quer seja moderno, tradicional ou de transi\u00e7\u00e3o.<\/li>\n<li data-sourcepos=\"13:1-13:171\"><strong>Tamanho:<\/strong> Certifique-se de que os candeeiros s\u00e3o proporcionais ao tamanho da divis\u00e3o. Um candeeiro de p\u00e9 maior pode ser adequado para divis\u00f5es espa\u00e7osas, enquanto conjuntos mais pequenos podem funcionar bem em espa\u00e7os acolhedores.<\/li>\n<li data-sourcepos=\"14:1-14:165\"><strong>Acabamento:<\/strong> Selecione um acabamento que complemente a sua mob\u00edlia e o esquema geral de cores. As op\u00e7\u00f5es mais populares incluem n\u00edquel escovado, lat\u00e3o e v\u00e1rios acabamentos met\u00e1licos.<\/li>\n<li data-sourcepos=\"15:1-15:176\"><strong>Material da sombra:<\/strong> O material do abajur pode influenciar a qualidade da luz. Os abajures em tecido oferecem uma luz mais suave e difusa, enquanto os abajures em vidro ou metal proporcionam um feixe mais focado.<\/li>\n<li data-sourcepos=\"16:1-17:0\"><strong>Funcionalidade:<\/strong> Considere as necessidades espec\u00edficas de ilumina\u00e7\u00e3o da divis\u00e3o. Um interrutor regulador pode ser \u00fatil para ajustar a intensidade da luz.<\/li>\n<\/ul>\n<h3 data-sourcepos=\"18:1-18:48\"><strong>Estilos populares de conjuntos de candeeiros de p\u00e9 e de mesa a condizer:<\/strong><\/h3>\n<ul data-sourcepos=\"20:1-23:0\">\n<li data-sourcepos=\"20:1-20:92\"><strong>Moderno:<\/strong> Linhas elegantes, designs minimalistas e muitas vezes com materiais met\u00e1licos ou de vidro.<\/li>\n<li data-sourcepos=\"21:1-21:98\"><strong>Tradicional:<\/strong> Pormenores ornamentados, formas cl\u00e1ssicas e, frequentemente, materiais como a madeira ou a cer\u00e2mica.<\/li>\n<li data-sourcepos=\"22:1-23:0\"><strong>Transit\u00f3rio:<\/strong> Uma mistura de estilos modernos e tradicionais, oferecendo um visual equilibrado e vers\u00e1til.<\/li>\n<\/ul>","protected":false},"excerpt":{"rendered":"<p>Tamanho do produto:\u03a6630MM*1170MM<\/p>\n<p>Peso do produto (kg):104,5<\/p>\n<p>N\u00famero de cabe\u00e7as de l\u00e2mpada (unidades):LED<\/p>\n<p>M\u00e9todo de embalagem:Espuma+cart\u00e3o+cart\u00e3o de inser\u00e7\u00e3o<\/p>","protected":false},"featured_media":1727,"template":"","meta":[],"product_brand":[],"product_cat":[41],"product_tag":[],"class_list":{"0":"post-1726","1":"product","2":"type-product","3":"status-publish","4":"has-post-thumbnail","6":"product_cat-table-lamp-and-floor-lamp-1","8":"first","9":"instock","10":"shipping-taxable","11":"product-type-simple"},"_links":{"self":[{"href":"https:\/\/chandelier-yc.com\/pt\/wp-json\/wp\/v2\/product\/1726"}],"collection":[{"href":"https:\/\/chandelier-yc.com\/pt\/wp-json\/wp\/v2\/product"}],"about":[{"href":"https:\/\/chandelier-yc.com\/pt\/wp-json\/wp\/v2\/types\/product"}],"wp:featuredmedia":[{"embeddable":true,"href":"https:\/\/chandelier-yc.com\/pt\/wp-json\/wp\/v2\/media\/1727"}],"wp:attachment":[{"href":"https:\/\/chandelier-yc.com\/pt\/wp-json\/wp\/v2\/media?parent=1726"}],"wp:term":[{"taxonomy":"product_brand","embeddable":true,"href":"https:\/\/chandelier-yc.com\/pt\/wp-json\/wp\/v2\/product_brand?post=1726"},{"taxonomy":"product_cat","embeddable":true,"href":"https:\/\/chandelier-yc.com\/pt\/wp-json\/wp\/v2\/product_cat?post=1726"},{"taxonomy":"product_tag","embeddable":true,"href":"https:\/\/chandelier-yc.com\/pt\/wp-json\/wp\/v2\/product_tag?post=1726"}],"curies":[{"name":"wp","href":"https:\/\/api.w.org\/{rel}","templated":true}]}}