{"id":1728,"date":"2024-11-04T02:13:40","date_gmt":"2024-11-04T02:13:40","guid":{"rendered":"https:\/\/chandelier-yc.com\/?post_type=product&#038;p=1728"},"modified":"2024-11-04T02:22:10","modified_gmt":"2024-11-04T02:22:10","slug":"modern-table-and-floor-lamps-ft600","status":"publish","type":"product","link":"https:\/\/chandelier-yc.com\/pt\/manufacturer\/modern-table-and-floor-lamps-ft600\/","title":{"rendered":"Candeeiros de mesa e de p\u00e9 modernos (FT600)"},"content":{"rendered":"<p data-sourcepos=\"1:1-1:129\">Os candeeiros de mesa e de p\u00e9 modernos oferecem uma forma elegante e moderna de iluminar o seu espa\u00e7o de vida. Aqui est\u00e3o alguns designs modernos populares:<\/p>\n<h3 data-sourcepos=\"3:1-3:23\"><strong>Candeeiros de mesa e de p\u00e9 modernos :<\/strong><\/h3>\n<ul data-sourcepos=\"5:1-9:0\">\n<li data-sourcepos=\"5:1-5:91\"><strong>Minimalista:<\/strong> Linhas simples e limpas e cores neutras, muitas vezes com uma base de metal ou vidro.<\/li>\n<li data-sourcepos=\"6:1-6:77\"><strong>Geom\u00e9trico:<\/strong> Formas geom\u00e9tricas arrojadas, como esferas, cubos ou cilindros.<\/li>\n<li data-sourcepos=\"7:1-7:92\"><strong>Industrial:<\/strong> Materiais crus como o metal e a madeira, com l\u00e2mpadas expostas ou candeeiros tipo gaiola.<\/li>\n<li data-sourcepos=\"8:1-9:0\"><strong>Art Deco:<\/strong> Curvas elegantes e materiais luxuosos como o m\u00e1rmore ou o lat\u00e3o.<\/li>\n<\/ul>\n<h3 data-sourcepos=\"10:1-10:23\"><strong>Candeeiros de p\u00e9 modernos:<\/strong><\/h3>\n<ul data-sourcepos=\"12:1-16:0\">\n<li data-sourcepos=\"12:1-12:95\"><strong>L\u00e2mpada de arco:<\/strong> Um design cl\u00e1ssico e moderno com um bra\u00e7o curvo que pode ser ajustado para direcionar a luz.<\/li>\n<li data-sourcepos=\"13:1-13:82\"><strong>Torchiere:<\/strong> Um candeeiro alto e esguio que fornece luz indireta e virada para cima.<\/li>\n<li data-sourcepos=\"14:1-14:102\"><strong>Candeeiro de p\u00e9 com trip\u00e9:<\/strong> Uma op\u00e7\u00e3o elegante e vers\u00e1til com tr\u00eas pernas e uma variedade de estilos de sombra.<\/li>\n<li data-sourcepos=\"15:1-16:0\"><strong>Candeeiro de p\u00e9 com prateleira:<\/strong> Um design funcional que inclui uma prateleira incorporada para livros, plantas ou outros objectos decorativos.<\/li>\n<\/ul>\n<h3 data-sourcepos=\"17:1-17:51\"><strong>Dicas para escolher candeeiros de mesa e de p\u00e9 modernos:<\/strong><\/h3>\n<ul data-sourcepos=\"19:1-23:0\">\n<li data-sourcepos=\"19:1-19:83\"><strong>Considere o estilo do seu quarto:<\/strong> Escolha candeeiros que complementem a decora\u00e7\u00e3o existente.<\/li>\n<li data-sourcepos=\"20:1-20:111\"><strong>Pense nas necessidades de ilumina\u00e7\u00e3o da divis\u00e3o:<\/strong> Precisa de uma luz de leitura brilhante ou de uma luz ambiente mais suave?<\/li>\n<li data-sourcepos=\"21:1-21:114\"><strong>Preste aten\u00e7\u00e3o ao tamanho e \u00e0 escala dos candeeiros:<\/strong> Os candeeiros devem ser proporcionais ao tamanho da divis\u00e3o.<\/li>\n<li data-sourcepos=\"22:1-23:0\"><strong>Procure op\u00e7\u00f5es energeticamente eficientes:<\/strong> As l\u00e2mpadas LED s\u00e3o uma \u00f3ptima forma de poupar energia e dinheiro.<\/li>\n<\/ul>","protected":false},"excerpt":{"rendered":"<p>Tamanho do produto:\u03a6400MM*600MM<\/p>\n<p>Peso do produto (kg):36,8<\/p>\n<p>N\u00famero de cabe\u00e7as de l\u00e2mpada (unidades):3<\/p>\n<p>M\u00e9todo de embalagem:Espuma+cart\u00e3o<\/p>","protected":false},"featured_media":1729,"template":"","meta":[],"product_brand":[],"product_cat":[39,41],"product_tag":[],"class_list":{"0":"post-1728","1":"product","2":"type-product","3":"status-publish","4":"has-post-thumbnail","6":"product_cat-chandelier-1","7":"product_cat-table-lamp-and-floor-lamp-1","9":"first","10":"instock","11":"shipping-taxable","12":"product-type-simple"},"_links":{"self":[{"href":"https:\/\/chandelier-yc.com\/pt\/wp-json\/wp\/v2\/product\/1728"}],"collection":[{"href":"https:\/\/chandelier-yc.com\/pt\/wp-json\/wp\/v2\/product"}],"about":[{"href":"https:\/\/chandelier-yc.com\/pt\/wp-json\/wp\/v2\/types\/product"}],"wp:featuredmedia":[{"embeddable":true,"href":"https:\/\/chandelier-yc.com\/pt\/wp-json\/wp\/v2\/media\/1729"}],"wp:attachment":[{"href":"https:\/\/chandelier-yc.com\/pt\/wp-json\/wp\/v2\/media?parent=1728"}],"wp:term":[{"taxonomy":"product_brand","embeddable":true,"href":"https:\/\/chandelier-yc.com\/pt\/wp-json\/wp\/v2\/product_brand?post=1728"},{"taxonomy":"product_cat","embeddable":true,"href":"https:\/\/chandelier-yc.com\/pt\/wp-json\/wp\/v2\/product_cat?post=1728"},{"taxonomy":"product_tag","embeddable":true,"href":"https:\/\/chandelier-yc.com\/pt\/wp-json\/wp\/v2\/product_tag?post=1728"}],"curies":[{"name":"wp","href":"https:\/\/api.w.org\/{rel}","templated":true}]}}