{"id":1730,"date":"2024-11-04T02:31:24","date_gmt":"2024-11-04T02:31:24","guid":{"rendered":"https:\/\/chandelier-yc.com\/?post_type=product&#038;p=1730"},"modified":"2024-11-04T02:33:31","modified_gmt":"2024-11-04T02:33:31","slug":"modern-floor-and-table-lamps-ft1700","status":"publish","type":"product","link":"https:\/\/chandelier-yc.com\/pt\/manufacturer\/modern-floor-and-table-lamps-ft1700\/","title":{"rendered":"Candeeiros de p\u00e9 e de mesa modernos (FT1700)"},"content":{"rendered":"<p data-sourcepos=\"1:1-1:194\">Os candeeiros de p\u00e9 e de mesa modernos s\u00e3o uma adi\u00e7\u00e3o elegante e funcional a qualquer casa contempor\u00e2nea. Oferecem uma est\u00e9tica elegante e minimalista que pode complementar uma variedade de estilos de design de interiores.<\/p>\n<h3 data-sourcepos=\"3:1-3:41\"><strong>Aqui est\u00e3o alguns designs populares de candeeiros de p\u00e9 e de mesa modernos:<\/strong><\/h3>\n<h4 data-sourcepos=\"5:1-5:23\"><strong>Candeeiros de mesa modernos:<\/strong><\/h4>\n<ul data-sourcepos=\"7:1-11:0\">\n<li data-sourcepos=\"7:1-7:91\"><strong>Minimalista:<\/strong> Linhas simples e limpas e cores neutras, muitas vezes com uma base de metal ou vidro.<\/li>\n<li data-sourcepos=\"8:1-8:77\"><strong>Geom\u00e9trico:<\/strong> Formas geom\u00e9tricas arrojadas, como esferas, cubos ou cilindros.<\/li>\n<li data-sourcepos=\"9:1-9:92\"><strong>Industrial:<\/strong> Materiais crus como o metal e a madeira, com l\u00e2mpadas expostas ou candeeiros tipo gaiola.<\/li>\n<li data-sourcepos=\"10:1-11:0\"><strong>Art Deco:<\/strong> Curvas elegantes e materiais luxuosos como o m\u00e1rmore ou o lat\u00e3o.<\/li>\n<\/ul>\n<h4 data-sourcepos=\"12:1-12:23\"><strong>Candeeiros de p\u00e9 modernos:<\/strong><\/h4>\n<ul data-sourcepos=\"14:1-18:0\">\n<li data-sourcepos=\"14:1-14:95\"><strong>L\u00e2mpada de arco:<\/strong> Um design cl\u00e1ssico e moderno com um bra\u00e7o curvo que pode ser ajustado para direcionar a luz.<\/li>\n<li data-sourcepos=\"15:1-15:82\"><strong>Torchiere:<\/strong> Um candeeiro alto e esguio que fornece luz indireta e virada para cima.<\/li>\n<li data-sourcepos=\"16:1-16:102\"><strong>Candeeiro de p\u00e9 com trip\u00e9:<\/strong> Uma op\u00e7\u00e3o elegante e vers\u00e1til com tr\u00eas pernas e uma variedade de estilos de sombra.<\/li>\n<li data-sourcepos=\"17:1-18:0\"><strong>Candeeiro de p\u00e9 com prateleira:<\/strong> Um design funcional que inclui uma prateleira incorporada para livros, plantas ou outros objectos decorativos.<\/li>\n<\/ul>\n<h4 data-sourcepos=\"19:1-19:51\"><strong>Dicas para escolher candeeiros de p\u00e9 e de mesa modernos:<\/strong><\/h4>\n<ul data-sourcepos=\"21:1-25:0\">\n<li data-sourcepos=\"21:1-21:83\"><strong>Considere o estilo do seu quarto:<\/strong> Escolha candeeiros que complementem a decora\u00e7\u00e3o existente.<\/li>\n<li data-sourcepos=\"22:1-22:111\"><strong>Pense nas necessidades de ilumina\u00e7\u00e3o da divis\u00e3o:<\/strong> Precisa de uma luz de leitura brilhante ou de uma luz ambiente mais suave?<\/li>\n<li data-sourcepos=\"23:1-23:114\"><strong>Preste aten\u00e7\u00e3o ao tamanho e \u00e0 escala dos candeeiros:<\/strong> Os candeeiros devem ser proporcionais ao tamanho da divis\u00e3o.<\/li>\n<li data-sourcepos=\"24:1-25:0\"><strong>Procure op\u00e7\u00f5es energeticamente eficientes:<\/strong> As l\u00e2mpadas LED s\u00e3o uma \u00f3ptima forma de poupar energia e dinheiro.<\/li>\n<\/ul>","protected":false},"excerpt":{"rendered":"<p>Tamanho do produto:\u03a6500MM*1700MM<\/p>\n<p>Peso do produto (kg):57,99<\/p>\n<p>N\u00famero de cabe\u00e7as de l\u00e2mpada (unidades):6<\/p>\n<p>M\u00e9todo de embalagem:Espuma+cart\u00e3o<\/p>","protected":false},"featured_media":1731,"template":"","meta":[],"product_brand":[],"product_cat":[41],"product_tag":[],"class_list":{"0":"post-1730","1":"product","2":"type-product","3":"status-publish","4":"has-post-thumbnail","6":"product_cat-table-lamp-and-floor-lamp-1","8":"first","9":"instock","10":"shipping-taxable","11":"product-type-simple"},"_links":{"self":[{"href":"https:\/\/chandelier-yc.com\/pt\/wp-json\/wp\/v2\/product\/1730"}],"collection":[{"href":"https:\/\/chandelier-yc.com\/pt\/wp-json\/wp\/v2\/product"}],"about":[{"href":"https:\/\/chandelier-yc.com\/pt\/wp-json\/wp\/v2\/types\/product"}],"wp:featuredmedia":[{"embeddable":true,"href":"https:\/\/chandelier-yc.com\/pt\/wp-json\/wp\/v2\/media\/1731"}],"wp:attachment":[{"href":"https:\/\/chandelier-yc.com\/pt\/wp-json\/wp\/v2\/media?parent=1730"}],"wp:term":[{"taxonomy":"product_brand","embeddable":true,"href":"https:\/\/chandelier-yc.com\/pt\/wp-json\/wp\/v2\/product_brand?post=1730"},{"taxonomy":"product_cat","embeddable":true,"href":"https:\/\/chandelier-yc.com\/pt\/wp-json\/wp\/v2\/product_cat?post=1730"},{"taxonomy":"product_tag","embeddable":true,"href":"https:\/\/chandelier-yc.com\/pt\/wp-json\/wp\/v2\/product_tag?post=1730"}],"curies":[{"name":"wp","href":"https:\/\/api.w.org\/{rel}","templated":true}]}}