{"id":1733,"date":"2024-11-04T02:49:09","date_gmt":"2024-11-04T02:49:09","guid":{"rendered":"https:\/\/chandelier-yc.com\/?post_type=product&#038;p=1733"},"modified":"2024-11-04T02:49:09","modified_gmt":"2024-11-04T02:49:09","slug":"matching-table-and-floor-lamps-x101700","status":"publish","type":"product","link":"https:\/\/chandelier-yc.com\/pt\/manufacturer\/matching-table-and-floor-lamps-x101700\/","title":{"rendered":"Candeeiros de mesa e de p\u00e9 a condizer (x101700)"},"content":{"rendered":"<p data-sourcepos=\"1:1-1:163\">Os candeeiros de mesa e de p\u00e9 a condizer podem dar um toque de eleg\u00e2ncia e sofistica\u00e7\u00e3o \u00e0 decora\u00e7\u00e3o da sua casa. Aqui est\u00e3o algumas dicas sobre como escolher o conjunto certo para o seu espa\u00e7o:<\/p>\n<h3 data-sourcepos=\"3:1-3:24\"><strong>Candeeiros de mesa e de p\u00e9 a condizer Considere o seu estilo:<\/strong><\/h3>\n<ul data-sourcepos=\"5:1-8:0\">\n<li data-sourcepos=\"5:1-5:92\"><strong>Moderno:<\/strong> Linhas elegantes, designs minimalistas e muitas vezes com materiais met\u00e1licos ou de vidro.<\/li>\n<li data-sourcepos=\"6:1-6:98\"><strong>Tradicional:<\/strong> Pormenores ornamentados, formas cl\u00e1ssicas e, frequentemente, materiais como a madeira ou a cer\u00e2mica.<\/li>\n<li data-sourcepos=\"7:1-8:0\"><strong>Transit\u00f3rio:<\/strong> Uma mistura de estilos modernos e tradicionais, oferecendo um visual equilibrado e vers\u00e1til.<\/li>\n<\/ul>\n<h3 data-sourcepos=\"9:1-9:24\"><strong>Candeeiros de mesa e de p\u00e9 a condizer Factores a considerar:<\/strong><\/h3>\n<ul data-sourcepos=\"11:1-15:0\">\n<li data-sourcepos=\"11:1-11:64\"><strong>Tamanho:<\/strong> Assegure-se de que os candeeiros s\u00e3o proporcionais ao tamanho da divis\u00e3o.<\/li>\n<li data-sourcepos=\"12:1-12:87\"><strong>Acabamento:<\/strong> Selecione um acabamento que complemente a sua mob\u00edlia e o esquema geral de cores.<\/li>\n<li data-sourcepos=\"13:1-13:176\"><strong>Material da sombra:<\/strong> O material do abajur pode influenciar a qualidade da luz. Os abajures em tecido oferecem uma luz mais suave e difusa, enquanto os abajures em vidro ou metal proporcionam um feixe mais focado.<\/li>\n<li data-sourcepos=\"14:1-15:0\"><strong>Funcionalidade:<\/strong> Considere as necessidades espec\u00edficas de ilumina\u00e7\u00e3o da divis\u00e3o. Um interrutor regulador pode ser \u00fatil para ajustar a intensidade da luz.<\/li>\n<\/ul>\n<h3 data-sourcepos=\"16:1-16:36\"><strong>Estilos populares de conjuntos a condizer:<\/strong><\/h3>\n<ul data-sourcepos=\"18:1-21:0\">\n<li data-sourcepos=\"18:1-18:92\"><strong>Moderno:<\/strong> Linhas elegantes, designs minimalistas e muitas vezes com materiais met\u00e1licos ou de vidro.<\/li>\n<li data-sourcepos=\"19:1-19:98\"><strong>Tradicional:<\/strong> Pormenores ornamentados, formas cl\u00e1ssicas e, frequentemente, materiais como a madeira ou a cer\u00e2mica.<\/li>\n<li data-sourcepos=\"20:1-21:0\"><strong>Transit\u00f3rio:<\/strong> Uma mistura de estilos modernos e tradicionais, oferecendo um visual equilibrado e vers\u00e1til.<\/li>\n<\/ul>","protected":false},"excerpt":{"rendered":"<p>Tamanho do produto:\u03a6300MM*1700MM<\/p>\n<p>Peso do produto (kg):38,5<\/p>\n<p>N\u00famero de cabe\u00e7as de l\u00e2mpada (unidades):8<\/p>\n<p>M\u00e9todo de embalagem:Espuma+cart\u00e3o<\/p>","protected":false},"featured_media":1734,"template":"","meta":[],"product_brand":[],"product_cat":[41],"product_tag":[],"class_list":{"0":"post-1733","1":"product","2":"type-product","3":"status-publish","4":"has-post-thumbnail","6":"product_cat-table-lamp-and-floor-lamp-1","8":"first","9":"instock","10":"shipping-taxable","11":"product-type-simple"},"_links":{"self":[{"href":"https:\/\/chandelier-yc.com\/pt\/wp-json\/wp\/v2\/product\/1733"}],"collection":[{"href":"https:\/\/chandelier-yc.com\/pt\/wp-json\/wp\/v2\/product"}],"about":[{"href":"https:\/\/chandelier-yc.com\/pt\/wp-json\/wp\/v2\/types\/product"}],"wp:featuredmedia":[{"embeddable":true,"href":"https:\/\/chandelier-yc.com\/pt\/wp-json\/wp\/v2\/media\/1734"}],"wp:attachment":[{"href":"https:\/\/chandelier-yc.com\/pt\/wp-json\/wp\/v2\/media?parent=1733"}],"wp:term":[{"taxonomy":"product_brand","embeddable":true,"href":"https:\/\/chandelier-yc.com\/pt\/wp-json\/wp\/v2\/product_brand?post=1733"},{"taxonomy":"product_cat","embeddable":true,"href":"https:\/\/chandelier-yc.com\/pt\/wp-json\/wp\/v2\/product_cat?post=1733"},{"taxonomy":"product_tag","embeddable":true,"href":"https:\/\/chandelier-yc.com\/pt\/wp-json\/wp\/v2\/product_tag?post=1733"}],"curies":[{"name":"wp","href":"https:\/\/api.w.org\/{rel}","templated":true}]}}