{"id":1746,"date":"2024-11-04T03:50:45","date_gmt":"2024-11-04T03:50:45","guid":{"rendered":"https:\/\/chandelier-yc.com\/?post_type=product&#038;p=1746"},"modified":"2024-11-04T03:50:45","modified_gmt":"2024-11-04T03:50:45","slug":"floor-lamp-and-table-lamp-wl2410","status":"publish","type":"product","link":"https:\/\/chandelier-yc.com\/pt\/manufacturer\/floor-lamp-and-table-lamp-wl2410\/","title":{"rendered":"Candeeiro de p\u00e9 e candeeiro de mesa (WL2410)"},"content":{"rendered":"<p data-sourcepos=\"1:1-1:171\">O candeeiro de p\u00e9 e o candeeiro de mesa s\u00e3o elementos essenciais na decora\u00e7\u00e3o da casa, proporcionando uma ilumina\u00e7\u00e3o funcional e um apelo est\u00e9tico. Eis uma an\u00e1lise das suas principais carater\u00edsticas e vantagens:<\/p>\n<h3 data-sourcepos=\"3:1-3:15\"><strong>Candeeiro de p\u00e9 e candeeiro de mesa:<\/strong><\/h3>\n<ul data-sourcepos=\"5:1-13:0\">\n<li data-sourcepos=\"5:1-5:141\"><strong>Ilumina\u00e7\u00e3o vers\u00e1til:<\/strong> Os candeeiros de p\u00e9 oferecem flexibilidade na coloca\u00e7\u00e3o e podem ser utilizados para iluminar \u00e1reas espec\u00edficas ou criar ilumina\u00e7\u00e3o ambiente.<\/li>\n<li data-sourcepos=\"6:1-6:73\"><strong>Economia de espa\u00e7o:<\/strong> Ideal para salas mais pequenas ou \u00e1reas sem mesas de apoio.<\/li>\n<li data-sourcepos=\"7:1-7:107\"><strong>Pe\u00e7as de afirma\u00e7\u00e3o:<\/strong> Podem servir como pontos focais numa divis\u00e3o, especialmente com designs \u00fanicos ou cores ousadas.<\/li>\n<li data-sourcepos=\"8:1-13:0\"><strong>Tipos:<\/strong>\n<ul data-sourcepos=\"9:5-13:0\">\n<li data-sourcepos=\"9:5-9:79\"><strong>L\u00e2mpada de arco:<\/strong> Um design cl\u00e1ssico com um bra\u00e7o curvo para uma ilumina\u00e7\u00e3o ajust\u00e1vel.<\/li>\n<li data-sourcepos=\"10:5-10:86\"><strong>Torchiere:<\/strong> Um candeeiro alto e esguio que fornece luz indireta e virada para cima.<\/li>\n<li data-sourcepos=\"11:5-11:76\"><strong>Candeeiro de p\u00e9 com trip\u00e9:<\/strong> Uma op\u00e7\u00e3o elegante e vers\u00e1til com tr\u00eas pernas.<\/li>\n<li data-sourcepos=\"12:5-13:0\"><strong>Candeeiro de p\u00e9 com prateleira:<\/strong> Um design funcional que inclui uma prateleira incorporada.<\/li>\n<\/ul>\n<\/li>\n<\/ul>\n<h3 data-sourcepos=\"14:1-14:15\"><strong>Candeeiros de mesa<\/strong><\/h3>\n<ul data-sourcepos=\"16:1-23:0\">\n<li data-sourcepos=\"16:1-16:76\"><strong>Ilumina\u00e7\u00e3o de tarefas:<\/strong> Perfeito para ler, escrever ou trabalhar no computador.<\/li>\n<li data-sourcepos=\"17:1-17:89\"><strong>Elemento decorativo:<\/strong> Pode dar um toque de estilo a mesas de apoio, mesinhas de cabeceira ou secret\u00e1rias.<\/li>\n<li data-sourcepos=\"18:1-18:68\"><strong>Compacto e port\u00e1til:<\/strong> F\u00e1cil de deslocar e de redecorar.<\/li>\n<\/ul>","protected":false},"excerpt":{"rendered":"<p>Product size:L1304MM*W220MM*H2410MM<\/p>\n<p>Peso do produto (kg):173<\/p>\n<p>N\u00famero de cabe\u00e7as de l\u00e2mpada (unidades):LED<\/p>\n<p>M\u00e9todo de embalagem:Espuma+cart\u00e3o+cart\u00e3o de inser\u00e7\u00e3o<\/p>","protected":false},"featured_media":1747,"template":"","meta":[],"product_brand":[],"product_cat":[41],"product_tag":[],"class_list":{"0":"post-1746","1":"product","2":"type-product","3":"status-publish","4":"has-post-thumbnail","6":"product_cat-table-lamp-and-floor-lamp-1","8":"first","9":"instock","10":"shipping-taxable","11":"product-type-simple"},"_links":{"self":[{"href":"https:\/\/chandelier-yc.com\/pt\/wp-json\/wp\/v2\/product\/1746"}],"collection":[{"href":"https:\/\/chandelier-yc.com\/pt\/wp-json\/wp\/v2\/product"}],"about":[{"href":"https:\/\/chandelier-yc.com\/pt\/wp-json\/wp\/v2\/types\/product"}],"wp:featuredmedia":[{"embeddable":true,"href":"https:\/\/chandelier-yc.com\/pt\/wp-json\/wp\/v2\/media\/1747"}],"wp:attachment":[{"href":"https:\/\/chandelier-yc.com\/pt\/wp-json\/wp\/v2\/media?parent=1746"}],"wp:term":[{"taxonomy":"product_brand","embeddable":true,"href":"https:\/\/chandelier-yc.com\/pt\/wp-json\/wp\/v2\/product_brand?post=1746"},{"taxonomy":"product_cat","embeddable":true,"href":"https:\/\/chandelier-yc.com\/pt\/wp-json\/wp\/v2\/product_cat?post=1746"},{"taxonomy":"product_tag","embeddable":true,"href":"https:\/\/chandelier-yc.com\/pt\/wp-json\/wp\/v2\/product_tag?post=1746"}],"curies":[{"name":"wp","href":"https:\/\/api.w.org\/{rel}","templated":true}]}}