{"id":1748,"date":"2024-11-04T03:55:17","date_gmt":"2024-11-04T03:55:17","guid":{"rendered":"https:\/\/chandelier-yc.com\/?post_type=product&#038;p=1748"},"modified":"2024-11-04T03:55:17","modified_gmt":"2024-11-04T03:55:17","slug":"farmhouse-style-floor-lamp-and-table-lamp-set-%ef%bc%88wl301330%ef%bc%89","status":"publish","type":"product","link":"https:\/\/chandelier-yc.com\/pt\/manufacturer\/farmhouse-style-floor-lamp-and-table-lamp-set-\uff08wl301330\uff09\/","title":{"rendered":"Conjunto de candeeiro de p\u00e9 e candeeiro de mesa estilo casa de campo \uff08WL301330\uff09"},"content":{"rendered":"<p data-sourcepos=\"1:1-1:207\">O conjunto de candeeiro de p\u00e9 e candeeiro de mesa de estilo rural \u00e9 uma escolha popular para adicionar um toque de charme r\u00fastico \u00e0 decora\u00e7\u00e3o da sua casa. Apresentam frequentemente acabamentos em madeira desgastada, materiais naturais e linhas simples e limpas.<\/p>\n<h3 data-sourcepos=\"3:1-3:76\"><strong>Aqui est\u00e3o alguns dos principais candeeiros de p\u00e9 e candeeiros de mesa em estilo de casa de campo:<\/strong><\/h3>\n<ul data-sourcepos=\"5:1-10:0\">\n<li data-sourcepos=\"5:1-5:88\"><strong>Acabamentos em madeira envelhecida:<\/strong> Estes acabamentos d\u00e3o aos candeeiros um aspeto envelhecido e vintage.<\/li>\n<li data-sourcepos=\"6:1-6:101\"><strong>Materiais naturais:<\/strong> A madeira, o metal e o linho s\u00e3o materiais normalmente utilizados em candeeiros de estilo rural.<\/li>\n<li data-sourcepos=\"7:1-7:101\"><strong>Formas simples:<\/strong> As linhas simples e os designs descomplicados s\u00e3o carater\u00edsticos do estilo de casa de campo.<\/li>\n<li data-sourcepos=\"8:1-8:98\"><strong>Cores neutras:<\/strong> O branco, o bege, o castanho e o cinzento s\u00e3o escolhas de cores populares para candeeiros de casa de campo.<\/li>\n<li data-sourcepos=\"9:1-10:0\"><strong>Cortinas de tecido:<\/strong> Muitas vezes feitos de linho ou algod\u00e3o, estes abajures proporcionam uma luz suave e difusa.<\/li>\n<\/ul>\n<h3 data-sourcepos=\"11:1-11:44\"><strong>Onde encontrar conjuntos de candeeiros de estilo rural:<\/strong><\/h3>\n<ul data-sourcepos=\"13:1-16:0\">\n<li data-sourcepos=\"13:1-13:98\"><strong>Lojas de m\u00f3veis:<\/strong> Muitas lojas de mobili\u00e1rio oferecem uma variedade de op\u00e7\u00f5es de ilumina\u00e7\u00e3o ao estilo da casa de campo.<\/li>\n<li data-sourcepos=\"14:1-14:102\"><strong>Lojas de decora\u00e7\u00e3o para casa:<\/strong> Lojas como a HomeGoods, Target e Walmart t\u00eam frequentemente candeeiros de estilo rural.<\/li>\n<li data-sourcepos=\"15:1-16:0\"><strong>Retalhistas online:<\/strong> Sites como o Amazon, Wayfair e Overstock oferecem uma vasta sele\u00e7\u00e3o de candeeiros de estilo rural.<\/li>\n<\/ul>","protected":false},"excerpt":{"rendered":"<p>Tamanho do produto:\u03a6660MM*1330MM<\/p>\n<p>Peso do produto (kg):225<\/p>\n<p>N\u00famero de cabe\u00e7as de l\u00e2mpada (unidades):LED<\/p>\n<p>M\u00e9todo de embalagem:Espuma+cart\u00e3o+cart\u00e3o de inser\u00e7\u00e3o<\/p>","protected":false},"featured_media":1749,"template":"","meta":[],"product_brand":[],"product_cat":[41],"product_tag":[],"class_list":{"0":"post-1748","1":"product","2":"type-product","3":"status-publish","4":"has-post-thumbnail","6":"product_cat-table-lamp-and-floor-lamp-1","8":"first","9":"instock","10":"shipping-taxable","11":"product-type-simple"},"_links":{"self":[{"href":"https:\/\/chandelier-yc.com\/pt\/wp-json\/wp\/v2\/product\/1748"}],"collection":[{"href":"https:\/\/chandelier-yc.com\/pt\/wp-json\/wp\/v2\/product"}],"about":[{"href":"https:\/\/chandelier-yc.com\/pt\/wp-json\/wp\/v2\/types\/product"}],"wp:featuredmedia":[{"embeddable":true,"href":"https:\/\/chandelier-yc.com\/pt\/wp-json\/wp\/v2\/media\/1749"}],"wp:attachment":[{"href":"https:\/\/chandelier-yc.com\/pt\/wp-json\/wp\/v2\/media?parent=1748"}],"wp:term":[{"taxonomy":"product_brand","embeddable":true,"href":"https:\/\/chandelier-yc.com\/pt\/wp-json\/wp\/v2\/product_brand?post=1748"},{"taxonomy":"product_cat","embeddable":true,"href":"https:\/\/chandelier-yc.com\/pt\/wp-json\/wp\/v2\/product_cat?post=1748"},{"taxonomy":"product_tag","embeddable":true,"href":"https:\/\/chandelier-yc.com\/pt\/wp-json\/wp\/v2\/product_tag?post=1748"}],"curies":[{"name":"wp","href":"https:\/\/api.w.org\/{rel}","templated":true}]}}