{"id":1750,"date":"2024-11-04T06:22:58","date_gmt":"2024-11-04T06:22:58","guid":{"rendered":"https:\/\/chandelier-yc.com\/?post_type=product&#038;p=1750"},"modified":"2024-11-04T06:22:58","modified_gmt":"2024-11-04T06:22:58","slug":"table-lamp-clear-glass-wl1107","status":"publish","type":"product","link":"https:\/\/chandelier-yc.com\/pt\/manufacturer\/table-lamp-clear-glass-wl1107\/","title":{"rendered":"Candeeiro de mesa em vidro transparente (WL1107)"},"content":{"rendered":"<p data-sourcepos=\"1:1-1:226\">Os candeeiros de mesa em vidro transparente s\u00e3o uma escolha popular para dar um toque de eleg\u00e2ncia e sofistica\u00e7\u00e3o a qualquer divis\u00e3o. Existem numa variedade de estilos, desde minimalistas a ornamentados, e podem ser utilizados para criar uma variedade de efeitos de ilumina\u00e7\u00e3o.<\/p>\n<h3 data-sourcepos=\"3:1-3:67\"><strong>Eis algumas das vantagens de utilizar o candeeiro de mesa em vidro transparente:<\/strong><\/h3>\n<ul data-sourcepos=\"5:1-9:0\">\n<li data-sourcepos=\"5:1-5:119\"><strong>Versatilidade:<\/strong> Os candeeiros de vidro transparente podem complementar uma vasta gama de estilos de design de interiores, do moderno ao tradicional.<\/li>\n<li data-sourcepos=\"6:1-6:128\"><strong>Difus\u00e3o da luz:<\/strong> O vidro transparente permite que a luz passe e se difunda uniformemente, criando uma atmosfera suave e convidativa.<\/li>\n<li data-sourcepos=\"7:1-7:139\"><strong>Interesse visual:<\/strong> A transpar\u00eancia do vidro pode acrescentar interesse visual a uma divis\u00e3o, especialmente quando combinada com uma base ou sombra \u00fanica.<\/li>\n<li data-sourcepos=\"8:1-9:0\"><strong>F\u00e1cil de limpar:<\/strong> O vidro transparente \u00e9 f\u00e1cil de limpar e manter.<\/li>\n<\/ul>\n<h3><strong>Aqui ficam algumas dicas para escolher o candeeiro de mesa de vidro transparente certo:<\/strong><\/h3>\n<ul data-sourcepos=\"12:1-16:0\">\n<li data-sourcepos=\"12:1-12:101\"><strong>Considere o estilo do seu quarto:<\/strong> Escolha um candeeiro que complemente o estilo geral da sua divis\u00e3o.<\/li>\n<li data-sourcepos=\"13:1-13:87\"><strong>Pense no tamanho do seu quarto:<\/strong> Pode ser necess\u00e1rio um candeeiro maior para uma divis\u00e3o maior.<\/li>\n<li data-sourcepos=\"14:1-14:105\"><strong>Decida o tipo de luz de que necessita:<\/strong> Pretende uma luz de leitura brilhante ou uma luz ambiente mais suave?<\/li>\n<li data-sourcepos=\"15:1-16:0\"><strong>Escolha a altura correta:<\/strong> A altura do candeeiro deve ser adequada \u00e0 divis\u00e3o e \u00e0 tarefa para a qual o pretende utilizar.<\/li>\n<\/ul>\n<h3 data-sourcepos=\"17:1-17:60\"><strong>Eis alguns estilos populares de candeeiros de mesa em vidro transparente:<\/strong><\/h3>\n<ul data-sourcepos=\"19:1-23:0\">\n<li data-sourcepos=\"19:1-19:91\"><strong>Minimalista:<\/strong> Estes candeeiros apresentam linhas simples e limpas e t\u00eam frequentemente uma base minimalista.<\/li>\n<li data-sourcepos=\"20:1-20:96\"><strong>Art Deco:<\/strong> Estes candeeiros s\u00e3o caracterizados pelas suas formas geom\u00e9tricas e materiais luxuosos.<\/li>\n<li data-sourcepos=\"21:1-21:73\"><strong>Tradicional:<\/strong> Estes candeeiros t\u00eam frequentemente bases ornamentadas e abajures em tecido.<\/li>\n<li data-sourcepos=\"22:1-23:0\"><strong>Moderno:<\/strong> Estes candeeiros apresentam um design elegante e contempor\u00e2neo e utilizam frequentemente ilumina\u00e7\u00e3o LED.<\/li>\n<\/ul>","protected":false},"excerpt":{"rendered":"<p>Tamanho do produto:\u03a61107MM*420MM<\/p>\n<p>Peso do produto (kg):149,5<\/p>\n<p>N\u00famero de cabe\u00e7as de l\u00e2mpada (unidades):LED<\/p>\n<p>M\u00e9todo de embalagem:Espuma+cart\u00e3o+cart\u00e3o de inser\u00e7\u00e3o<\/p>","protected":false},"featured_media":1751,"template":"","meta":[],"product_brand":[],"product_cat":[42],"product_tag":[],"class_list":{"0":"post-1750","1":"product","2":"type-product","3":"status-publish","4":"has-post-thumbnail","6":"product_cat-light-up-dinner-table-1","8":"first","9":"instock","10":"shipping-taxable","11":"product-type-simple"},"_links":{"self":[{"href":"https:\/\/chandelier-yc.com\/pt\/wp-json\/wp\/v2\/product\/1750"}],"collection":[{"href":"https:\/\/chandelier-yc.com\/pt\/wp-json\/wp\/v2\/product"}],"about":[{"href":"https:\/\/chandelier-yc.com\/pt\/wp-json\/wp\/v2\/types\/product"}],"wp:featuredmedia":[{"embeddable":true,"href":"https:\/\/chandelier-yc.com\/pt\/wp-json\/wp\/v2\/media\/1751"}],"wp:attachment":[{"href":"https:\/\/chandelier-yc.com\/pt\/wp-json\/wp\/v2\/media?parent=1750"}],"wp:term":[{"taxonomy":"product_brand","embeddable":true,"href":"https:\/\/chandelier-yc.com\/pt\/wp-json\/wp\/v2\/product_brand?post=1750"},{"taxonomy":"product_cat","embeddable":true,"href":"https:\/\/chandelier-yc.com\/pt\/wp-json\/wp\/v2\/product_cat?post=1750"},{"taxonomy":"product_tag","embeddable":true,"href":"https:\/\/chandelier-yc.com\/pt\/wp-json\/wp\/v2\/product_tag?post=1750"}],"curies":[{"name":"wp","href":"https:\/\/api.w.org\/{rel}","templated":true}]}}