{"id":1752,"date":"2024-11-04T06:31:37","date_gmt":"2024-11-04T06:31:37","guid":{"rendered":"https:\/\/chandelier-yc.com\/?post_type=product&#038;p=1752"},"modified":"2024-11-04T06:31:37","modified_gmt":"2024-11-04T06:31:37","slug":"round-accent-table-with-glass-top-x20118","status":"publish","type":"product","link":"https:\/\/chandelier-yc.com\/pt\/manufacturer\/round-accent-table-with-glass-top-x20118\/","title":{"rendered":"Mesa de centro redonda com tampo de vidro (X20118)"},"content":{"rendered":"<p data-sourcepos=\"1:1-1:183\">A mesa de centro redonda com tampo de vidro \u00e9 uma pe\u00e7a de mobili\u00e1rio vers\u00e1til e elegante que pode dar um toque de eleg\u00e2ncia a qualquer divis\u00e3o. Eis algumas das raz\u00f5es pelas quais s\u00e3o t\u00e3o populares:<\/p>\n<h3 data-sourcepos=\"3:1-3:52\"><strong>Vantagens de uma mesa de centro redonda com tampo de vidro:<\/strong><\/h3>\n<ul data-sourcepos=\"5:1-10:0\">\n<li data-sourcepos=\"5:1-5:139\"><strong>Apelo visual:<\/strong> O tampo de vidro elegante e transparente cria um aspeto moderno e minimalista que complementa v\u00e1rios estilos de design de interiores.<\/li>\n<li data-sourcepos=\"6:1-6:91\"><strong>Economia de espa\u00e7o:<\/strong> A forma redonda e o tamanho compacto facilitam a sua coloca\u00e7\u00e3o em espa\u00e7os pequenos.<\/li>\n<li data-sourcepos=\"7:1-7:87\"><strong>Versatilidade:<\/strong> Pode ser utilizada como mesa de apoio, mesa de caf\u00e9 ou mesmo como suporte para plantas.<\/li>\n<li data-sourcepos=\"8:1-8:107\"><strong>F\u00e1cil de limpar:<\/strong> O tampo de vidro \u00e9 f\u00e1cil de limpar, o que o torna uma escolha pr\u00e1tica para fam\u00edlias ocupadas.<\/li>\n<li data-sourcepos=\"9:1-10:0\"><strong>Leve e arejado:<\/strong> O tampo de vidro permite a passagem de luz, tornando a divis\u00e3o mais espa\u00e7osa e aberta.<\/li>\n<\/ul>\n<h3 data-sourcepos=\"11:1-11:58\"><strong>Estilos populares de Mesa de acento redonda com tampo de vidro:<\/strong><\/h3>\n<ul data-sourcepos=\"13:1-16:0\">\n<li data-sourcepos=\"13:1-13:88\"><strong>Moderno:<\/strong> Linhas elegantes, designs minimalistas e muitas vezes com bases de metal ou vidro.<\/li>\n<li data-sourcepos=\"14:1-14:92\"><strong>Industrial:<\/strong> Materiais crus como o metal e a madeira, com l\u00e2mpadas expostas ou candeeiros tipo gaiola.<\/li>\n<li data-sourcepos=\"15:1-16:0\"><strong>Art Deco:<\/strong> Formas geom\u00e9tricas e materiais luxuosos como o m\u00e1rmore ou o lat\u00e3o.<\/li>\n<\/ul>\n<h3 data-sourcepos=\"17:1-17:38\"><strong>Dicas para escolher a mesa certa:<\/strong><\/h3>\n<ul data-sourcepos=\"19:1-23:0\">\n<li data-sourcepos=\"19:1-19:78\"><strong>Considerar o tamanho:<\/strong> Escolha uma mesa que seja proporcional ao tamanho da divis\u00e3o.<\/li>\n<li data-sourcepos=\"20:1-20:81\"><strong>Pense no estilo:<\/strong> Selecione uma mesa que complemente a sua decora\u00e7\u00e3o atual.<\/li>\n<li data-sourcepos=\"21:1-21:96\"><strong>Verificar a espessura do vidro:<\/strong> Um tampo de vidro mais espesso \u00e9 mais dur\u00e1vel e menos suscet\u00edvel de se partir.<\/li>\n<li data-sourcepos=\"22:1-23:0\"><strong>Procurar carater\u00edsticas de seguran\u00e7a:<\/strong> Algumas mesas t\u00eam cantos arredondados para evitar ferimentos.\n<p data-sourcepos=\"24:1-24:125\">\n<\/li>\n<\/ul>","protected":false},"excerpt":{"rendered":"<p>Product size:L2400MM*W1000MM*H780MM<\/p>\n<p>Peso do produto (kg):324,99<\/p>\n<p>N\u00famero de cabe\u00e7as de l\u00e2mpada (unidades):22<\/p>\n<p>M\u00e9todo de embalagem:Espuma+cart\u00e3o+cart\u00e3o de inser\u00e7\u00e3o<\/p>","protected":false},"featured_media":1753,"template":"","meta":[],"product_brand":[],"product_cat":[42],"product_tag":[],"class_list":{"0":"post-1752","1":"product","2":"type-product","3":"status-publish","4":"has-post-thumbnail","6":"product_cat-light-up-dinner-table-1","8":"first","9":"instock","10":"shipping-taxable","11":"product-type-simple"},"_links":{"self":[{"href":"https:\/\/chandelier-yc.com\/pt\/wp-json\/wp\/v2\/product\/1752"}],"collection":[{"href":"https:\/\/chandelier-yc.com\/pt\/wp-json\/wp\/v2\/product"}],"about":[{"href":"https:\/\/chandelier-yc.com\/pt\/wp-json\/wp\/v2\/types\/product"}],"wp:featuredmedia":[{"embeddable":true,"href":"https:\/\/chandelier-yc.com\/pt\/wp-json\/wp\/v2\/media\/1753"}],"wp:attachment":[{"href":"https:\/\/chandelier-yc.com\/pt\/wp-json\/wp\/v2\/media?parent=1752"}],"wp:term":[{"taxonomy":"product_brand","embeddable":true,"href":"https:\/\/chandelier-yc.com\/pt\/wp-json\/wp\/v2\/product_brand?post=1752"},{"taxonomy":"product_cat","embeddable":true,"href":"https:\/\/chandelier-yc.com\/pt\/wp-json\/wp\/v2\/product_cat?post=1752"},{"taxonomy":"product_tag","embeddable":true,"href":"https:\/\/chandelier-yc.com\/pt\/wp-json\/wp\/v2\/product_tag?post=1752"}],"curies":[{"name":"wp","href":"https:\/\/api.w.org\/{rel}","templated":true}]}}